{"id":6135,"date":"2025-04-29T01:36:58","date_gmt":"2025-04-29T01:36:58","guid":{"rendered":"https:\/\/www.wzouzhuo.com\/?post_type=product&#038;p=6135"},"modified":"2025-04-29T01:36:58","modified_gmt":"2025-04-29T01:36:58","slug":"oz-6030-retro-static-pvc","status":"publish","type":"product","link":"https:\/\/www.wzouzhuo.com\/pt\/product\/oz-6030-retro-static-pvc\/","title":{"rendered":"OZ-6030 Retro Static PVC"},"content":{"rendered":"<p>O material OZ-6030 \u00e9 fabricado por meio de espuma de PVC de dupla face em um tecido n\u00e3o tecido. Em seguida, rolos de grava\u00e7\u00e3o s\u00e3o usados em ambos os lados para criar texturas de base, que s\u00e3o ent\u00e3o sobrepostas com cores impressas. O efeito de superf\u00edcie resultante lembra a est\u00e1tica ca\u00f3tica e hipnotizante vista em telas de televis\u00e3o antigas, com padr\u00f5es intrincados e entrela\u00e7ados que chamam a aten\u00e7\u00e3o.<\/p>\n<p>Aproveitando sua apar\u00eancia distinta e cativante, esse produto foi amplamente utilizado em filmes de fic\u00e7\u00e3o cient\u00edfica, servindo como um componente-chave na cria\u00e7\u00e3o de cen\u00e1rios com uma atmosfera misteriosa e de outro mundo.<\/p>","protected":false},"excerpt":{"rendered":"<p>Espessura: 1,80MM<\/p>\n<p>Largura: 1,37M<\/p>\n<p>SUPORTE: DUPLA FACE<\/p>\n<p>APLICA\u00c7\u00c3O: JOGO DE MESA<\/p>\n<p>OZ-6030: Espuma de PVC dupla face gravada com padr\u00f5es est\u00e1ticos de TV retr\u00f4 + sobreposi\u00e7\u00f5es vibrantes. Usada em filmes de fic\u00e7\u00e3o cient\u00edfica para ambientes futuristas e atraentes.<\/p>","protected":false},"featured_media":6138,"template":"","meta":{"site-sidebar-layout":"default","site-content-layout":"","ast-site-content-layout":"default","site-content-style":"default","site-sidebar-style":"default","ast-global-header-display":"","ast-banner-title-visibility":"","ast-main-header-display":"","ast-hfb-above-header-display":"","ast-hfb-below-header-display":"","ast-hfb-mobile-header-display":"","site-post-title":"","ast-breadcrumbs-content":"","ast-featured-img":"","footer-sml-layout":"","theme-transparent-header-meta":"default","adv-header-id-meta":"","stick-header-meta":"default","header-above-stick-meta":"","header-main-stick-meta":"","header-below-stick-meta":"","astra-migrate-meta-layouts":"set","ast-page-background-enabled":"default","ast-page-background-meta":{"desktop":{"background-color":"","background-image":"","background-repeat":"repeat","background-position":"center center","background-size":"auto","background-attachment":"scroll","background-type":"","background-media":"","overlay-type":"","overlay-color":"","overlay-opacity":"","overlay-gradient":""},"tablet":{"background-color":"","background-image":"","background-repeat":"repeat","background-position":"center center","background-size":"auto","background-attachment":"scroll","background-type":"","background-media":"","overlay-type":"","overlay-color":"","overlay-opacity":"","overlay-gradient":""},"mobile":{"background-color":"","background-image":"","background-repeat":"repeat","background-position":"center center","background-size":"auto","background-attachment":"scroll","background-type":"","background-media":"","overlay-type":"","overlay-color":"","overlay-opacity":"","overlay-gradient":""}},"ast-content-background-meta":{"desktop":{"background-color":"var(--ast-global-color-5)","background-image":"","background-repeat":"repeat","background-position":"center center","background-size":"auto","background-attachment":"scroll","background-type":"","background-media":"","overlay-type":"","overlay-color":"","overlay-opacity":"","overlay-gradient":""},"tablet":{"background-color":"var(--ast-global-color-5)","background-image":"","background-repeat":"repeat","background-position":"center center","background-size":"auto","background-attachment":"scroll","background-type":"","background-media":"","overlay-type":"","overlay-color":"","overlay-opacity":"","overlay-gradient":""},"mobile":{"background-color":"var(--ast-global-color-5)","background-image":"","background-repeat":"repeat","background-position":"center center","background-size":"auto","background-attachment":"scroll","background-type":"","background-media":"","overlay-type":"","overlay-color":"","overlay-opacity":"","overlay-gradient":""}}},"product_brand":[],"product_cat":[22,71],"product_tag":[],"class_list":{"0":"post-6135","1":"product","2":"type-product","3":"status-publish","4":"has-post-thumbnail","6":"product_cat-synthetic-leather","7":"product_cat-placemat","8":"desktop-align-center","9":"tablet-align-center","10":"mobile-align-center","11":"ast-product-gallery-layout-vertical-slider","12":"ast-magnify-disabled","13":"ast-product-tabs-layout-horizontal","15":"first","16":"instock","17":"shipping-taxable","18":"product-type-simple"},"_links":{"self":[{"href":"https:\/\/www.wzouzhuo.com\/pt\/wp-json\/wp\/v2\/product\/6135","targetHints":{"allow":["GET"]}}],"collection":[{"href":"https:\/\/www.wzouzhuo.com\/pt\/wp-json\/wp\/v2\/product"}],"about":[{"href":"https:\/\/www.wzouzhuo.com\/pt\/wp-json\/wp\/v2\/types\/product"}],"version-history":[{"count":1,"href":"https:\/\/www.wzouzhuo.com\/pt\/wp-json\/wp\/v2\/product\/6135\/revisions"}],"predecessor-version":[{"id":6140,"href":"https:\/\/www.wzouzhuo.com\/pt\/wp-json\/wp\/v2\/product\/6135\/revisions\/6140"}],"wp:featuredmedia":[{"embeddable":true,"href":"https:\/\/www.wzouzhuo.com\/pt\/wp-json\/wp\/v2\/media\/6138"}],"wp:attachment":[{"href":"https:\/\/www.wzouzhuo.com\/pt\/wp-json\/wp\/v2\/media?parent=6135"}],"wp:term":[{"taxonomy":"product_brand","embeddable":true,"href":"https:\/\/www.wzouzhuo.com\/pt\/wp-json\/wp\/v2\/product_brand?post=6135"},{"taxonomy":"product_cat","embeddable":true,"href":"https:\/\/www.wzouzhuo.com\/pt\/wp-json\/wp\/v2\/product_cat?post=6135"},{"taxonomy":"product_tag","embeddable":true,"href":"https:\/\/www.wzouzhuo.com\/pt\/wp-json\/wp\/v2\/product_tag?post=6135"}],"curies":[{"name":"wp","href":"https:\/\/api.w.org\/{rel}","templated":true}]}}