{"id":6130,"date":"2025-04-29T01:29:25","date_gmt":"2025-04-29T01:29:25","guid":{"rendered":"https:\/\/www.wzouzhuo.com\/?post_type=product&#038;p=6130"},"modified":"2025-04-29T01:29:25","modified_gmt":"2025-04-29T01:29:25","slug":"oz-6029-stone-sheepskin-pvc","status":"publish","type":"product","link":"https:\/\/www.wzouzhuo.com\/pt\/product\/oz-6029-stone-sheepskin-pvc\/","title":{"rendered":"OZ-6029 PVC com pele de carneiro"},"content":{"rendered":"<p>O material OZ-6029 \u00e9 fabricado por meio de espuma de PVC de dupla face em tecido n\u00e3o tecido. Em seguida, s\u00e3o utilizados rolos de grava\u00e7\u00e3o para criar efeitos de superf\u00edcie distintos. Um lado imita um caminho pavimentado com pedras, apresentando uma s\u00e9rie de pedras de v\u00e1rios tamanhos, enquanto o outro lado exibe a sempre popular textura de pele de carneiro fina. A justaposi\u00e7\u00e3o do intrincado e do simplista cria um contraste impressionante, acrescentando um apelo visual exclusivo ao material.<\/p>\n<p>Gra\u00e7as ao seu contraste impressionante, esse material se tornou um dos favoritos entre os designers. Seu design de padr\u00e3o inovador o catapultou para se tornar um grande sucesso no mercado, cativando os consumidores com sua est\u00e9tica exclusiva.<\/p>","protected":false},"excerpt":{"rendered":"<p>Espessura: 1,90MM<\/p>\n<p>Largura: 1,37M<\/p>\n<p>SUPORTE: DUPLA FACE<\/p>\n<p>APLICA\u00c7\u00c3O: JOGO DE MESA<\/p>\n<p>OZ-6029: espuma de PVC dupla face com textura de pedra em relevo e acabamento elegante em pele de carneiro. O design de contraste arrojado eleva os interiores, preferido pelos designers por seu apelo vers\u00e1til e atraente.<\/p>","protected":false},"featured_media":6133,"template":"","meta":{"site-sidebar-layout":"default","site-content-layout":"","ast-site-content-layout":"default","site-content-style":"default","site-sidebar-style":"default","ast-global-header-display":"","ast-banner-title-visibility":"","ast-main-header-display":"","ast-hfb-above-header-display":"","ast-hfb-below-header-display":"","ast-hfb-mobile-header-display":"","site-post-title":"","ast-breadcrumbs-content":"","ast-featured-img":"","footer-sml-layout":"","theme-transparent-header-meta":"default","adv-header-id-meta":"","stick-header-meta":"default","header-above-stick-meta":"","header-main-stick-meta":"","header-below-stick-meta":"","astra-migrate-meta-layouts":"set","ast-page-background-enabled":"default","ast-page-background-meta":{"desktop":{"background-color":"","background-image":"","background-repeat":"repeat","background-position":"center center","background-size":"auto","background-attachment":"scroll","background-type":"","background-media":"","overlay-type":"","overlay-color":"","overlay-opacity":"","overlay-gradient":""},"tablet":{"background-color":"","background-image":"","background-repeat":"repeat","background-position":"center center","background-size":"auto","background-attachment":"scroll","background-type":"","background-media":"","overlay-type":"","overlay-color":"","overlay-opacity":"","overlay-gradient":""},"mobile":{"background-color":"","background-image":"","background-repeat":"repeat","background-position":"center center","background-size":"auto","background-attachment":"scroll","background-type":"","background-media":"","overlay-type":"","overlay-color":"","overlay-opacity":"","overlay-gradient":""}},"ast-content-background-meta":{"desktop":{"background-color":"var(--ast-global-color-5)","background-image":"","background-repeat":"repeat","background-position":"center center","background-size":"auto","background-attachment":"scroll","background-type":"","background-media":"","overlay-type":"","overlay-color":"","overlay-opacity":"","overlay-gradient":""},"tablet":{"background-color":"var(--ast-global-color-5)","background-image":"","background-repeat":"repeat","background-position":"center center","background-size":"auto","background-attachment":"scroll","background-type":"","background-media":"","overlay-type":"","overlay-color":"","overlay-opacity":"","overlay-gradient":""},"mobile":{"background-color":"var(--ast-global-color-5)","background-image":"","background-repeat":"repeat","background-position":"center center","background-size":"auto","background-attachment":"scroll","background-type":"","background-media":"","overlay-type":"","overlay-color":"","overlay-opacity":"","overlay-gradient":""}}},"product_brand":[],"product_cat":[22,71],"product_tag":[],"class_list":{"0":"post-6130","1":"product","2":"type-product","3":"status-publish","4":"has-post-thumbnail","6":"product_cat-synthetic-leather","7":"product_cat-placemat","8":"desktop-align-center","9":"tablet-align-center","10":"mobile-align-center","11":"ast-product-gallery-layout-vertical-slider","12":"ast-magnify-disabled","13":"ast-product-tabs-layout-horizontal","15":"first","16":"instock","17":"shipping-taxable","18":"product-type-simple"},"_links":{"self":[{"href":"https:\/\/www.wzouzhuo.com\/pt\/wp-json\/wp\/v2\/product\/6130","targetHints":{"allow":["GET"]}}],"collection":[{"href":"https:\/\/www.wzouzhuo.com\/pt\/wp-json\/wp\/v2\/product"}],"about":[{"href":"https:\/\/www.wzouzhuo.com\/pt\/wp-json\/wp\/v2\/types\/product"}],"version-history":[{"count":1,"href":"https:\/\/www.wzouzhuo.com\/pt\/wp-json\/wp\/v2\/product\/6130\/revisions"}],"predecessor-version":[{"id":6134,"href":"https:\/\/www.wzouzhuo.com\/pt\/wp-json\/wp\/v2\/product\/6130\/revisions\/6134"}],"wp:featuredmedia":[{"embeddable":true,"href":"https:\/\/www.wzouzhuo.com\/pt\/wp-json\/wp\/v2\/media\/6133"}],"wp:attachment":[{"href":"https:\/\/www.wzouzhuo.com\/pt\/wp-json\/wp\/v2\/media?parent=6130"}],"wp:term":[{"taxonomy":"product_brand","embeddable":true,"href":"https:\/\/www.wzouzhuo.com\/pt\/wp-json\/wp\/v2\/product_brand?post=6130"},{"taxonomy":"product_cat","embeddable":true,"href":"https:\/\/www.wzouzhuo.com\/pt\/wp-json\/wp\/v2\/product_cat?post=6130"},{"taxonomy":"product_tag","embeddable":true,"href":"https:\/\/www.wzouzhuo.com\/pt\/wp-json\/wp\/v2\/product_tag?post=6130"}],"curies":[{"name":"wp","href":"https:\/\/api.w.org\/{rel}","templated":true}]}}