{"id":5971,"date":"2025-04-28T01:24:05","date_gmt":"2025-04-28T01:24:05","guid":{"rendered":"https:\/\/www.wzouzhuo.com\/?post_type=product&#038;p=5971"},"modified":"2025-04-28T01:24:06","modified_gmt":"2025-04-28T01:24:06","slug":"oz-6022-grid-leather","status":"publish","type":"product","link":"https:\/\/www.wzouzhuo.com\/pt\/product\/oz-6022-couro-de-grade\/","title":{"rendered":"OZ-6022 Grade-Couro PVC"},"content":{"rendered":"<p>O material OZ-6022 \u00e9 produzido por meio de espuma de PVC de dupla face em um tecido n\u00e3o tecido. Em seguida, rolos de grava\u00e7\u00e3o s\u00e3o empregados para criar um padr\u00e3o de grade em ambos os lados, imitando uma textura de tecido. Em seguida, o material passa por um processo de impress\u00e3o, que confere ao produto um luxuoso acabamento semelhante ao couro e aprimora seu apelo t\u00e1til geral.<\/p>\n<p>Fabricado em PVC, esse material apresenta durabilidade excepcional, resist\u00eancia \u00e0 hidr\u00f3lise e resili\u00eancia contra fotoenvelhecimento. Sua facilidade de manuten\u00e7\u00e3o tamb\u00e9m \u00e9 um recurso de destaque, oferecendo vantagens que os produtos de tecido tradicionais simplesmente n\u00e3o conseguem igualar.<\/p>","protected":false},"excerpt":{"rendered":"<p>Espessura: 2,10MM<\/p>\n<p>Largura: 1,37M<\/p>\n<p>SUPORTE: DUPLA FACE<\/p>\n<p>APLICA\u00c7\u00c3O: JOGO DE MESA<\/p>\n<p>O OZ-6022 combina espuma de PVC dupla face em tecido n\u00e3o tecido com texturas de grade em relevo e um acabamento luxuoso semelhante ao couro. Dur\u00e1vel, resistente \u00e0 hidr\u00f3lise\/fotoenvelhecimento e f\u00e1cil de limpar, superando os materiais de tecido tradicionais.<\/p>","protected":false},"featured_media":5972,"template":"","meta":{"site-sidebar-layout":"default","site-content-layout":"","ast-site-content-layout":"default","site-content-style":"default","site-sidebar-style":"default","ast-global-header-display":"","ast-banner-title-visibility":"","ast-main-header-display":"","ast-hfb-above-header-display":"","ast-hfb-below-header-display":"","ast-hfb-mobile-header-display":"","site-post-title":"","ast-breadcrumbs-content":"","ast-featured-img":"","footer-sml-layout":"","theme-transparent-header-meta":"default","adv-header-id-meta":"","stick-header-meta":"default","header-above-stick-meta":"","header-main-stick-meta":"","header-below-stick-meta":"","astra-migrate-meta-layouts":"set","ast-page-background-enabled":"default","ast-page-background-meta":{"desktop":{"background-color":"","background-image":"","background-repeat":"repeat","background-position":"center center","background-size":"auto","background-attachment":"scroll","background-type":"","background-media":"","overlay-type":"","overlay-color":"","overlay-opacity":"","overlay-gradient":""},"tablet":{"background-color":"","background-image":"","background-repeat":"repeat","background-position":"center center","background-size":"auto","background-attachment":"scroll","background-type":"","background-media":"","overlay-type":"","overlay-color":"","overlay-opacity":"","overlay-gradient":""},"mobile":{"background-color":"","background-image":"","background-repeat":"repeat","background-position":"center center","background-size":"auto","background-attachment":"scroll","background-type":"","background-media":"","overlay-type":"","overlay-color":"","overlay-opacity":"","overlay-gradient":""}},"ast-content-background-meta":{"desktop":{"background-color":"var(--ast-global-color-5)","background-image":"","background-repeat":"repeat","background-position":"center center","background-size":"auto","background-attachment":"scroll","background-type":"","background-media":"","overlay-type":"","overlay-color":"","overlay-opacity":"","overlay-gradient":""},"tablet":{"background-color":"var(--ast-global-color-5)","background-image":"","background-repeat":"repeat","background-position":"center center","background-size":"auto","background-attachment":"scroll","background-type":"","background-media":"","overlay-type":"","overlay-color":"","overlay-opacity":"","overlay-gradient":""},"mobile":{"background-color":"var(--ast-global-color-5)","background-image":"","background-repeat":"repeat","background-position":"center center","background-size":"auto","background-attachment":"scroll","background-type":"","background-media":"","overlay-type":"","overlay-color":"","overlay-opacity":"","overlay-gradient":""}}},"product_brand":[],"product_cat":[22,71],"product_tag":[],"class_list":{"0":"post-5971","1":"product","2":"type-product","3":"status-publish","4":"has-post-thumbnail","6":"product_cat-synthetic-leather","7":"product_cat-placemat","8":"desktop-align-center","9":"tablet-align-center","10":"mobile-align-center","11":"ast-product-gallery-layout-vertical-slider","12":"ast-magnify-disabled","13":"ast-product-tabs-layout-horizontal","15":"first","16":"instock","17":"shipping-taxable","18":"product-type-simple"},"_links":{"self":[{"href":"https:\/\/www.wzouzhuo.com\/pt\/wp-json\/wp\/v2\/product\/5971","targetHints":{"allow":["GET"]}}],"collection":[{"href":"https:\/\/www.wzouzhuo.com\/pt\/wp-json\/wp\/v2\/product"}],"about":[{"href":"https:\/\/www.wzouzhuo.com\/pt\/wp-json\/wp\/v2\/types\/product"}],"version-history":[{"count":1,"href":"https:\/\/www.wzouzhuo.com\/pt\/wp-json\/wp\/v2\/product\/5971\/revisions"}],"predecessor-version":[{"id":5975,"href":"https:\/\/www.wzouzhuo.com\/pt\/wp-json\/wp\/v2\/product\/5971\/revisions\/5975"}],"wp:featuredmedia":[{"embeddable":true,"href":"https:\/\/www.wzouzhuo.com\/pt\/wp-json\/wp\/v2\/media\/5972"}],"wp:attachment":[{"href":"https:\/\/www.wzouzhuo.com\/pt\/wp-json\/wp\/v2\/media?parent=5971"}],"wp:term":[{"taxonomy":"product_brand","embeddable":true,"href":"https:\/\/www.wzouzhuo.com\/pt\/wp-json\/wp\/v2\/product_brand?post=5971"},{"taxonomy":"product_cat","embeddable":true,"href":"https:\/\/www.wzouzhuo.com\/pt\/wp-json\/wp\/v2\/product_cat?post=5971"},{"taxonomy":"product_tag","embeddable":true,"href":"https:\/\/www.wzouzhuo.com\/pt\/wp-json\/wp\/v2\/product_tag?post=5971"}],"curies":[{"name":"wp","href":"https:\/\/api.w.org\/{rel}","templated":true}]}}