{"id":5966,"date":"2025-04-28T01:21:14","date_gmt":"2025-04-28T01:21:14","guid":{"rendered":"https:\/\/www.wzouzhuo.com\/?post_type=product&#038;p=5966"},"modified":"2025-04-28T01:21:14","modified_gmt":"2025-04-28T01:21:14","slug":"oz-6021-denim-calf-pvc","status":"publish","type":"product","link":"https:\/\/www.wzouzhuo.com\/pt\/product\/oz-6021-denim-calf-pvc\/","title":{"rendered":"OZ-6021 PVC em jeans e panturrilha"},"content":{"rendered":"<p>O material OZ-6021 \u00e9 fabricado com espuma de PVC de dupla face em um tecido n\u00e3o tecido. Em seguida, um rolo de grava\u00e7\u00e3o \u00e9 utilizado para criar padr\u00f5es triangulares em um lado, imitando a textura do jeans. Esse design exala um charme retr\u00f4, por\u00e9m moderno. No lado oposto, a atemporal estampa de bezerro \u00e9 gravada em relevo. O OZ-6021 combina perfeitamente elementos cl\u00e1ssicos e de moda, resultando em um produto que agrada a uma ampla gama de gostos.<\/p>\n<p>Esse produto ganhou imensa popularidade entre os designers, servindo como uma rica fonte de inspira\u00e7\u00e3o para seus esfor\u00e7os criativos. Ele permitiu que eles criassem uma s\u00e9rie de jogos americanos com formatos exclusivos, cada um deles uma prova de sua engenhosidade. Os produtos finais foram amplamente aclamados pelos usu\u00e1rios, solidificando o status desse material como favorito nas comunidades de design e de consumidores.<\/p>","protected":false},"excerpt":{"rendered":"<p>Espessura: 1,80MM<\/p>\n<p>Largura: 1,37M<\/p>\n<p>SUPORTE: DUPLA FACE<\/p>\n<p>APLICA\u00c7\u00c3O: JOGO DE MESA<\/p>\n<p>OZ-6021 apresenta espuma de PVC com textura dupla em tecido n\u00e3o tecido: padr\u00f5es de jeans retr\u00f4 de um lado e estampa de bezerro atemporal do outro. Um dos favoritos dos designers para a cria\u00e7\u00e3o de jogos americanos exclusivos e aclamados que combinam estilos retr\u00f4 e cl\u00e1ssico.<\/p>","protected":false},"featured_media":5967,"template":"","meta":{"site-sidebar-layout":"default","site-content-layout":"","ast-site-content-layout":"default","site-content-style":"default","site-sidebar-style":"default","ast-global-header-display":"","ast-banner-title-visibility":"","ast-main-header-display":"","ast-hfb-above-header-display":"","ast-hfb-below-header-display":"","ast-hfb-mobile-header-display":"","site-post-title":"","ast-breadcrumbs-content":"","ast-featured-img":"","footer-sml-layout":"","theme-transparent-header-meta":"default","adv-header-id-meta":"","stick-header-meta":"default","header-above-stick-meta":"","header-main-stick-meta":"","header-below-stick-meta":"","astra-migrate-meta-layouts":"set","ast-page-background-enabled":"default","ast-page-background-meta":{"desktop":{"background-color":"","background-image":"","background-repeat":"repeat","background-position":"center center","background-size":"auto","background-attachment":"scroll","background-type":"","background-media":"","overlay-type":"","overlay-color":"","overlay-opacity":"","overlay-gradient":""},"tablet":{"background-color":"","background-image":"","background-repeat":"repeat","background-position":"center center","background-size":"auto","background-attachment":"scroll","background-type":"","background-media":"","overlay-type":"","overlay-color":"","overlay-opacity":"","overlay-gradient":""},"mobile":{"background-color":"","background-image":"","background-repeat":"repeat","background-position":"center center","background-size":"auto","background-attachment":"scroll","background-type":"","background-media":"","overlay-type":"","overlay-color":"","overlay-opacity":"","overlay-gradient":""}},"ast-content-background-meta":{"desktop":{"background-color":"var(--ast-global-color-5)","background-image":"","background-repeat":"repeat","background-position":"center center","background-size":"auto","background-attachment":"scroll","background-type":"","background-media":"","overlay-type":"","overlay-color":"","overlay-opacity":"","overlay-gradient":""},"tablet":{"background-color":"var(--ast-global-color-5)","background-image":"","background-repeat":"repeat","background-position":"center center","background-size":"auto","background-attachment":"scroll","background-type":"","background-media":"","overlay-type":"","overlay-color":"","overlay-opacity":"","overlay-gradient":""},"mobile":{"background-color":"var(--ast-global-color-5)","background-image":"","background-repeat":"repeat","background-position":"center center","background-size":"auto","background-attachment":"scroll","background-type":"","background-media":"","overlay-type":"","overlay-color":"","overlay-opacity":"","overlay-gradient":""}}},"product_brand":[],"product_cat":[22,71],"product_tag":[],"class_list":{"0":"post-5966","1":"product","2":"type-product","3":"status-publish","4":"has-post-thumbnail","6":"product_cat-synthetic-leather","7":"product_cat-placemat","8":"desktop-align-center","9":"tablet-align-center","10":"mobile-align-center","11":"ast-product-gallery-layout-vertical-slider","12":"ast-magnify-disabled","13":"ast-product-tabs-layout-horizontal","15":"first","16":"instock","17":"shipping-taxable","18":"product-type-simple"},"_links":{"self":[{"href":"https:\/\/www.wzouzhuo.com\/pt\/wp-json\/wp\/v2\/product\/5966","targetHints":{"allow":["GET"]}}],"collection":[{"href":"https:\/\/www.wzouzhuo.com\/pt\/wp-json\/wp\/v2\/product"}],"about":[{"href":"https:\/\/www.wzouzhuo.com\/pt\/wp-json\/wp\/v2\/types\/product"}],"version-history":[{"count":1,"href":"https:\/\/www.wzouzhuo.com\/pt\/wp-json\/wp\/v2\/product\/5966\/revisions"}],"predecessor-version":[{"id":5970,"href":"https:\/\/www.wzouzhuo.com\/pt\/wp-json\/wp\/v2\/product\/5966\/revisions\/5970"}],"wp:featuredmedia":[{"embeddable":true,"href":"https:\/\/www.wzouzhuo.com\/pt\/wp-json\/wp\/v2\/media\/5967"}],"wp:attachment":[{"href":"https:\/\/www.wzouzhuo.com\/pt\/wp-json\/wp\/v2\/media?parent=5966"}],"wp:term":[{"taxonomy":"product_brand","embeddable":true,"href":"https:\/\/www.wzouzhuo.com\/pt\/wp-json\/wp\/v2\/product_brand?post=5966"},{"taxonomy":"product_cat","embeddable":true,"href":"https:\/\/www.wzouzhuo.com\/pt\/wp-json\/wp\/v2\/product_cat?post=5966"},{"taxonomy":"product_tag","embeddable":true,"href":"https:\/\/www.wzouzhuo.com\/pt\/wp-json\/wp\/v2\/product_tag?post=5966"}],"curies":[{"name":"wp","href":"https:\/\/api.w.org\/{rel}","templated":true}]}}