{"id":5961,"date":"2025-04-28T01:17:31","date_gmt":"2025-04-28T01:17:31","guid":{"rendered":"https:\/\/www.wzouzhuo.com\/?post_type=product&#038;p=5961"},"modified":"2025-04-28T01:17:31","modified_gmt":"2025-04-28T01:17:31","slug":"oz-6020-dual-textured-pvc-material","status":"publish","type":"product","link":"https:\/\/www.wzouzhuo.com\/pt\/product\/oz-6020-material-de-pvc-com-textura-dupla\/","title":{"rendered":"Material de PVC com textura dupla OZ-6020"},"content":{"rendered":"<p>O material OZ-6020 \u00e9 feito com espuma de PVC em ambos os lados do tecido n\u00e3o tecido. Em seguida, um rolo de relevo \u00e9 usado para criar uma textura \u00e1spera em um lado e uma textura fina no outro, apresentando ao usu\u00e1rio dois estilos completamente diferentes. Em seguida, ele \u00e9 impresso na superf\u00edcie, enriquecendo a disposi\u00e7\u00e3o do produto em camadas.<\/p>\n<p>Gra\u00e7as aos seus efeitos de superf\u00edcie dupla, esse produto se tornou um dos favoritos entre os usu\u00e1rios dom\u00e9sticos. Cada pessoa pode escolher o lado a ser usado com base em seu estilo e h\u00e1bitos pessoais, o que permite uma experi\u00eancia personalizada.<\/p>","protected":false},"excerpt":{"rendered":"<p>Espessura: 1,80MM<\/p>\n<p>Largura: 1,37M<\/p>\n<p>SUPORTE: DUPLA FACE<\/p>\n<p>APLICA\u00c7\u00c3O: JOGO DE MESA<\/p>\n<p>O OZ-6020 combina espuma de PVC em tecido n\u00e3o tecido com duas superf\u00edcies: uma \u00e1spera e outra lisa. Personalize seu estilo escolhendo um dos lados texturizados, aprimorado pela impress\u00e3o de superf\u00edcie em camadas. Um favorito da casa para uma decora\u00e7\u00e3o vers\u00e1til e personalizada.<\/p>","protected":false},"featured_media":5962,"template":"","meta":{"site-sidebar-layout":"default","site-content-layout":"","ast-site-content-layout":"default","site-content-style":"default","site-sidebar-style":"default","ast-global-header-display":"","ast-banner-title-visibility":"","ast-main-header-display":"","ast-hfb-above-header-display":"","ast-hfb-below-header-display":"","ast-hfb-mobile-header-display":"","site-post-title":"","ast-breadcrumbs-content":"","ast-featured-img":"","footer-sml-layout":"","theme-transparent-header-meta":"default","adv-header-id-meta":"","stick-header-meta":"default","header-above-stick-meta":"","header-main-stick-meta":"","header-below-stick-meta":"","astra-migrate-meta-layouts":"set","ast-page-background-enabled":"default","ast-page-background-meta":{"desktop":{"background-color":"","background-image":"","background-repeat":"repeat","background-position":"center center","background-size":"auto","background-attachment":"scroll","background-type":"","background-media":"","overlay-type":"","overlay-color":"","overlay-opacity":"","overlay-gradient":""},"tablet":{"background-color":"","background-image":"","background-repeat":"repeat","background-position":"center center","background-size":"auto","background-attachment":"scroll","background-type":"","background-media":"","overlay-type":"","overlay-color":"","overlay-opacity":"","overlay-gradient":""},"mobile":{"background-color":"","background-image":"","background-repeat":"repeat","background-position":"center center","background-size":"auto","background-attachment":"scroll","background-type":"","background-media":"","overlay-type":"","overlay-color":"","overlay-opacity":"","overlay-gradient":""}},"ast-content-background-meta":{"desktop":{"background-color":"var(--ast-global-color-5)","background-image":"","background-repeat":"repeat","background-position":"center center","background-size":"auto","background-attachment":"scroll","background-type":"","background-media":"","overlay-type":"","overlay-color":"","overlay-opacity":"","overlay-gradient":""},"tablet":{"background-color":"var(--ast-global-color-5)","background-image":"","background-repeat":"repeat","background-position":"center center","background-size":"auto","background-attachment":"scroll","background-type":"","background-media":"","overlay-type":"","overlay-color":"","overlay-opacity":"","overlay-gradient":""},"mobile":{"background-color":"var(--ast-global-color-5)","background-image":"","background-repeat":"repeat","background-position":"center center","background-size":"auto","background-attachment":"scroll","background-type":"","background-media":"","overlay-type":"","overlay-color":"","overlay-opacity":"","overlay-gradient":""}}},"product_brand":[],"product_cat":[22,71],"product_tag":[],"class_list":{"0":"post-5961","1":"product","2":"type-product","3":"status-publish","4":"has-post-thumbnail","6":"product_cat-synthetic-leather","7":"product_cat-placemat","8":"desktop-align-center","9":"tablet-align-center","10":"mobile-align-center","11":"ast-product-gallery-layout-vertical-slider","12":"ast-magnify-disabled","13":"ast-product-tabs-layout-horizontal","15":"first","16":"instock","17":"shipping-taxable","18":"product-type-simple"},"_links":{"self":[{"href":"https:\/\/www.wzouzhuo.com\/pt\/wp-json\/wp\/v2\/product\/5961","targetHints":{"allow":["GET"]}}],"collection":[{"href":"https:\/\/www.wzouzhuo.com\/pt\/wp-json\/wp\/v2\/product"}],"about":[{"href":"https:\/\/www.wzouzhuo.com\/pt\/wp-json\/wp\/v2\/types\/product"}],"version-history":[{"count":1,"href":"https:\/\/www.wzouzhuo.com\/pt\/wp-json\/wp\/v2\/product\/5961\/revisions"}],"predecessor-version":[{"id":5965,"href":"https:\/\/www.wzouzhuo.com\/pt\/wp-json\/wp\/v2\/product\/5961\/revisions\/5965"}],"wp:featuredmedia":[{"embeddable":true,"href":"https:\/\/www.wzouzhuo.com\/pt\/wp-json\/wp\/v2\/media\/5962"}],"wp:attachment":[{"href":"https:\/\/www.wzouzhuo.com\/pt\/wp-json\/wp\/v2\/media?parent=5961"}],"wp:term":[{"taxonomy":"product_brand","embeddable":true,"href":"https:\/\/www.wzouzhuo.com\/pt\/wp-json\/wp\/v2\/product_brand?post=5961"},{"taxonomy":"product_cat","embeddable":true,"href":"https:\/\/www.wzouzhuo.com\/pt\/wp-json\/wp\/v2\/product_cat?post=5961"},{"taxonomy":"product_tag","embeddable":true,"href":"https:\/\/www.wzouzhuo.com\/pt\/wp-json\/wp\/v2\/product_tag?post=5961"}],"curies":[{"name":"wp","href":"https:\/\/api.w.org\/{rel}","templated":true}]}}