{"id":5951,"date":"2025-04-28T01:10:01","date_gmt":"2025-04-28T01:10:01","guid":{"rendered":"https:\/\/www.wzouzhuo.com\/?post_type=product&#038;p=5951"},"modified":"2025-04-28T01:10:01","modified_gmt":"2025-04-28T01:10:01","slug":"oz-6018-weatherproof-textured","status":"publish","type":"product","link":"https:\/\/www.wzouzhuo.com\/pt\/product\/oz-6018-texturizado-a-prova-de-intemperies\/","title":{"rendered":"OZ-6018 Tecido de PVC texturizado \u00e0 prova de intemp\u00e9ries"},"content":{"rendered":"<p>O material OZ-6018 \u00e9 fabricado por meio de espuma de PVC de dupla face em um tecido de base n\u00e3o tecido. Em seguida, rolos de grava\u00e7\u00e3o s\u00e3o usados para criar padr\u00f5es tridimensionais em forma de l\u00e1grima na superf\u00edcie, que s\u00e3o ent\u00e3o impressos. Gra\u00e7as \u00e0 t\u00e9cnica de processamento de dupla face, tanto a frente quanto o verso do produto s\u00e3o funcionais e utiliz\u00e1veis, proporcionando maior versatilidade.<\/p>\n<p>Os clientes apreciam muito a sensa\u00e7\u00e3o t\u00e1til da superf\u00edcie texturizada, com seu toque granulado.  Gra\u00e7as \u00e0s propriedades inerentes do PVC, que garantem excelente resist\u00eancia a condi\u00e7\u00f5es clim\u00e1ticas adversas, como exposi\u00e7\u00e3o ao sol e ventos fortes, esse material \u00e9 amplamente utilizado em produtos para uso externo.<\/p>","protected":false},"excerpt":{"rendered":"<p>Espessura: 1,90MM<\/p>\n<p>Largura: 1,37M<\/p>\n<p>SUPORTE: DUPLA FACE<\/p>\n<p>APLICA\u00c7\u00c3O: JOGO DE MESA<\/p>\n<p class=\"ds-markdown-paragraph\">Espuma de PVC dupla face em tecido n\u00e3o tecido, com padr\u00f5es de l\u00e1grimas em 3D em relevo para um acabamento granulado e t\u00e1til. Caracter\u00edsticas:<\/p>\n<ul>\n<li>\n<p class=\"ds-markdown-paragraph\"><strong>Usabilidade em dois lados<\/strong>\u00a0(frente\/verso funcional)<\/p>\n<\/li>\n<li>\n<p class=\"ds-markdown-paragraph\"><strong>Resistente ao sol e ao vento<\/strong>\u00a0(ideal para uso externo)<\/p>\n<\/li>\n<li>\n<p class=\"ds-markdown-paragraph\"><strong>Textura premium<\/strong>\u00a0(sensa\u00e7\u00e3o t\u00e1til apreciada pelo cliente)<\/p>\n<\/li>\n<\/ul>\n<p class=\"ds-markdown-paragraph\">Compacto, dur\u00e1vel e vers\u00e1til para produtos externos.<\/p>","protected":false},"featured_media":5952,"template":"","meta":{"site-sidebar-layout":"default","site-content-layout":"","ast-site-content-layout":"default","site-content-style":"default","site-sidebar-style":"default","ast-global-header-display":"","ast-banner-title-visibility":"","ast-main-header-display":"","ast-hfb-above-header-display":"","ast-hfb-below-header-display":"","ast-hfb-mobile-header-display":"","site-post-title":"","ast-breadcrumbs-content":"","ast-featured-img":"","footer-sml-layout":"","theme-transparent-header-meta":"default","adv-header-id-meta":"","stick-header-meta":"default","header-above-stick-meta":"","header-main-stick-meta":"","header-below-stick-meta":"","astra-migrate-meta-layouts":"set","ast-page-background-enabled":"default","ast-page-background-meta":{"desktop":{"background-color":"","background-image":"","background-repeat":"repeat","background-position":"center center","background-size":"auto","background-attachment":"scroll","background-type":"","background-media":"","overlay-type":"","overlay-color":"","overlay-opacity":"","overlay-gradient":""},"tablet":{"background-color":"","background-image":"","background-repeat":"repeat","background-position":"center center","background-size":"auto","background-attachment":"scroll","background-type":"","background-media":"","overlay-type":"","overlay-color":"","overlay-opacity":"","overlay-gradient":""},"mobile":{"background-color":"","background-image":"","background-repeat":"repeat","background-position":"center center","background-size":"auto","background-attachment":"scroll","background-type":"","background-media":"","overlay-type":"","overlay-color":"","overlay-opacity":"","overlay-gradient":""}},"ast-content-background-meta":{"desktop":{"background-color":"var(--ast-global-color-5)","background-image":"","background-repeat":"repeat","background-position":"center center","background-size":"auto","background-attachment":"scroll","background-type":"","background-media":"","overlay-type":"","overlay-color":"","overlay-opacity":"","overlay-gradient":""},"tablet":{"background-color":"var(--ast-global-color-5)","background-image":"","background-repeat":"repeat","background-position":"center center","background-size":"auto","background-attachment":"scroll","background-type":"","background-media":"","overlay-type":"","overlay-color":"","overlay-opacity":"","overlay-gradient":""},"mobile":{"background-color":"var(--ast-global-color-5)","background-image":"","background-repeat":"repeat","background-position":"center center","background-size":"auto","background-attachment":"scroll","background-type":"","background-media":"","overlay-type":"","overlay-color":"","overlay-opacity":"","overlay-gradient":""}}},"product_brand":[],"product_cat":[22,71],"product_tag":[],"class_list":{"0":"post-5951","1":"product","2":"type-product","3":"status-publish","4":"has-post-thumbnail","6":"product_cat-synthetic-leather","7":"product_cat-placemat","8":"desktop-align-center","9":"tablet-align-center","10":"mobile-align-center","11":"ast-product-gallery-layout-vertical-slider","12":"ast-magnify-disabled","13":"ast-product-tabs-layout-horizontal","15":"first","16":"instock","17":"shipping-taxable","18":"product-type-simple"},"_links":{"self":[{"href":"https:\/\/www.wzouzhuo.com\/pt\/wp-json\/wp\/v2\/product\/5951","targetHints":{"allow":["GET"]}}],"collection":[{"href":"https:\/\/www.wzouzhuo.com\/pt\/wp-json\/wp\/v2\/product"}],"about":[{"href":"https:\/\/www.wzouzhuo.com\/pt\/wp-json\/wp\/v2\/types\/product"}],"version-history":[{"count":1,"href":"https:\/\/www.wzouzhuo.com\/pt\/wp-json\/wp\/v2\/product\/5951\/revisions"}],"predecessor-version":[{"id":5955,"href":"https:\/\/www.wzouzhuo.com\/pt\/wp-json\/wp\/v2\/product\/5951\/revisions\/5955"}],"wp:featuredmedia":[{"embeddable":true,"href":"https:\/\/www.wzouzhuo.com\/pt\/wp-json\/wp\/v2\/media\/5952"}],"wp:attachment":[{"href":"https:\/\/www.wzouzhuo.com\/pt\/wp-json\/wp\/v2\/media?parent=5951"}],"wp:term":[{"taxonomy":"product_brand","embeddable":true,"href":"https:\/\/www.wzouzhuo.com\/pt\/wp-json\/wp\/v2\/product_brand?post=5951"},{"taxonomy":"product_cat","embeddable":true,"href":"https:\/\/www.wzouzhuo.com\/pt\/wp-json\/wp\/v2\/product_cat?post=5951"},{"taxonomy":"product_tag","embeddable":true,"href":"https:\/\/www.wzouzhuo.com\/pt\/wp-json\/wp\/v2\/product_tag?post=5951"}],"curies":[{"name":"wp","href":"https:\/\/api.w.org\/{rel}","templated":true}]}}