{"id":5467,"date":"2025-03-18T01:10:32","date_gmt":"2025-03-18T01:10:32","guid":{"rendered":"https:\/\/www.wzouzhuo.com\/?post_type=product&#038;p=5467"},"modified":"2025-04-29T01:43:32","modified_gmt":"2025-04-29T01:43:32","slug":"oz-8141-vintage-maze-pu","status":"publish","type":"product","link":"https:\/\/www.wzouzhuo.com\/pt\/product\/oz-8141-vintage-maze-pu\/","title":{"rendered":"OZ-8141 Labirinto Vintage PU"},"content":{"rendered":"<p>O OZ - 8141 se distingue por seu substrato \u00e0 base de PU. Seus padr\u00f5es em relevo em forma de labirinto s\u00e3o criados pela colagem de um filme de metal no substrato com um rolo. A superf\u00edcie exibe uma textura met\u00e1lica luxuosa e imponente, e o acabamento fosco a torna mais discreta. As linhas em forma de labirinto exalam um charme vintage, que lembra o estilo romano medieval.<\/p>","protected":false},"excerpt":{"rendered":"<p>Espessura: 0,90MM<\/p>\n<p>Largura: 1,37M<\/p>\n<p>FORRO: ALGOD\u00c3O<\/p>\n<p>APLICA\u00c7\u00c3O: SAPATO, BOLSA<\/p>\n<p><em>OZ-8141: H\u00edbrido de PU\/met\u00e1lico com padr\u00f5es de labirinto em relevo em um acabamento met\u00e1lico fosco. Combina o charme vintage de inspira\u00e7\u00e3o romana com luxo discreto, ideal para bolsas de alta qualidade e acess\u00f3rios de grife minimalistas.<\/em><\/p>","protected":false},"featured_media":5468,"template":"","meta":{"site-sidebar-layout":"default","site-content-layout":"","ast-site-content-layout":"default","site-content-style":"default","site-sidebar-style":"default","ast-global-header-display":"","ast-banner-title-visibility":"","ast-main-header-display":"","ast-hfb-above-header-display":"","ast-hfb-below-header-display":"","ast-hfb-mobile-header-display":"","site-post-title":"","ast-breadcrumbs-content":"","ast-featured-img":"","footer-sml-layout":"","theme-transparent-header-meta":"default","adv-header-id-meta":"","stick-header-meta":"default","header-above-stick-meta":"","header-main-stick-meta":"","header-below-stick-meta":"","astra-migrate-meta-layouts":"set","ast-page-background-enabled":"default","ast-page-background-meta":{"desktop":{"background-color":"","background-image":"","background-repeat":"repeat","background-position":"center center","background-size":"auto","background-attachment":"scroll","background-type":"","background-media":"","overlay-type":"","overlay-color":"","overlay-opacity":"","overlay-gradient":""},"tablet":{"background-color":"","background-image":"","background-repeat":"repeat","background-position":"center center","background-size":"auto","background-attachment":"scroll","background-type":"","background-media":"","overlay-type":"","overlay-color":"","overlay-opacity":"","overlay-gradient":""},"mobile":{"background-color":"","background-image":"","background-repeat":"repeat","background-position":"center center","background-size":"auto","background-attachment":"scroll","background-type":"","background-media":"","overlay-type":"","overlay-color":"","overlay-opacity":"","overlay-gradient":""}},"ast-content-background-meta":{"desktop":{"background-color":"var(--ast-global-color-5)","background-image":"","background-repeat":"repeat","background-position":"center center","background-size":"auto","background-attachment":"scroll","background-type":"","background-media":"","overlay-type":"","overlay-color":"","overlay-opacity":"","overlay-gradient":""},"tablet":{"background-color":"var(--ast-global-color-5)","background-image":"","background-repeat":"repeat","background-position":"center center","background-size":"auto","background-attachment":"scroll","background-type":"","background-media":"","overlay-type":"","overlay-color":"","overlay-opacity":"","overlay-gradient":""},"mobile":{"background-color":"var(--ast-global-color-5)","background-image":"","background-repeat":"repeat","background-position":"center center","background-size":"auto","background-attachment":"scroll","background-type":"","background-media":"","overlay-type":"","overlay-color":"","overlay-opacity":"","overlay-gradient":""}}},"product_brand":[],"product_cat":[22,66],"product_tag":[],"class_list":{"0":"post-5467","1":"product","2":"type-product","3":"status-publish","4":"has-post-thumbnail","6":"product_cat-synthetic-leather","7":"product_cat-film","8":"desktop-align-center","9":"tablet-align-center","10":"mobile-align-center","11":"ast-product-gallery-layout-vertical-slider","12":"ast-magnify-disabled","13":"ast-product-tabs-layout-horizontal","15":"first","16":"instock","17":"shipping-taxable","18":"product-type-simple"},"_links":{"self":[{"href":"https:\/\/www.wzouzhuo.com\/pt\/wp-json\/wp\/v2\/product\/5467","targetHints":{"allow":["GET"]}}],"collection":[{"href":"https:\/\/www.wzouzhuo.com\/pt\/wp-json\/wp\/v2\/product"}],"about":[{"href":"https:\/\/www.wzouzhuo.com\/pt\/wp-json\/wp\/v2\/types\/product"}],"version-history":[{"count":2,"href":"https:\/\/www.wzouzhuo.com\/pt\/wp-json\/wp\/v2\/product\/5467\/revisions"}],"predecessor-version":[{"id":6149,"href":"https:\/\/www.wzouzhuo.com\/pt\/wp-json\/wp\/v2\/product\/5467\/revisions\/6149"}],"wp:featuredmedia":[{"embeddable":true,"href":"https:\/\/www.wzouzhuo.com\/pt\/wp-json\/wp\/v2\/media\/5468"}],"wp:attachment":[{"href":"https:\/\/www.wzouzhuo.com\/pt\/wp-json\/wp\/v2\/media?parent=5467"}],"wp:term":[{"taxonomy":"product_brand","embeddable":true,"href":"https:\/\/www.wzouzhuo.com\/pt\/wp-json\/wp\/v2\/product_brand?post=5467"},{"taxonomy":"product_cat","embeddable":true,"href":"https:\/\/www.wzouzhuo.com\/pt\/wp-json\/wp\/v2\/product_cat?post=5467"},{"taxonomy":"product_tag","embeddable":true,"href":"https:\/\/www.wzouzhuo.com\/pt\/wp-json\/wp\/v2\/product_tag?post=5467"}],"curies":[{"name":"wp","href":"https:\/\/api.w.org\/{rel}","templated":true}]}}