{"id":5455,"date":"2025-03-18T01:05:03","date_gmt":"2025-03-18T01:05:03","guid":{"rendered":"https:\/\/www.wzouzhuo.com\/?post_type=product&#038;p=5455"},"modified":"2025-07-28T15:05:13","modified_gmt":"2025-07-28T15:05:13","slug":"oz-8129-watercolor-floral-pvc","status":"publish","type":"product","link":"https:\/\/www.wzouzhuo.com\/pt\/product\/oz-8129-pvc-floral-aquarela\/","title":{"rendered":"OZ-8129 Floral em aquarela PVC"},"content":{"rendered":"<p>O OZ - 8129 \u00e9 meticulosamente trabalhado com um substrato de PU laminado com um filme de PVC. Sua superf\u00edcie, criada por meio de impress\u00e3o digital, apresenta flores desabrochando que s\u00e3o realmente um espet\u00e1culo para se ver. Com sua rica paleta de cores, ele pode atender a v\u00e1rias demandas dos clientes com rela\u00e7\u00e3o \u00e0s cores das flores.<\/p>\n<p>Gra\u00e7as aos seus requintados motivos florais - flores delicadamente renderizadas em gradientes de aquarela -, o material se tornou um elemento b\u00e1sico nos designs femininos. Os designers geralmente aproveitam seu fasc\u00ednio rom\u00e2ntico para criar cal\u00e7ados e bolsas femininos.<\/p>","protected":false},"excerpt":{"rendered":"<p>Espessura: 0,90MM<\/p>\n<p>Largura: 1,37M<\/p>\n<p>FORRO: ALGOD\u00c3O<\/p>\n<p>APLICA\u00c7\u00c3O: SAPATO, BOLSA<\/p>\n<p><em>OZ-8129: H\u00edbrido de PU\/PVC com florais em degrad\u00ea de aquarela impressos digitalmente em tons personaliz\u00e1veis. Combina durabilidade e eleg\u00e2ncia rom\u00e2ntica, um favorito dos designers para bolsas e cal\u00e7ados femininos.<\/em><\/p>","protected":false},"featured_media":5456,"template":"","meta":{"site-sidebar-layout":"default","site-content-layout":"","ast-site-content-layout":"default","site-content-style":"default","site-sidebar-style":"default","ast-global-header-display":"","ast-banner-title-visibility":"","ast-main-header-display":"","ast-hfb-above-header-display":"","ast-hfb-below-header-display":"","ast-hfb-mobile-header-display":"","site-post-title":"","ast-breadcrumbs-content":"","ast-featured-img":"","footer-sml-layout":"","theme-transparent-header-meta":"default","adv-header-id-meta":"","stick-header-meta":"default","header-above-stick-meta":"","header-main-stick-meta":"","header-below-stick-meta":"","astra-migrate-meta-layouts":"set","ast-page-background-enabled":"default","ast-page-background-meta":{"desktop":{"background-color":"","background-image":"","background-repeat":"repeat","background-position":"center center","background-size":"auto","background-attachment":"scroll","background-type":"","background-media":"","overlay-type":"","overlay-color":"","overlay-opacity":"","overlay-gradient":""},"tablet":{"background-color":"","background-image":"","background-repeat":"repeat","background-position":"center center","background-size":"auto","background-attachment":"scroll","background-type":"","background-media":"","overlay-type":"","overlay-color":"","overlay-opacity":"","overlay-gradient":""},"mobile":{"background-color":"","background-image":"","background-repeat":"repeat","background-position":"center center","background-size":"auto","background-attachment":"scroll","background-type":"","background-media":"","overlay-type":"","overlay-color":"","overlay-opacity":"","overlay-gradient":""}},"ast-content-background-meta":{"desktop":{"background-color":"var(--ast-global-color-5)","background-image":"","background-repeat":"repeat","background-position":"center center","background-size":"auto","background-attachment":"scroll","background-type":"","background-media":"","overlay-type":"","overlay-color":"","overlay-opacity":"","overlay-gradient":""},"tablet":{"background-color":"var(--ast-global-color-5)","background-image":"","background-repeat":"repeat","background-position":"center center","background-size":"auto","background-attachment":"scroll","background-type":"","background-media":"","overlay-type":"","overlay-color":"","overlay-opacity":"","overlay-gradient":""},"mobile":{"background-color":"var(--ast-global-color-5)","background-image":"","background-repeat":"repeat","background-position":"center center","background-size":"auto","background-attachment":"scroll","background-type":"","background-media":"","overlay-type":"","overlay-color":"","overlay-opacity":"","overlay-gradient":""}}},"product_brand":[],"product_cat":[22,66],"product_tag":[],"class_list":{"0":"post-5455","1":"product","2":"type-product","3":"status-publish","4":"has-post-thumbnail","6":"product_cat-synthetic-leather","7":"product_cat-film","8":"desktop-align-center","9":"tablet-align-center","10":"mobile-align-center","11":"ast-product-gallery-layout-vertical-slider","12":"ast-magnify-disabled","13":"ast-product-tabs-layout-horizontal","15":"first","16":"instock","17":"shipping-taxable","18":"product-type-simple"},"_links":{"self":[{"href":"https:\/\/www.wzouzhuo.com\/pt\/wp-json\/wp\/v2\/product\/5455","targetHints":{"allow":["GET"]}}],"collection":[{"href":"https:\/\/www.wzouzhuo.com\/pt\/wp-json\/wp\/v2\/product"}],"about":[{"href":"https:\/\/www.wzouzhuo.com\/pt\/wp-json\/wp\/v2\/types\/product"}],"version-history":[{"count":2,"href":"https:\/\/www.wzouzhuo.com\/pt\/wp-json\/wp\/v2\/product\/5455\/revisions"}],"predecessor-version":[{"id":6427,"href":"https:\/\/www.wzouzhuo.com\/pt\/wp-json\/wp\/v2\/product\/5455\/revisions\/6427"}],"wp:featuredmedia":[{"embeddable":true,"href":"https:\/\/www.wzouzhuo.com\/pt\/wp-json\/wp\/v2\/media\/5456"}],"wp:attachment":[{"href":"https:\/\/www.wzouzhuo.com\/pt\/wp-json\/wp\/v2\/media?parent=5455"}],"wp:term":[{"taxonomy":"product_brand","embeddable":true,"href":"https:\/\/www.wzouzhuo.com\/pt\/wp-json\/wp\/v2\/product_brand?post=5455"},{"taxonomy":"product_cat","embeddable":true,"href":"https:\/\/www.wzouzhuo.com\/pt\/wp-json\/wp\/v2\/product_cat?post=5455"},{"taxonomy":"product_tag","embeddable":true,"href":"https:\/\/www.wzouzhuo.com\/pt\/wp-json\/wp\/v2\/product_tag?post=5455"}],"curies":[{"name":"wp","href":"https:\/\/api.w.org\/{rel}","templated":true}]}}