{"id":5451,"date":"2025-03-18T01:02:40","date_gmt":"2025-03-18T01:02:40","guid":{"rendered":"https:\/\/www.wzouzhuo.com\/?post_type=product&#038;p=5451"},"modified":"2025-07-28T15:04:46","modified_gmt":"2025-07-28T15:04:46","slug":"oz-8128-seaside-shell-pvc","status":"publish","type":"product","link":"https:\/\/www.wzouzhuo.com\/pt\/product\/oz-8128-seaside-shell-pvc\/","title":{"rendered":"OZ-8128 Concha do mar em PVC"},"content":{"rendered":"<p>O OZ - 8128 \u00e9 fabricado com um substrato de PU laminado com um filme de PVC. Sua superf\u00edcie, criada por meio de impress\u00e3o UV, apresenta uma variedade de conchas, b\u00fazios e estrelas-do-mar, dando ao produto um charme de ver\u00e3o.<\/p>\n<p>Esse produto \u00e9 amplamente usado em itens de f\u00e9rias \u00e0 beira-mar.  Devido a seus padr\u00f5es impressos exclusivos, ele \u00e9 muito apreciado pelos clientes.<\/p>","protected":false},"excerpt":{"rendered":"<p>Espessura: 0,90MM<\/p>\n<p>Largura: 1,37M<\/p>\n<p>FORRO: ALGOD\u00c3O<\/p>\n<p>APLICA\u00c7\u00c3O: SAPATO, BOLSA<\/p>\n<p><em>OZ-8128: h\u00edbrido de PU\/PVC com conchas, b\u00fazios e estrelas-do-mar impressos em UV para um charme vibrante de ver\u00e3o. Material dur\u00e1vel e de inspira\u00e7\u00e3o litor\u00e2nea, perfeito para bolsas de praia, sand\u00e1lias e equipamentos de f\u00e9rias - amado por seus designs atraentes.<\/em><\/p>","protected":false},"featured_media":5452,"template":"","meta":{"site-sidebar-layout":"default","site-content-layout":"","ast-site-content-layout":"default","site-content-style":"default","site-sidebar-style":"default","ast-global-header-display":"","ast-banner-title-visibility":"","ast-main-header-display":"","ast-hfb-above-header-display":"","ast-hfb-below-header-display":"","ast-hfb-mobile-header-display":"","site-post-title":"","ast-breadcrumbs-content":"","ast-featured-img":"","footer-sml-layout":"","theme-transparent-header-meta":"default","adv-header-id-meta":"","stick-header-meta":"default","header-above-stick-meta":"","header-main-stick-meta":"","header-below-stick-meta":"","astra-migrate-meta-layouts":"set","ast-page-background-enabled":"default","ast-page-background-meta":{"desktop":{"background-color":"","background-image":"","background-repeat":"repeat","background-position":"center center","background-size":"auto","background-attachment":"scroll","background-type":"","background-media":"","overlay-type":"","overlay-color":"","overlay-opacity":"","overlay-gradient":""},"tablet":{"background-color":"","background-image":"","background-repeat":"repeat","background-position":"center center","background-size":"auto","background-attachment":"scroll","background-type":"","background-media":"","overlay-type":"","overlay-color":"","overlay-opacity":"","overlay-gradient":""},"mobile":{"background-color":"","background-image":"","background-repeat":"repeat","background-position":"center center","background-size":"auto","background-attachment":"scroll","background-type":"","background-media":"","overlay-type":"","overlay-color":"","overlay-opacity":"","overlay-gradient":""}},"ast-content-background-meta":{"desktop":{"background-color":"var(--ast-global-color-5)","background-image":"","background-repeat":"repeat","background-position":"center center","background-size":"auto","background-attachment":"scroll","background-type":"","background-media":"","overlay-type":"","overlay-color":"","overlay-opacity":"","overlay-gradient":""},"tablet":{"background-color":"var(--ast-global-color-5)","background-image":"","background-repeat":"repeat","background-position":"center center","background-size":"auto","background-attachment":"scroll","background-type":"","background-media":"","overlay-type":"","overlay-color":"","overlay-opacity":"","overlay-gradient":""},"mobile":{"background-color":"var(--ast-global-color-5)","background-image":"","background-repeat":"repeat","background-position":"center center","background-size":"auto","background-attachment":"scroll","background-type":"","background-media":"","overlay-type":"","overlay-color":"","overlay-opacity":"","overlay-gradient":""}}},"product_brand":[],"product_cat":[22,66],"product_tag":[],"class_list":{"0":"post-5451","1":"product","2":"type-product","3":"status-publish","4":"has-post-thumbnail","6":"product_cat-synthetic-leather","7":"product_cat-film","8":"desktop-align-center","9":"tablet-align-center","10":"mobile-align-center","11":"ast-product-gallery-layout-vertical-slider","12":"ast-magnify-disabled","13":"ast-product-tabs-layout-horizontal","15":"first","16":"instock","17":"shipping-taxable","18":"product-type-simple"},"_links":{"self":[{"href":"https:\/\/www.wzouzhuo.com\/pt\/wp-json\/wp\/v2\/product\/5451","targetHints":{"allow":["GET"]}}],"collection":[{"href":"https:\/\/www.wzouzhuo.com\/pt\/wp-json\/wp\/v2\/product"}],"about":[{"href":"https:\/\/www.wzouzhuo.com\/pt\/wp-json\/wp\/v2\/types\/product"}],"version-history":[{"count":2,"href":"https:\/\/www.wzouzhuo.com\/pt\/wp-json\/wp\/v2\/product\/5451\/revisions"}],"predecessor-version":[{"id":6426,"href":"https:\/\/www.wzouzhuo.com\/pt\/wp-json\/wp\/v2\/product\/5451\/revisions\/6426"}],"wp:featuredmedia":[{"embeddable":true,"href":"https:\/\/www.wzouzhuo.com\/pt\/wp-json\/wp\/v2\/media\/5452"}],"wp:attachment":[{"href":"https:\/\/www.wzouzhuo.com\/pt\/wp-json\/wp\/v2\/media?parent=5451"}],"wp:term":[{"taxonomy":"product_brand","embeddable":true,"href":"https:\/\/www.wzouzhuo.com\/pt\/wp-json\/wp\/v2\/product_brand?post=5451"},{"taxonomy":"product_cat","embeddable":true,"href":"https:\/\/www.wzouzhuo.com\/pt\/wp-json\/wp\/v2\/product_cat?post=5451"},{"taxonomy":"product_tag","embeddable":true,"href":"https:\/\/www.wzouzhuo.com\/pt\/wp-json\/wp\/v2\/product_tag?post=5451"}],"curies":[{"name":"wp","href":"https:\/\/api.w.org\/{rel}","templated":true}]}}