{"id":5245,"date":"2025-03-02T14:54:24","date_gmt":"2025-03-02T14:54:24","guid":{"rendered":"https:\/\/www.wzouzhuo.com\/?post_type=product&#038;p=5245"},"modified":"2025-03-02T14:54:24","modified_gmt":"2025-03-02T14:54:24","slug":"oz-8292-luxury-suede-pu","status":"publish","type":"product","link":"https:\/\/www.wzouzhuo.com\/pt\/product\/oz-8292-luxury-suede-pu\/","title":{"rendered":"OZ-8292 Camur\u00e7a de luxo PU"},"content":{"rendered":"<p>O material OZ-8292 consiste em uma matriz de poliuretano com uma camada de superf\u00edcie formada por meio da microrreplica\u00e7\u00e3o de padr\u00f5es de papel de libera\u00e7\u00e3o, obtida por meio de grava\u00e7\u00e3o t\u00e9rmica controlada. Com uma espessura de 1,60MM, o produto oferece maior resili\u00eancia e uma sensa\u00e7\u00e3o t\u00e1til e macia. O efeito de camur\u00e7a de couro bovino em sua superf\u00edcie se assemelha mais ao couro genu\u00edno.<\/p>\n<p>Esse produto \u00e9 normalmente aplicado em cal\u00e7ados de alta qualidade. Ele apresenta uma apar\u00eancia esteticamente agrad\u00e1vel e generosa, incorporando a moda cl\u00e1ssica.<\/p>","protected":false},"excerpt":{"rendered":"<p><strong>PU Premium de 1,60 mm<\/strong>com<strong>textura de camur\u00e7a de couro bovino<\/strong>O couro \u00e9 um material de alta qualidade, com grava\u00e7\u00e3o t\u00e9rmica de precis\u00e3o para maior durabilidade. Imita a est\u00e9tica do couro genu\u00edno, ideal para<strong>cal\u00e7ados de alta qualidade<\/strong>-combina resili\u00eancia, eleg\u00e2ncia atemporal e uma sensa\u00e7\u00e3o t\u00e1til de luxo.<\/p>\n<p>Espessura: 1,60MM<\/p>\n<p>Largura: 1,37M<\/p>\n<p>SUPORTE: REVESTIDO<\/p>\n<p>APLICA\u00c7\u00c3O: CAL\u00c7ADOS<\/p>","protected":false},"featured_media":5246,"template":"","meta":{"site-sidebar-layout":"default","site-content-layout":"","ast-site-content-layout":"default","site-content-style":"default","site-sidebar-style":"default","ast-global-header-display":"","ast-banner-title-visibility":"","ast-main-header-display":"","ast-hfb-above-header-display":"","ast-hfb-below-header-display":"","ast-hfb-mobile-header-display":"","site-post-title":"","ast-breadcrumbs-content":"","ast-featured-img":"","footer-sml-layout":"","theme-transparent-header-meta":"default","adv-header-id-meta":"","stick-header-meta":"default","header-above-stick-meta":"","header-main-stick-meta":"","header-below-stick-meta":"","astra-migrate-meta-layouts":"set","ast-page-background-enabled":"default","ast-page-background-meta":{"desktop":{"background-color":"","background-image":"","background-repeat":"repeat","background-position":"center center","background-size":"auto","background-attachment":"scroll","background-type":"","background-media":"","overlay-type":"","overlay-color":"","overlay-opacity":"","overlay-gradient":""},"tablet":{"background-color":"","background-image":"","background-repeat":"repeat","background-position":"center center","background-size":"auto","background-attachment":"scroll","background-type":"","background-media":"","overlay-type":"","overlay-color":"","overlay-opacity":"","overlay-gradient":""},"mobile":{"background-color":"","background-image":"","background-repeat":"repeat","background-position":"center center","background-size":"auto","background-attachment":"scroll","background-type":"","background-media":"","overlay-type":"","overlay-color":"","overlay-opacity":"","overlay-gradient":""}},"ast-content-background-meta":{"desktop":{"background-color":"var(--ast-global-color-5)","background-image":"","background-repeat":"repeat","background-position":"center center","background-size":"auto","background-attachment":"scroll","background-type":"","background-media":"","overlay-type":"","overlay-color":"","overlay-opacity":"","overlay-gradient":""},"tablet":{"background-color":"var(--ast-global-color-5)","background-image":"","background-repeat":"repeat","background-position":"center center","background-size":"auto","background-attachment":"scroll","background-type":"","background-media":"","overlay-type":"","overlay-color":"","overlay-opacity":"","overlay-gradient":""},"mobile":{"background-color":"var(--ast-global-color-5)","background-image":"","background-repeat":"repeat","background-position":"center center","background-size":"auto","background-attachment":"scroll","background-type":"","background-media":"","overlay-type":"","overlay-color":"","overlay-opacity":"","overlay-gradient":""}}},"product_brand":[],"product_cat":[22,64],"product_tag":[],"class_list":{"0":"post-5245","1":"product","2":"type-product","3":"status-publish","4":"has-post-thumbnail","6":"product_cat-synthetic-leather","7":"product_cat-shoe","8":"desktop-align-center","9":"tablet-align-center","10":"mobile-align-center","11":"ast-product-gallery-layout-vertical-slider","12":"ast-magnify-disabled","13":"ast-product-tabs-layout-horizontal","15":"first","16":"instock","17":"shipping-taxable","18":"product-type-simple"},"_links":{"self":[{"href":"https:\/\/www.wzouzhuo.com\/pt\/wp-json\/wp\/v2\/product\/5245","targetHints":{"allow":["GET"]}}],"collection":[{"href":"https:\/\/www.wzouzhuo.com\/pt\/wp-json\/wp\/v2\/product"}],"about":[{"href":"https:\/\/www.wzouzhuo.com\/pt\/wp-json\/wp\/v2\/types\/product"}],"version-history":[{"count":1,"href":"https:\/\/www.wzouzhuo.com\/pt\/wp-json\/wp\/v2\/product\/5245\/revisions"}],"predecessor-version":[{"id":5249,"href":"https:\/\/www.wzouzhuo.com\/pt\/wp-json\/wp\/v2\/product\/5245\/revisions\/5249"}],"wp:featuredmedia":[{"embeddable":true,"href":"https:\/\/www.wzouzhuo.com\/pt\/wp-json\/wp\/v2\/media\/5246"}],"wp:attachment":[{"href":"https:\/\/www.wzouzhuo.com\/pt\/wp-json\/wp\/v2\/media?parent=5245"}],"wp:term":[{"taxonomy":"product_brand","embeddable":true,"href":"https:\/\/www.wzouzhuo.com\/pt\/wp-json\/wp\/v2\/product_brand?post=5245"},{"taxonomy":"product_cat","embeddable":true,"href":"https:\/\/www.wzouzhuo.com\/pt\/wp-json\/wp\/v2\/product_cat?post=5245"},{"taxonomy":"product_tag","embeddable":true,"href":"https:\/\/www.wzouzhuo.com\/pt\/wp-json\/wp\/v2\/product_tag?post=5245"}],"curies":[{"name":"wp","href":"https:\/\/api.w.org\/{rel}","templated":true}]}}