{"id":5235,"date":"2025-03-02T14:49:06","date_gmt":"2025-03-02T14:49:06","guid":{"rendered":"https:\/\/www.wzouzhuo.com\/?post_type=product&#038;p=5235"},"modified":"2025-03-02T14:49:06","modified_gmt":"2025-03-02T14:49:06","slug":"oz-8198-silky-geometric-pu","status":"publish","type":"product","link":"https:\/\/www.wzouzhuo.com\/pt\/product\/oz-8198-silky-geometric-pu\/","title":{"rendered":"OZ-8198 PU geom\u00e9trico sedoso"},"content":{"rendered":"<p>OZ-8198 \u00e9 baseado em uma base de PU. O material de base emprega malha de alta densidade, oferecendo uma base luxuosamente macia e texturizada. Sua superf\u00edcie apresenta uma textura semelhante \u00e0 da seda, com um brilho intenso. Pequenos quadrados s\u00e3o impressos na superf\u00edcie, cruzando-se vertical e horizontalmente.<\/p>\n<p>O produto \u00e9 integrado de forma inteligente a bolsas e cal\u00e7ados femininos. Seja em uma reuni\u00e3o de diretoria ou em uma escapada de fim de semana, as texturas geom\u00e9tricas se harmonizam sem esfor\u00e7o com qualquer est\u00e9tica.<\/p>","protected":false},"excerpt":{"rendered":"<p><strong>Malha de PU de alta densidade e luxo<\/strong>com um<strong>brilho sedoso<\/strong>e<strong>estampas geom\u00e9tricas quadradas<\/strong>. Perfeito para<strong>bolsas femininas<\/strong>e<strong>cal\u00e7ados<\/strong>-transita sem esfor\u00e7o da eleg\u00e2ncia da sala de reuni\u00f5es para a eleg\u00e2ncia do fim de semana. Leve, dur\u00e1vel e com um toque refinado.<\/p>\n<p>Espessura: 0,90MM<\/p>\n<p>Largura: 1,37M<\/p>\n<p>FORRO: EL\u00c1STICO<\/p>\n<p>APLICA\u00c7\u00c3O: BOLSA, SAPATO<\/p>","protected":false},"featured_media":5236,"template":"","meta":{"site-sidebar-layout":"default","site-content-layout":"","ast-site-content-layout":"default","site-content-style":"default","site-sidebar-style":"default","ast-global-header-display":"","ast-banner-title-visibility":"","ast-main-header-display":"","ast-hfb-above-header-display":"","ast-hfb-below-header-display":"","ast-hfb-mobile-header-display":"","site-post-title":"","ast-breadcrumbs-content":"","ast-featured-img":"","footer-sml-layout":"","theme-transparent-header-meta":"default","adv-header-id-meta":"","stick-header-meta":"default","header-above-stick-meta":"","header-main-stick-meta":"","header-below-stick-meta":"","astra-migrate-meta-layouts":"set","ast-page-background-enabled":"default","ast-page-background-meta":{"desktop":{"background-color":"","background-image":"","background-repeat":"repeat","background-position":"center center","background-size":"auto","background-attachment":"scroll","background-type":"","background-media":"","overlay-type":"","overlay-color":"","overlay-opacity":"","overlay-gradient":""},"tablet":{"background-color":"","background-image":"","background-repeat":"repeat","background-position":"center center","background-size":"auto","background-attachment":"scroll","background-type":"","background-media":"","overlay-type":"","overlay-color":"","overlay-opacity":"","overlay-gradient":""},"mobile":{"background-color":"","background-image":"","background-repeat":"repeat","background-position":"center center","background-size":"auto","background-attachment":"scroll","background-type":"","background-media":"","overlay-type":"","overlay-color":"","overlay-opacity":"","overlay-gradient":""}},"ast-content-background-meta":{"desktop":{"background-color":"var(--ast-global-color-5)","background-image":"","background-repeat":"repeat","background-position":"center center","background-size":"auto","background-attachment":"scroll","background-type":"","background-media":"","overlay-type":"","overlay-color":"","overlay-opacity":"","overlay-gradient":""},"tablet":{"background-color":"var(--ast-global-color-5)","background-image":"","background-repeat":"repeat","background-position":"center center","background-size":"auto","background-attachment":"scroll","background-type":"","background-media":"","overlay-type":"","overlay-color":"","overlay-opacity":"","overlay-gradient":""},"mobile":{"background-color":"var(--ast-global-color-5)","background-image":"","background-repeat":"repeat","background-position":"center center","background-size":"auto","background-attachment":"scroll","background-type":"","background-media":"","overlay-type":"","overlay-color":"","overlay-opacity":"","overlay-gradient":""}}},"product_brand":[],"product_cat":[22,64],"product_tag":[],"class_list":{"0":"post-5235","1":"product","2":"type-product","3":"status-publish","4":"has-post-thumbnail","6":"product_cat-synthetic-leather","7":"product_cat-shoe","8":"desktop-align-center","9":"tablet-align-center","10":"mobile-align-center","11":"ast-product-gallery-layout-vertical-slider","12":"ast-magnify-disabled","13":"ast-product-tabs-layout-horizontal","15":"first","16":"instock","17":"shipping-taxable","18":"product-type-simple"},"_links":{"self":[{"href":"https:\/\/www.wzouzhuo.com\/pt\/wp-json\/wp\/v2\/product\/5235","targetHints":{"allow":["GET"]}}],"collection":[{"href":"https:\/\/www.wzouzhuo.com\/pt\/wp-json\/wp\/v2\/product"}],"about":[{"href":"https:\/\/www.wzouzhuo.com\/pt\/wp-json\/wp\/v2\/types\/product"}],"version-history":[{"count":1,"href":"https:\/\/www.wzouzhuo.com\/pt\/wp-json\/wp\/v2\/product\/5235\/revisions"}],"predecessor-version":[{"id":5239,"href":"https:\/\/www.wzouzhuo.com\/pt\/wp-json\/wp\/v2\/product\/5235\/revisions\/5239"}],"wp:featuredmedia":[{"embeddable":true,"href":"https:\/\/www.wzouzhuo.com\/pt\/wp-json\/wp\/v2\/media\/5236"}],"wp:attachment":[{"href":"https:\/\/www.wzouzhuo.com\/pt\/wp-json\/wp\/v2\/media?parent=5235"}],"wp:term":[{"taxonomy":"product_brand","embeddable":true,"href":"https:\/\/www.wzouzhuo.com\/pt\/wp-json\/wp\/v2\/product_brand?post=5235"},{"taxonomy":"product_cat","embeddable":true,"href":"https:\/\/www.wzouzhuo.com\/pt\/wp-json\/wp\/v2\/product_cat?post=5235"},{"taxonomy":"product_tag","embeddable":true,"href":"https:\/\/www.wzouzhuo.com\/pt\/wp-json\/wp\/v2\/product_tag?post=5235"}],"curies":[{"name":"wp","href":"https:\/\/api.w.org\/{rel}","templated":true}]}}