{"id":5195,"date":"2025-03-02T14:15:33","date_gmt":"2025-03-02T14:15:33","guid":{"rendered":"https:\/\/www.wzouzhuo.com\/?post_type=product&#038;p=5195"},"modified":"2025-03-02T14:15:33","modified_gmt":"2025-03-02T14:15:33","slug":"oz-8140-artisan-laminate","status":"publish","type":"product","link":"https:\/\/www.wzouzhuo.com\/pt\/product\/laminado-oz-8140-artisan\/","title":{"rendered":"OZ-8140 Laminado Artisan"},"content":{"rendered":"<p>O OZ-8140 apresenta um substrato \u00e0 base de PU com padr\u00f5es em relevo formados por um rolo ligado a um filme met\u00e1lico. A superf\u00edcie apresenta entalhes intrincados em relevo que evocam a arte da It\u00e1lia medieval, transportando o observador para uma era passada, enquanto o acabamento fosco acrescenta uma camada de sofistica\u00e7\u00e3o discreta.<br \/>\nEsse produto \u00e9 comumente usado para acentos decorativos esculpidos ou para confeccionar sofisticadas bolsas femininas, onde seus intrincados padr\u00f5es em relevo e o acabamento premium elevam os designs funcionais e ornamentais.<\/p>","protected":false},"excerpt":{"rendered":"<p><strong>PU\/filme met\u00e1lico<\/strong>\u00a0(base dur\u00e1vel) +\u00a0<strong>esculturas em relevo de inspira\u00e7\u00e3o medieval<\/strong>\u00a0(sofistica\u00e7\u00e3o fosca). Perfeito para bolsas de luxo, decora\u00e7\u00e3o esculpida ou detalhes ornamentais - a eleg\u00e2ncia atemporal encontra a durabilidade moderna.<\/p>\n<p>Espessura: 0,90MM<\/p>\n<p>Largura: 1,37M<\/p>\n<p>FORRO: ALGOD\u00c3O<\/p>\n<p>APLICA\u00c7\u00c3O: DECORA\u00c7\u00c3O, BOLSA DE M\u00c3O<\/p>","protected":false},"featured_media":5197,"template":"","meta":{"site-sidebar-layout":"default","site-content-layout":"","ast-site-content-layout":"default","site-content-style":"default","site-sidebar-style":"default","ast-global-header-display":"","ast-banner-title-visibility":"","ast-main-header-display":"","ast-hfb-above-header-display":"","ast-hfb-below-header-display":"","ast-hfb-mobile-header-display":"","site-post-title":"","ast-breadcrumbs-content":"","ast-featured-img":"","footer-sml-layout":"","theme-transparent-header-meta":"default","adv-header-id-meta":"","stick-header-meta":"default","header-above-stick-meta":"","header-main-stick-meta":"","header-below-stick-meta":"","astra-migrate-meta-layouts":"set","ast-page-background-enabled":"default","ast-page-background-meta":{"desktop":{"background-color":"","background-image":"","background-repeat":"repeat","background-position":"center center","background-size":"auto","background-attachment":"scroll","background-type":"","background-media":"","overlay-type":"","overlay-color":"","overlay-opacity":"","overlay-gradient":""},"tablet":{"background-color":"","background-image":"","background-repeat":"repeat","background-position":"center center","background-size":"auto","background-attachment":"scroll","background-type":"","background-media":"","overlay-type":"","overlay-color":"","overlay-opacity":"","overlay-gradient":""},"mobile":{"background-color":"","background-image":"","background-repeat":"repeat","background-position":"center center","background-size":"auto","background-attachment":"scroll","background-type":"","background-media":"","overlay-type":"","overlay-color":"","overlay-opacity":"","overlay-gradient":""}},"ast-content-background-meta":{"desktop":{"background-color":"var(--ast-global-color-5)","background-image":"","background-repeat":"repeat","background-position":"center center","background-size":"auto","background-attachment":"scroll","background-type":"","background-media":"","overlay-type":"","overlay-color":"","overlay-opacity":"","overlay-gradient":""},"tablet":{"background-color":"var(--ast-global-color-5)","background-image":"","background-repeat":"repeat","background-position":"center center","background-size":"auto","background-attachment":"scroll","background-type":"","background-media":"","overlay-type":"","overlay-color":"","overlay-opacity":"","overlay-gradient":""},"mobile":{"background-color":"var(--ast-global-color-5)","background-image":"","background-repeat":"repeat","background-position":"center center","background-size":"auto","background-attachment":"scroll","background-type":"","background-media":"","overlay-type":"","overlay-color":"","overlay-opacity":"","overlay-gradient":""}}},"product_brand":[],"product_cat":[22,66],"product_tag":[],"class_list":{"0":"post-5195","1":"product","2":"type-product","3":"status-publish","4":"has-post-thumbnail","6":"product_cat-synthetic-leather","7":"product_cat-film","8":"desktop-align-center","9":"tablet-align-center","10":"mobile-align-center","11":"ast-product-gallery-layout-vertical-slider","12":"ast-magnify-disabled","13":"ast-product-tabs-layout-horizontal","15":"first","16":"instock","17":"shipping-taxable","18":"product-type-simple"},"_links":{"self":[{"href":"https:\/\/www.wzouzhuo.com\/pt\/wp-json\/wp\/v2\/product\/5195","targetHints":{"allow":["GET"]}}],"collection":[{"href":"https:\/\/www.wzouzhuo.com\/pt\/wp-json\/wp\/v2\/product"}],"about":[{"href":"https:\/\/www.wzouzhuo.com\/pt\/wp-json\/wp\/v2\/types\/product"}],"version-history":[{"count":1,"href":"https:\/\/www.wzouzhuo.com\/pt\/wp-json\/wp\/v2\/product\/5195\/revisions"}],"predecessor-version":[{"id":5199,"href":"https:\/\/www.wzouzhuo.com\/pt\/wp-json\/wp\/v2\/product\/5195\/revisions\/5199"}],"wp:featuredmedia":[{"embeddable":true,"href":"https:\/\/www.wzouzhuo.com\/pt\/wp-json\/wp\/v2\/media\/5197"}],"wp:attachment":[{"href":"https:\/\/www.wzouzhuo.com\/pt\/wp-json\/wp\/v2\/media?parent=5195"}],"wp:term":[{"taxonomy":"product_brand","embeddable":true,"href":"https:\/\/www.wzouzhuo.com\/pt\/wp-json\/wp\/v2\/product_brand?post=5195"},{"taxonomy":"product_cat","embeddable":true,"href":"https:\/\/www.wzouzhuo.com\/pt\/wp-json\/wp\/v2\/product_cat?post=5195"},{"taxonomy":"product_tag","embeddable":true,"href":"https:\/\/www.wzouzhuo.com\/pt\/wp-json\/wp\/v2\/product_tag?post=5195"}],"curies":[{"name":"wp","href":"https:\/\/api.w.org\/{rel}","templated":true}]}}