{"id":5159,"date":"2025-03-02T07:06:49","date_gmt":"2025-03-02T07:06:49","guid":{"rendered":"https:\/\/www.wzouzhuo.com\/?post_type=product&#038;p=5159"},"modified":"2025-03-02T07:06:49","modified_gmt":"2025-03-02T07:06:49","slug":"oz-8126-premium-shoe-material","status":"publish","type":"product","link":"https:\/\/www.wzouzhuo.com\/pt\/product\/oz-8126-material-premium-para-calcados\/","title":{"rendered":"OZ-8126 Material Premium para cal\u00e7ados"},"content":{"rendered":"<p>O material OZ-8126 consiste em uma matriz de poliuretano com uma camada de superf\u00edcie formada por meio da microrreplica\u00e7\u00e3o de padr\u00f5es de papel release, obtida por meio de grava\u00e7\u00e3o t\u00e9rmica controlada. Depois disso, marcas em forma de rel\u00e2mpago s\u00e3o impressas em sua superf\u00edcie, o que causa um efeito de tirar o f\u00f4lego nas pessoas.<\/p>\n<p>Esse produto \u00e9 utilizado predominantemente em cal\u00e7ados de camur\u00e7a, desempenhando um papel fundamental no aprimoramento da qualidade e da funcionalidade gerais desses cal\u00e7ados da moda, satisfazendo, assim, as demandas mais exigentes do mercado.<\/p>","protected":false},"excerpt":{"rendered":"<p><strong>Matriz de PU<\/strong>\u00a0com\u00a0<strong>superf\u00edcie microtexturizada<\/strong>\u00a0(com relevo t\u00e9rmico) +\u00a0<strong>impress\u00f5es de raios<\/strong>\u00a0(ousadia que chama a aten\u00e7\u00e3o). Eleva os cal\u00e7ados de camur\u00e7a com durabilidade de vanguarda e apelo de mercado.<\/p>\n<p>Espessura: 1,30MM<\/p>\n<p>Largura: 1,37M<\/p>\n<p>SUPORTE: REVESTIDO<\/p>\n<p>APLICA\u00c7\u00c3O: CAL\u00c7ADOS<\/p>","protected":false},"featured_media":5161,"template":"","meta":{"site-sidebar-layout":"default","site-content-layout":"","ast-site-content-layout":"default","site-content-style":"default","site-sidebar-style":"default","ast-global-header-display":"","ast-banner-title-visibility":"","ast-main-header-display":"","ast-hfb-above-header-display":"","ast-hfb-below-header-display":"","ast-hfb-mobile-header-display":"","site-post-title":"","ast-breadcrumbs-content":"","ast-featured-img":"","footer-sml-layout":"","theme-transparent-header-meta":"default","adv-header-id-meta":"","stick-header-meta":"default","header-above-stick-meta":"","header-main-stick-meta":"","header-below-stick-meta":"","astra-migrate-meta-layouts":"set","ast-page-background-enabled":"default","ast-page-background-meta":{"desktop":{"background-color":"","background-image":"","background-repeat":"repeat","background-position":"center center","background-size":"auto","background-attachment":"scroll","background-type":"","background-media":"","overlay-type":"","overlay-color":"","overlay-opacity":"","overlay-gradient":""},"tablet":{"background-color":"","background-image":"","background-repeat":"repeat","background-position":"center center","background-size":"auto","background-attachment":"scroll","background-type":"","background-media":"","overlay-type":"","overlay-color":"","overlay-opacity":"","overlay-gradient":""},"mobile":{"background-color":"","background-image":"","background-repeat":"repeat","background-position":"center center","background-size":"auto","background-attachment":"scroll","background-type":"","background-media":"","overlay-type":"","overlay-color":"","overlay-opacity":"","overlay-gradient":""}},"ast-content-background-meta":{"desktop":{"background-color":"var(--ast-global-color-5)","background-image":"","background-repeat":"repeat","background-position":"center center","background-size":"auto","background-attachment":"scroll","background-type":"","background-media":"","overlay-type":"","overlay-color":"","overlay-opacity":"","overlay-gradient":""},"tablet":{"background-color":"var(--ast-global-color-5)","background-image":"","background-repeat":"repeat","background-position":"center center","background-size":"auto","background-attachment":"scroll","background-type":"","background-media":"","overlay-type":"","overlay-color":"","overlay-opacity":"","overlay-gradient":""},"mobile":{"background-color":"var(--ast-global-color-5)","background-image":"","background-repeat":"repeat","background-position":"center center","background-size":"auto","background-attachment":"scroll","background-type":"","background-media":"","overlay-type":"","overlay-color":"","overlay-opacity":"","overlay-gradient":""}}},"product_brand":[],"product_cat":[22,64],"product_tag":[],"class_list":{"0":"post-5159","1":"product","2":"type-product","3":"status-publish","4":"has-post-thumbnail","6":"product_cat-synthetic-leather","7":"product_cat-shoe","8":"desktop-align-center","9":"tablet-align-center","10":"mobile-align-center","11":"ast-product-gallery-layout-vertical-slider","12":"ast-magnify-disabled","13":"ast-product-tabs-layout-horizontal","15":"first","16":"instock","17":"shipping-taxable","18":"product-type-simple"},"_links":{"self":[{"href":"https:\/\/www.wzouzhuo.com\/pt\/wp-json\/wp\/v2\/product\/5159","targetHints":{"allow":["GET"]}}],"collection":[{"href":"https:\/\/www.wzouzhuo.com\/pt\/wp-json\/wp\/v2\/product"}],"about":[{"href":"https:\/\/www.wzouzhuo.com\/pt\/wp-json\/wp\/v2\/types\/product"}],"version-history":[{"count":1,"href":"https:\/\/www.wzouzhuo.com\/pt\/wp-json\/wp\/v2\/product\/5159\/revisions"}],"predecessor-version":[{"id":5160,"href":"https:\/\/www.wzouzhuo.com\/pt\/wp-json\/wp\/v2\/product\/5159\/revisions\/5160"}],"wp:featuredmedia":[{"embeddable":true,"href":"https:\/\/www.wzouzhuo.com\/pt\/wp-json\/wp\/v2\/media\/5161"}],"wp:attachment":[{"href":"https:\/\/www.wzouzhuo.com\/pt\/wp-json\/wp\/v2\/media?parent=5159"}],"wp:term":[{"taxonomy":"product_brand","embeddable":true,"href":"https:\/\/www.wzouzhuo.com\/pt\/wp-json\/wp\/v2\/product_brand?post=5159"},{"taxonomy":"product_cat","embeddable":true,"href":"https:\/\/www.wzouzhuo.com\/pt\/wp-json\/wp\/v2\/product_cat?post=5159"},{"taxonomy":"product_tag","embeddable":true,"href":"https:\/\/www.wzouzhuo.com\/pt\/wp-json\/wp\/v2\/product_tag?post=5159"}],"curies":[{"name":"wp","href":"https:\/\/api.w.org\/{rel}","templated":true}]}}