{"id":5152,"date":"2025-03-02T06:51:00","date_gmt":"2025-03-02T06:51:00","guid":{"rendered":"https:\/\/www.wzouzhuo.com\/?post_type=product&#038;p=5152"},"modified":"2025-03-02T06:51:00","modified_gmt":"2025-03-02T06:51:00","slug":"oz-8108-designer-material","status":"publish","type":"product","link":"https:\/\/www.wzouzhuo.com\/pt\/product\/oz-8108-material-de-design\/","title":{"rendered":"OZ-8108 Material de design"},"content":{"rendered":"<p>O OZ-8108 \u00e9 baseado em laminado de base PU com filme de PVC. Ele combina durabilidade estrutural com est\u00e9tica de vanguarda.  Com recursos de personaliza\u00e7\u00e3o de cores de espectro total por meio de tecnologia avan\u00e7ada de impress\u00e3o digital, essa solu\u00e7\u00e3o inovadora de material oferece alinhamento crom\u00e1tico preciso para atender aos requisitos de paleta espec\u00edficos da marca em diversas aplica\u00e7\u00f5es de produtos.<br \/>\nDe t\u00eanis prontos para o playground a bolsas dignas de passarela, esse material transformador tornou-se a arma secreta dos designers que buscam injetar um charme caprichoso em produtos funcionais, impulsionando o crescimento anual de 27% no setor de acess\u00f3rios juvenis.<\/p>","protected":false},"excerpt":{"rendered":"<p><strong>Laminado de PU\/PVC<\/strong>\u00a0(dur\u00e1vel + vanguardista) com\u00a0<strong>personaliza\u00e7\u00e3o digital de cores de espectro total<\/strong>\u00a0(tons exatos da marca). A Powers t\u00eanis, bolsas e acess\u00f3rios juvenis - impulsiona o crescimento de 27% YOY por meio de designs divertidos e funcionais.<\/p>\n<p>Espessura: 0,90MM<\/p>\n<p>Largura: 1,37M<\/p>\n<p>FORRO: ALGOD\u00c3O<\/p>\n<p>APLICA\u00c7\u00c3O: SAPATO, BOLSA<\/p>","protected":false},"featured_media":5154,"template":"","meta":{"site-sidebar-layout":"default","site-content-layout":"","ast-site-content-layout":"default","site-content-style":"default","site-sidebar-style":"default","ast-global-header-display":"","ast-banner-title-visibility":"","ast-main-header-display":"","ast-hfb-above-header-display":"","ast-hfb-below-header-display":"","ast-hfb-mobile-header-display":"","site-post-title":"","ast-breadcrumbs-content":"","ast-featured-img":"","footer-sml-layout":"","theme-transparent-header-meta":"default","adv-header-id-meta":"","stick-header-meta":"default","header-above-stick-meta":"","header-main-stick-meta":"","header-below-stick-meta":"","astra-migrate-meta-layouts":"set","ast-page-background-enabled":"default","ast-page-background-meta":{"desktop":{"background-color":"","background-image":"","background-repeat":"repeat","background-position":"center center","background-size":"auto","background-attachment":"scroll","background-type":"","background-media":"","overlay-type":"","overlay-color":"","overlay-opacity":"","overlay-gradient":""},"tablet":{"background-color":"","background-image":"","background-repeat":"repeat","background-position":"center center","background-size":"auto","background-attachment":"scroll","background-type":"","background-media":"","overlay-type":"","overlay-color":"","overlay-opacity":"","overlay-gradient":""},"mobile":{"background-color":"","background-image":"","background-repeat":"repeat","background-position":"center center","background-size":"auto","background-attachment":"scroll","background-type":"","background-media":"","overlay-type":"","overlay-color":"","overlay-opacity":"","overlay-gradient":""}},"ast-content-background-meta":{"desktop":{"background-color":"var(--ast-global-color-5)","background-image":"","background-repeat":"repeat","background-position":"center center","background-size":"auto","background-attachment":"scroll","background-type":"","background-media":"","overlay-type":"","overlay-color":"","overlay-opacity":"","overlay-gradient":""},"tablet":{"background-color":"var(--ast-global-color-5)","background-image":"","background-repeat":"repeat","background-position":"center center","background-size":"auto","background-attachment":"scroll","background-type":"","background-media":"","overlay-type":"","overlay-color":"","overlay-opacity":"","overlay-gradient":""},"mobile":{"background-color":"var(--ast-global-color-5)","background-image":"","background-repeat":"repeat","background-position":"center center","background-size":"auto","background-attachment":"scroll","background-type":"","background-media":"","overlay-type":"","overlay-color":"","overlay-opacity":"","overlay-gradient":""}}},"product_brand":[],"product_cat":[22,66],"product_tag":[],"class_list":{"0":"post-5152","1":"product","2":"type-product","3":"status-publish","4":"has-post-thumbnail","6":"product_cat-synthetic-leather","7":"product_cat-film","8":"desktop-align-center","9":"tablet-align-center","10":"mobile-align-center","11":"ast-product-gallery-layout-vertical-slider","12":"ast-magnify-disabled","13":"ast-product-tabs-layout-horizontal","15":"first","16":"instock","17":"shipping-taxable","18":"product-type-simple"},"_links":{"self":[{"href":"https:\/\/www.wzouzhuo.com\/pt\/wp-json\/wp\/v2\/product\/5152","targetHints":{"allow":["GET"]}}],"collection":[{"href":"https:\/\/www.wzouzhuo.com\/pt\/wp-json\/wp\/v2\/product"}],"about":[{"href":"https:\/\/www.wzouzhuo.com\/pt\/wp-json\/wp\/v2\/types\/product"}],"version-history":[{"count":1,"href":"https:\/\/www.wzouzhuo.com\/pt\/wp-json\/wp\/v2\/product\/5152\/revisions"}],"predecessor-version":[{"id":5156,"href":"https:\/\/www.wzouzhuo.com\/pt\/wp-json\/wp\/v2\/product\/5152\/revisions\/5156"}],"wp:featuredmedia":[{"embeddable":true,"href":"https:\/\/www.wzouzhuo.com\/pt\/wp-json\/wp\/v2\/media\/5154"}],"wp:attachment":[{"href":"https:\/\/www.wzouzhuo.com\/pt\/wp-json\/wp\/v2\/media?parent=5152"}],"wp:term":[{"taxonomy":"product_brand","embeddable":true,"href":"https:\/\/www.wzouzhuo.com\/pt\/wp-json\/wp\/v2\/product_brand?post=5152"},{"taxonomy":"product_cat","embeddable":true,"href":"https:\/\/www.wzouzhuo.com\/pt\/wp-json\/wp\/v2\/product_cat?post=5152"},{"taxonomy":"product_tag","embeddable":true,"href":"https:\/\/www.wzouzhuo.com\/pt\/wp-json\/wp\/v2\/product_tag?post=5152"}],"curies":[{"name":"wp","href":"https:\/\/api.w.org\/{rel}","templated":true}]}}