{"id":5146,"date":"2025-03-02T06:46:34","date_gmt":"2025-03-02T06:46:34","guid":{"rendered":"https:\/\/www.wzouzhuo.com\/?post_type=product&#038;p=5146"},"modified":"2025-03-02T06:46:34","modified_gmt":"2025-03-02T06:46:34","slug":"oz-6010-customizable-luxury-material","status":"publish","type":"product","link":"https:\/\/www.wzouzhuo.com\/pt\/product\/oz-6010-material-de-luxo-personalizavel\/","title":{"rendered":"OZ-6010 Material de luxo personaliz\u00e1vel"},"content":{"rendered":"<p>Esse produto \u00e9 fabricado com fibra ultrafina como material de base, sobre a qual um filme de PVC \u00e9 fixado e gravado em relevo. Ele apresenta uma ampla gama de cores e qualidade de primeira linha. Al\u00e9m disso, pode ser personalizado com v\u00e1rios padr\u00f5es de grava\u00e7\u00e3o de acordo com os requisitos espec\u00edficos dos clientes.<br \/>\nGra\u00e7as \u00e0s cores vibrantes de sua superf\u00edcie e aos desenhos intrincados, esse produto \u00e9 um material vers\u00e1til amplamente utilizado na cria\u00e7\u00e3o de uma grande variedade de acess\u00f3rios femininos, incluindo bolsas, sacolas, clutches e malas de viagem.<\/p>","protected":false},"excerpt":{"rendered":"<p><strong>Base de fibra ultrafina<\/strong>\u00a0+\u00a0<strong>filme de PVC em relevo<\/strong>\u00a0(cores vibrantes, qualidade premium). Padr\u00f5es totalmente personaliz\u00e1veis para bolsas chiques, totes, clutches ou malas de viagem - eleg\u00e2ncia vers\u00e1til para acess\u00f3rios femininos de alta qualidade.<\/p>\n<p>Espessura: 0,60MM<\/p>\n<p>Largura: 1,37M<\/p>\n<p>SUPORTE: MICROFIBRA<\/p>\n<p>APLICA\u00c7\u00c3O: BOLSA<\/p>","protected":false},"featured_media":5150,"template":"","meta":{"site-sidebar-layout":"default","site-content-layout":"","ast-site-content-layout":"default","site-content-style":"default","site-sidebar-style":"default","ast-global-header-display":"","ast-banner-title-visibility":"","ast-main-header-display":"","ast-hfb-above-header-display":"","ast-hfb-below-header-display":"","ast-hfb-mobile-header-display":"","site-post-title":"","ast-breadcrumbs-content":"","ast-featured-img":"","footer-sml-layout":"","theme-transparent-header-meta":"default","adv-header-id-meta":"","stick-header-meta":"default","header-above-stick-meta":"","header-main-stick-meta":"","header-below-stick-meta":"","astra-migrate-meta-layouts":"set","ast-page-background-enabled":"default","ast-page-background-meta":{"desktop":{"background-color":"","background-image":"","background-repeat":"repeat","background-position":"center center","background-size":"auto","background-attachment":"scroll","background-type":"","background-media":"","overlay-type":"","overlay-color":"","overlay-opacity":"","overlay-gradient":""},"tablet":{"background-color":"","background-image":"","background-repeat":"repeat","background-position":"center center","background-size":"auto","background-attachment":"scroll","background-type":"","background-media":"","overlay-type":"","overlay-color":"","overlay-opacity":"","overlay-gradient":""},"mobile":{"background-color":"","background-image":"","background-repeat":"repeat","background-position":"center center","background-size":"auto","background-attachment":"scroll","background-type":"","background-media":"","overlay-type":"","overlay-color":"","overlay-opacity":"","overlay-gradient":""}},"ast-content-background-meta":{"desktop":{"background-color":"var(--ast-global-color-5)","background-image":"","background-repeat":"repeat","background-position":"center center","background-size":"auto","background-attachment":"scroll","background-type":"","background-media":"","overlay-type":"","overlay-color":"","overlay-opacity":"","overlay-gradient":""},"tablet":{"background-color":"var(--ast-global-color-5)","background-image":"","background-repeat":"repeat","background-position":"center center","background-size":"auto","background-attachment":"scroll","background-type":"","background-media":"","overlay-type":"","overlay-color":"","overlay-opacity":"","overlay-gradient":""},"mobile":{"background-color":"var(--ast-global-color-5)","background-image":"","background-repeat":"repeat","background-position":"center center","background-size":"auto","background-attachment":"scroll","background-type":"","background-media":"","overlay-type":"","overlay-color":"","overlay-opacity":"","overlay-gradient":""}}},"product_brand":[],"product_cat":[22,65],"product_tag":[],"class_list":{"0":"post-5146","1":"product","2":"type-product","3":"status-publish","4":"has-post-thumbnail","6":"product_cat-synthetic-leather","7":"product_cat-bag","8":"desktop-align-center","9":"tablet-align-center","10":"mobile-align-center","11":"ast-product-gallery-layout-vertical-slider","12":"ast-magnify-disabled","13":"ast-product-tabs-layout-horizontal","15":"first","16":"instock","17":"shipping-taxable","18":"product-type-simple"},"_links":{"self":[{"href":"https:\/\/www.wzouzhuo.com\/pt\/wp-json\/wp\/v2\/product\/5146","targetHints":{"allow":["GET"]}}],"collection":[{"href":"https:\/\/www.wzouzhuo.com\/pt\/wp-json\/wp\/v2\/product"}],"about":[{"href":"https:\/\/www.wzouzhuo.com\/pt\/wp-json\/wp\/v2\/types\/product"}],"version-history":[{"count":1,"href":"https:\/\/www.wzouzhuo.com\/pt\/wp-json\/wp\/v2\/product\/5146\/revisions"}],"predecessor-version":[{"id":5151,"href":"https:\/\/www.wzouzhuo.com\/pt\/wp-json\/wp\/v2\/product\/5146\/revisions\/5151"}],"wp:featuredmedia":[{"embeddable":true,"href":"https:\/\/www.wzouzhuo.com\/pt\/wp-json\/wp\/v2\/media\/5150"}],"wp:attachment":[{"href":"https:\/\/www.wzouzhuo.com\/pt\/wp-json\/wp\/v2\/media?parent=5146"}],"wp:term":[{"taxonomy":"product_brand","embeddable":true,"href":"https:\/\/www.wzouzhuo.com\/pt\/wp-json\/wp\/v2\/product_brand?post=5146"},{"taxonomy":"product_cat","embeddable":true,"href":"https:\/\/www.wzouzhuo.com\/pt\/wp-json\/wp\/v2\/product_cat?post=5146"},{"taxonomy":"product_tag","embeddable":true,"href":"https:\/\/www.wzouzhuo.com\/pt\/wp-json\/wp\/v2\/product_tag?post=5146"}],"curies":[{"name":"wp","href":"https:\/\/api.w.org\/{rel}","templated":true}]}}