{"id":5064,"date":"2025-03-02T03:25:36","date_gmt":"2025-03-02T03:25:36","guid":{"rendered":"https:\/\/www.wzouzhuo.com\/?post_type=product&#038;p=5064"},"modified":"2025-03-02T06:10:19","modified_gmt":"2025-03-02T06:10:19","slug":"oz-6005-performance-fabric","status":"publish","type":"product","link":"https:\/\/www.wzouzhuo.com\/pt\/product\/tecido-de-desempenho-oz-6005\/","title":{"rendered":"Tecido de desempenho OZ-6005"},"content":{"rendered":"<p>O OZ-6005 \u00e9 fabricado com uma base de tecido de malha de 260 gramas, sobre a qual a impress\u00e3o digital \u00e9 habilmente executada na superf\u00edcie.  Esse design n\u00e3o s\u00f3 lhe confere excelente capacidade de respira\u00e7\u00e3o, mas tamb\u00e9m garante uma leveza not\u00e1vel. Esse produto \u00e9 usado principalmente em \u00e1reas em que os z\u00edperes precisam ser instalados, como bolsas e sapatos.<\/p>\n<p>Devido \u00e0s suas caracter\u00edsticas funcionais, esse produto \u00e9 amplamente utilizado na fabrica\u00e7\u00e3o de cal\u00e7ados esportivos, como os estruturados em malha, e outros produtos que podem tirar proveito de suas capacidades.<\/p>","protected":false},"excerpt":{"rendered":"<p><strong>Base de malha respir\u00e1vel<\/strong>\u00a0(leve como uma pluma) com\u00a0<strong>impress\u00f5es digitais vibrantes<\/strong>\u00a0(dur\u00e1vel, preciso). Otimizado para cal\u00e7ados esportivos com z\u00edper, bolsas de m\u00e3o ou equipamentos estruturados em malha - combina a efici\u00eancia do fluxo de ar com a versatilidade do design l\u00fadico.<\/p>\n<p>Espessura: 260G<\/p>\n<p>Largura: 1,37M<\/p>\n<p>SUPORTE: MALHA<\/p>\n<p>APLICA\u00c7\u00c3O: CAL\u00c7ADOS<\/p>","protected":false},"featured_media":5066,"template":"","meta":{"site-sidebar-layout":"default","site-content-layout":"","ast-site-content-layout":"default","site-content-style":"default","site-sidebar-style":"default","ast-global-header-display":"","ast-banner-title-visibility":"","ast-main-header-display":"","ast-hfb-above-header-display":"","ast-hfb-below-header-display":"","ast-hfb-mobile-header-display":"","site-post-title":"","ast-breadcrumbs-content":"","ast-featured-img":"","footer-sml-layout":"","theme-transparent-header-meta":"default","adv-header-id-meta":"","stick-header-meta":"default","header-above-stick-meta":"","header-main-stick-meta":"","header-below-stick-meta":"","astra-migrate-meta-layouts":"set","ast-page-background-enabled":"default","ast-page-background-meta":{"desktop":{"background-color":"","background-image":"","background-repeat":"repeat","background-position":"center center","background-size":"auto","background-attachment":"scroll","background-type":"","background-media":"","overlay-type":"","overlay-color":"","overlay-opacity":"","overlay-gradient":""},"tablet":{"background-color":"","background-image":"","background-repeat":"repeat","background-position":"center center","background-size":"auto","background-attachment":"scroll","background-type":"","background-media":"","overlay-type":"","overlay-color":"","overlay-opacity":"","overlay-gradient":""},"mobile":{"background-color":"","background-image":"","background-repeat":"repeat","background-position":"center center","background-size":"auto","background-attachment":"scroll","background-type":"","background-media":"","overlay-type":"","overlay-color":"","overlay-opacity":"","overlay-gradient":""}},"ast-content-background-meta":{"desktop":{"background-color":"var(--ast-global-color-5)","background-image":"","background-repeat":"repeat","background-position":"center center","background-size":"auto","background-attachment":"scroll","background-type":"","background-media":"","overlay-type":"","overlay-color":"","overlay-opacity":"","overlay-gradient":""},"tablet":{"background-color":"var(--ast-global-color-5)","background-image":"","background-repeat":"repeat","background-position":"center center","background-size":"auto","background-attachment":"scroll","background-type":"","background-media":"","overlay-type":"","overlay-color":"","overlay-opacity":"","overlay-gradient":""},"mobile":{"background-color":"var(--ast-global-color-5)","background-image":"","background-repeat":"repeat","background-position":"center center","background-size":"auto","background-attachment":"scroll","background-type":"","background-media":"","overlay-type":"","overlay-color":"","overlay-opacity":"","overlay-gradient":""}}},"product_brand":[],"product_cat":[57,69],"product_tag":[],"class_list":{"0":"post-5064","1":"product","2":"type-product","3":"status-publish","4":"has-post-thumbnail","6":"product_cat-textile","7":"product_cat-mesh","8":"desktop-align-center","9":"tablet-align-center","10":"mobile-align-center","11":"ast-product-gallery-layout-vertical-slider","12":"ast-magnify-disabled","13":"ast-product-tabs-layout-horizontal","15":"first","16":"instock","17":"shipping-taxable","18":"product-type-simple"},"_links":{"self":[{"href":"https:\/\/www.wzouzhuo.com\/pt\/wp-json\/wp\/v2\/product\/5064","targetHints":{"allow":["GET"]}}],"collection":[{"href":"https:\/\/www.wzouzhuo.com\/pt\/wp-json\/wp\/v2\/product"}],"about":[{"href":"https:\/\/www.wzouzhuo.com\/pt\/wp-json\/wp\/v2\/types\/product"}],"version-history":[{"count":3,"href":"https:\/\/www.wzouzhuo.com\/pt\/wp-json\/wp\/v2\/product\/5064\/revisions"}],"predecessor-version":[{"id":5070,"href":"https:\/\/www.wzouzhuo.com\/pt\/wp-json\/wp\/v2\/product\/5064\/revisions\/5070"}],"wp:featuredmedia":[{"embeddable":true,"href":"https:\/\/www.wzouzhuo.com\/pt\/wp-json\/wp\/v2\/media\/5066"}],"wp:attachment":[{"href":"https:\/\/www.wzouzhuo.com\/pt\/wp-json\/wp\/v2\/media?parent=5064"}],"wp:term":[{"taxonomy":"product_brand","embeddable":true,"href":"https:\/\/www.wzouzhuo.com\/pt\/wp-json\/wp\/v2\/product_brand?post=5064"},{"taxonomy":"product_cat","embeddable":true,"href":"https:\/\/www.wzouzhuo.com\/pt\/wp-json\/wp\/v2\/product_cat?post=5064"},{"taxonomy":"product_tag","embeddable":true,"href":"https:\/\/www.wzouzhuo.com\/pt\/wp-json\/wp\/v2\/product_tag?post=5064"}],"curies":[{"name":"wp","href":"https:\/\/api.w.org\/{rel}","templated":true}]}}