{"id":6141,"date":"2025-04-29T01:39:24","date_gmt":"2025-04-29T01:39:24","guid":{"rendered":"https:\/\/www.wzouzhuo.com\/?post_type=product&#038;p=6141"},"modified":"2025-04-29T01:39:24","modified_gmt":"2025-04-29T01:39:24","slug":"oz-6031-rhombus-nappa-pvc","status":"publish","type":"product","link":"https:\/\/www.wzouzhuo.com\/fr\/product\/oz-6031-rhombus-nappa-pvc\/","title":{"rendered":"OZ-6031 Rhombus-Nappa PVC"},"content":{"rendered":"<p>Le mat\u00e9riau OZ-6031 est produit par moussage double face de PVC sur du tissu non tiss\u00e9. Des rouleaux de gaufrage distincts sont ensuite utilis\u00e9s pour texturer ses surfaces. L'une des faces pr\u00e9sente un motif compos\u00e9 de nombreux petits losanges, offrant une exp\u00e9rience tactile tridimensionnelle et lisse. L'autre face pr\u00e9sente la texture Nappa classique, un choix intemporel et \u00e9l\u00e9gant qui r\u00e9siste \u00e0 l'examen visuel.<\/p>\n<p>Ce nouveau mod\u00e8le a re\u00e7u des critiques \u00e9logieuses d\u00e8s son lancement. Il a d\u00e9j\u00e0 \u00e9t\u00e9 s\u00e9lectionn\u00e9 pour des sets de table personnalis\u00e9s de couleur claire dans les collections de printemps et d'\u00e9t\u00e9, ce qui d\u00e9montre son fort attrait sur le march\u00e9.<\/p>","protected":false},"excerpt":{"rendered":"<p>Epaisseur : 1.70MM<\/p>\n<p>Largeur : 1,37 m<\/p>\n<p>SUPPORT : DOUBLE FACE<\/p>\n<p>APPLICATION : SET DE TABLE<\/p>\n<p>OZ-6031 : Mousse PVC double face avec texture en losange 3D et finition Nappa intemporelle. Id\u00e9al pour les sets de table personnalis\u00e9s aux tons clairs, appr\u00e9ci\u00e9 pour son attrait tactile \u00e9l\u00e9gant et sa polyvalence saisonni\u00e8re.<\/p>","protected":false},"featured_media":6144,"template":"","meta":{"site-sidebar-layout":"default","site-content-layout":"","ast-site-content-layout":"default","site-content-style":"default","site-sidebar-style":"default","ast-global-header-display":"","ast-banner-title-visibility":"","ast-main-header-display":"","ast-hfb-above-header-display":"","ast-hfb-below-header-display":"","ast-hfb-mobile-header-display":"","site-post-title":"","ast-breadcrumbs-content":"","ast-featured-img":"","footer-sml-layout":"","theme-transparent-header-meta":"default","adv-header-id-meta":"","stick-header-meta":"default","header-above-stick-meta":"","header-main-stick-meta":"","header-below-stick-meta":"","astra-migrate-meta-layouts":"set","ast-page-background-enabled":"default","ast-page-background-meta":{"desktop":{"background-color":"","background-image":"","background-repeat":"repeat","background-position":"center center","background-size":"auto","background-attachment":"scroll","background-type":"","background-media":"","overlay-type":"","overlay-color":"","overlay-opacity":"","overlay-gradient":""},"tablet":{"background-color":"","background-image":"","background-repeat":"repeat","background-position":"center center","background-size":"auto","background-attachment":"scroll","background-type":"","background-media":"","overlay-type":"","overlay-color":"","overlay-opacity":"","overlay-gradient":""},"mobile":{"background-color":"","background-image":"","background-repeat":"repeat","background-position":"center center","background-size":"auto","background-attachment":"scroll","background-type":"","background-media":"","overlay-type":"","overlay-color":"","overlay-opacity":"","overlay-gradient":""}},"ast-content-background-meta":{"desktop":{"background-color":"var(--ast-global-color-5)","background-image":"","background-repeat":"repeat","background-position":"center center","background-size":"auto","background-attachment":"scroll","background-type":"","background-media":"","overlay-type":"","overlay-color":"","overlay-opacity":"","overlay-gradient":""},"tablet":{"background-color":"var(--ast-global-color-5)","background-image":"","background-repeat":"repeat","background-position":"center center","background-size":"auto","background-attachment":"scroll","background-type":"","background-media":"","overlay-type":"","overlay-color":"","overlay-opacity":"","overlay-gradient":""},"mobile":{"background-color":"var(--ast-global-color-5)","background-image":"","background-repeat":"repeat","background-position":"center center","background-size":"auto","background-attachment":"scroll","background-type":"","background-media":"","overlay-type":"","overlay-color":"","overlay-opacity":"","overlay-gradient":""}}},"product_brand":[],"product_cat":[22,71],"product_tag":[],"class_list":{"0":"post-6141","1":"product","2":"type-product","3":"status-publish","4":"has-post-thumbnail","6":"product_cat-synthetic-leather","7":"product_cat-placemat","8":"desktop-align-center","9":"tablet-align-center","10":"mobile-align-center","11":"ast-product-gallery-layout-vertical-slider","12":"ast-magnify-disabled","13":"ast-product-tabs-layout-horizontal","15":"first","16":"instock","17":"shipping-taxable","18":"product-type-simple"},"_links":{"self":[{"href":"https:\/\/www.wzouzhuo.com\/fr\/wp-json\/wp\/v2\/product\/6141","targetHints":{"allow":["GET"]}}],"collection":[{"href":"https:\/\/www.wzouzhuo.com\/fr\/wp-json\/wp\/v2\/product"}],"about":[{"href":"https:\/\/www.wzouzhuo.com\/fr\/wp-json\/wp\/v2\/types\/product"}],"version-history":[{"count":1,"href":"https:\/\/www.wzouzhuo.com\/fr\/wp-json\/wp\/v2\/product\/6141\/revisions"}],"predecessor-version":[{"id":6145,"href":"https:\/\/www.wzouzhuo.com\/fr\/wp-json\/wp\/v2\/product\/6141\/revisions\/6145"}],"wp:featuredmedia":[{"embeddable":true,"href":"https:\/\/www.wzouzhuo.com\/fr\/wp-json\/wp\/v2\/media\/6144"}],"wp:attachment":[{"href":"https:\/\/www.wzouzhuo.com\/fr\/wp-json\/wp\/v2\/media?parent=6141"}],"wp:term":[{"taxonomy":"product_brand","embeddable":true,"href":"https:\/\/www.wzouzhuo.com\/fr\/wp-json\/wp\/v2\/product_brand?post=6141"},{"taxonomy":"product_cat","embeddable":true,"href":"https:\/\/www.wzouzhuo.com\/fr\/wp-json\/wp\/v2\/product_cat?post=6141"},{"taxonomy":"product_tag","embeddable":true,"href":"https:\/\/www.wzouzhuo.com\/fr\/wp-json\/wp\/v2\/product_tag?post=6141"}],"curies":[{"name":"wp","href":"https:\/\/api.w.org\/{rel}","templated":true}]}}