{"id":6135,"date":"2025-04-29T01:36:58","date_gmt":"2025-04-29T01:36:58","guid":{"rendered":"https:\/\/www.wzouzhuo.com\/?post_type=product&#038;p=6135"},"modified":"2025-04-29T01:36:58","modified_gmt":"2025-04-29T01:36:58","slug":"oz-6030-retro-static-pvc","status":"publish","type":"product","link":"https:\/\/www.wzouzhuo.com\/fr\/product\/oz-6030-retro-static-pvc\/","title":{"rendered":"OZ-6030 Retro Static PVC"},"content":{"rendered":"<p>Le mat\u00e9riau OZ-6030 est fabriqu\u00e9 par moussage double face de PVC sur du tissu non tiss\u00e9. Des rouleaux de gaufrage sont ensuite utilis\u00e9s des deux c\u00f4t\u00e9s pour cr\u00e9er des textures de base, qui sont ensuite recouvertes de couleurs imprim\u00e9es. L'effet de surface qui en r\u00e9sulte ressemble \u00e0 la statique chaotique et hypnotique des \u00e9crans de t\u00e9l\u00e9vision d'antan, avec des motifs complexes et entrelac\u00e9s qui attirent l'attention.<\/p>\n<p>Gr\u00e2ce \u00e0 son visage distinctif et saisissant, ce produit a \u00e9t\u00e9 largement utilis\u00e9 dans les films de science-fiction, servant d'\u00e9l\u00e9ment cl\u00e9 dans la cr\u00e9ation de d\u00e9cors empreints d'une ambiance myst\u00e9rieuse et d'un autre monde.<\/p>","protected":false},"excerpt":{"rendered":"<p>Epaisseur : 1.80MM<\/p>\n<p>Largeur : 1,37 m<\/p>\n<p>SUPPORT : DOUBLE FACE<\/p>\n<p>APPLICATION : SET DE TABLE<\/p>\n<p>OZ-6030 : Mousse PVC double face gaufr\u00e9e avec des motifs statiques de t\u00e9l\u00e9vision r\u00e9tro et des superpositions vibrantes. Utilis\u00e9 dans les films de science-fiction pour des environnements futuristes et accrocheurs.<\/p>","protected":false},"featured_media":6138,"template":"","meta":{"site-sidebar-layout":"default","site-content-layout":"","ast-site-content-layout":"default","site-content-style":"default","site-sidebar-style":"default","ast-global-header-display":"","ast-banner-title-visibility":"","ast-main-header-display":"","ast-hfb-above-header-display":"","ast-hfb-below-header-display":"","ast-hfb-mobile-header-display":"","site-post-title":"","ast-breadcrumbs-content":"","ast-featured-img":"","footer-sml-layout":"","theme-transparent-header-meta":"default","adv-header-id-meta":"","stick-header-meta":"default","header-above-stick-meta":"","header-main-stick-meta":"","header-below-stick-meta":"","astra-migrate-meta-layouts":"set","ast-page-background-enabled":"default","ast-page-background-meta":{"desktop":{"background-color":"","background-image":"","background-repeat":"repeat","background-position":"center center","background-size":"auto","background-attachment":"scroll","background-type":"","background-media":"","overlay-type":"","overlay-color":"","overlay-opacity":"","overlay-gradient":""},"tablet":{"background-color":"","background-image":"","background-repeat":"repeat","background-position":"center center","background-size":"auto","background-attachment":"scroll","background-type":"","background-media":"","overlay-type":"","overlay-color":"","overlay-opacity":"","overlay-gradient":""},"mobile":{"background-color":"","background-image":"","background-repeat":"repeat","background-position":"center center","background-size":"auto","background-attachment":"scroll","background-type":"","background-media":"","overlay-type":"","overlay-color":"","overlay-opacity":"","overlay-gradient":""}},"ast-content-background-meta":{"desktop":{"background-color":"var(--ast-global-color-5)","background-image":"","background-repeat":"repeat","background-position":"center center","background-size":"auto","background-attachment":"scroll","background-type":"","background-media":"","overlay-type":"","overlay-color":"","overlay-opacity":"","overlay-gradient":""},"tablet":{"background-color":"var(--ast-global-color-5)","background-image":"","background-repeat":"repeat","background-position":"center center","background-size":"auto","background-attachment":"scroll","background-type":"","background-media":"","overlay-type":"","overlay-color":"","overlay-opacity":"","overlay-gradient":""},"mobile":{"background-color":"var(--ast-global-color-5)","background-image":"","background-repeat":"repeat","background-position":"center center","background-size":"auto","background-attachment":"scroll","background-type":"","background-media":"","overlay-type":"","overlay-color":"","overlay-opacity":"","overlay-gradient":""}}},"product_brand":[],"product_cat":[22,71],"product_tag":[],"class_list":{"0":"post-6135","1":"product","2":"type-product","3":"status-publish","4":"has-post-thumbnail","6":"product_cat-synthetic-leather","7":"product_cat-placemat","8":"desktop-align-center","9":"tablet-align-center","10":"mobile-align-center","11":"ast-product-gallery-layout-vertical-slider","12":"ast-magnify-disabled","13":"ast-product-tabs-layout-horizontal","15":"first","16":"instock","17":"shipping-taxable","18":"product-type-simple"},"_links":{"self":[{"href":"https:\/\/www.wzouzhuo.com\/fr\/wp-json\/wp\/v2\/product\/6135","targetHints":{"allow":["GET"]}}],"collection":[{"href":"https:\/\/www.wzouzhuo.com\/fr\/wp-json\/wp\/v2\/product"}],"about":[{"href":"https:\/\/www.wzouzhuo.com\/fr\/wp-json\/wp\/v2\/types\/product"}],"version-history":[{"count":1,"href":"https:\/\/www.wzouzhuo.com\/fr\/wp-json\/wp\/v2\/product\/6135\/revisions"}],"predecessor-version":[{"id":6140,"href":"https:\/\/www.wzouzhuo.com\/fr\/wp-json\/wp\/v2\/product\/6135\/revisions\/6140"}],"wp:featuredmedia":[{"embeddable":true,"href":"https:\/\/www.wzouzhuo.com\/fr\/wp-json\/wp\/v2\/media\/6138"}],"wp:attachment":[{"href":"https:\/\/www.wzouzhuo.com\/fr\/wp-json\/wp\/v2\/media?parent=6135"}],"wp:term":[{"taxonomy":"product_brand","embeddable":true,"href":"https:\/\/www.wzouzhuo.com\/fr\/wp-json\/wp\/v2\/product_brand?post=6135"},{"taxonomy":"product_cat","embeddable":true,"href":"https:\/\/www.wzouzhuo.com\/fr\/wp-json\/wp\/v2\/product_cat?post=6135"},{"taxonomy":"product_tag","embeddable":true,"href":"https:\/\/www.wzouzhuo.com\/fr\/wp-json\/wp\/v2\/product_tag?post=6135"}],"curies":[{"name":"wp","href":"https:\/\/api.w.org\/{rel}","templated":true}]}}