{"id":6125,"date":"2025-04-29T01:26:16","date_gmt":"2025-04-29T01:26:16","guid":{"rendered":"https:\/\/www.wzouzhuo.com\/?post_type=product&#038;p=6125"},"modified":"2025-04-29T01:26:16","modified_gmt":"2025-04-29T01:26:16","slug":"oz-6125-egyptian-dual-texture-pvc","status":"publish","type":"product","link":"https:\/\/www.wzouzhuo.com\/fr\/product\/oz-6125-egyptian-dual-texture-pvc\/","title":{"rendered":"OZ-6028 Egyptian Dual-Texture PVC"},"content":{"rendered":"<p>Le mat\u00e9riau OZ-6028 est produit par moussage double face de PVC sur du tissu non tiss\u00e9. Des rouleaux de gaufrage sont ensuite utilis\u00e9s pour cr\u00e9er des textures distinctes sur les deux faces. L'une des faces pr\u00e9sente un motif ressemblant \u00e0 un marquage routier, avec des lignes parall\u00e8les, et est ensuite imprim\u00e9e avec des pigments nacr\u00e9s, conf\u00e9rant au produit un charme exotique rappelant l'\u00c9gypte m\u00e9di\u00e9vale. L'autre face pr\u00e9sente un motif classique en peau de vache. Pour ceux qui se lassent du style opulent, cette texture classique offre une alternative esth\u00e9tique.<\/p>\n<p>Ce produit occupe une part de march\u00e9 importante au Moyen-Orient. Compte tenu de l'affinit\u00e9 profonde de la r\u00e9gion pour l'or, les consommateurs y sont \u00e9galement tr\u00e8s favorables aux produits aux tons dor\u00e9s, ce qui a contribu\u00e9 \u00e0 la popularit\u00e9 du produit.<\/p>","protected":false},"excerpt":{"rendered":"<p>Epaisseur : 1.90MM<\/p>\n<p>Largeur : 1,37 m<\/p>\n<p>SUPPORT : DOUBLE FACE<\/p>\n<p>APPLICATION : SET DE TABLE<\/p>\n<p>OZ-6028 : Mousse PVC double face avec marquages routiers en relief + charme nacr\u00e9 d'inspiration \u00e9gyptienne d'un c\u00f4t\u00e9 et texture classique de la peau de vache de l'autre. L'attrait des tons dor\u00e9s suscite une forte demande sur les march\u00e9s du Moyen-Orient.<\/p>","protected":false},"featured_media":6126,"template":"","meta":{"site-sidebar-layout":"default","site-content-layout":"","ast-site-content-layout":"default","site-content-style":"default","site-sidebar-style":"default","ast-global-header-display":"","ast-banner-title-visibility":"","ast-main-header-display":"","ast-hfb-above-header-display":"","ast-hfb-below-header-display":"","ast-hfb-mobile-header-display":"","site-post-title":"","ast-breadcrumbs-content":"","ast-featured-img":"","footer-sml-layout":"","theme-transparent-header-meta":"default","adv-header-id-meta":"","stick-header-meta":"default","header-above-stick-meta":"","header-main-stick-meta":"","header-below-stick-meta":"","astra-migrate-meta-layouts":"set","ast-page-background-enabled":"default","ast-page-background-meta":{"desktop":{"background-color":"","background-image":"","background-repeat":"repeat","background-position":"center center","background-size":"auto","background-attachment":"scroll","background-type":"","background-media":"","overlay-type":"","overlay-color":"","overlay-opacity":"","overlay-gradient":""},"tablet":{"background-color":"","background-image":"","background-repeat":"repeat","background-position":"center center","background-size":"auto","background-attachment":"scroll","background-type":"","background-media":"","overlay-type":"","overlay-color":"","overlay-opacity":"","overlay-gradient":""},"mobile":{"background-color":"","background-image":"","background-repeat":"repeat","background-position":"center center","background-size":"auto","background-attachment":"scroll","background-type":"","background-media":"","overlay-type":"","overlay-color":"","overlay-opacity":"","overlay-gradient":""}},"ast-content-background-meta":{"desktop":{"background-color":"var(--ast-global-color-5)","background-image":"","background-repeat":"repeat","background-position":"center center","background-size":"auto","background-attachment":"scroll","background-type":"","background-media":"","overlay-type":"","overlay-color":"","overlay-opacity":"","overlay-gradient":""},"tablet":{"background-color":"var(--ast-global-color-5)","background-image":"","background-repeat":"repeat","background-position":"center center","background-size":"auto","background-attachment":"scroll","background-type":"","background-media":"","overlay-type":"","overlay-color":"","overlay-opacity":"","overlay-gradient":""},"mobile":{"background-color":"var(--ast-global-color-5)","background-image":"","background-repeat":"repeat","background-position":"center center","background-size":"auto","background-attachment":"scroll","background-type":"","background-media":"","overlay-type":"","overlay-color":"","overlay-opacity":"","overlay-gradient":""}}},"product_brand":[],"product_cat":[22,71],"product_tag":[],"class_list":{"0":"post-6125","1":"product","2":"type-product","3":"status-publish","4":"has-post-thumbnail","6":"product_cat-synthetic-leather","7":"product_cat-placemat","8":"desktop-align-center","9":"tablet-align-center","10":"mobile-align-center","11":"ast-product-gallery-layout-vertical-slider","12":"ast-magnify-disabled","13":"ast-product-tabs-layout-horizontal","15":"first","16":"instock","17":"shipping-taxable","18":"product-type-simple"},"_links":{"self":[{"href":"https:\/\/www.wzouzhuo.com\/fr\/wp-json\/wp\/v2\/product\/6125","targetHints":{"allow":["GET"]}}],"collection":[{"href":"https:\/\/www.wzouzhuo.com\/fr\/wp-json\/wp\/v2\/product"}],"about":[{"href":"https:\/\/www.wzouzhuo.com\/fr\/wp-json\/wp\/v2\/types\/product"}],"version-history":[{"count":1,"href":"https:\/\/www.wzouzhuo.com\/fr\/wp-json\/wp\/v2\/product\/6125\/revisions"}],"predecessor-version":[{"id":6129,"href":"https:\/\/www.wzouzhuo.com\/fr\/wp-json\/wp\/v2\/product\/6125\/revisions\/6129"}],"wp:featuredmedia":[{"embeddable":true,"href":"https:\/\/www.wzouzhuo.com\/fr\/wp-json\/wp\/v2\/media\/6126"}],"wp:attachment":[{"href":"https:\/\/www.wzouzhuo.com\/fr\/wp-json\/wp\/v2\/media?parent=6125"}],"wp:term":[{"taxonomy":"product_brand","embeddable":true,"href":"https:\/\/www.wzouzhuo.com\/fr\/wp-json\/wp\/v2\/product_brand?post=6125"},{"taxonomy":"product_cat","embeddable":true,"href":"https:\/\/www.wzouzhuo.com\/fr\/wp-json\/wp\/v2\/product_cat?post=6125"},{"taxonomy":"product_tag","embeddable":true,"href":"https:\/\/www.wzouzhuo.com\/fr\/wp-json\/wp\/v2\/product_tag?post=6125"}],"curies":[{"name":"wp","href":"https:\/\/api.w.org\/{rel}","templated":true}]}}