{"id":5966,"date":"2025-04-28T01:21:14","date_gmt":"2025-04-28T01:21:14","guid":{"rendered":"https:\/\/www.wzouzhuo.com\/?post_type=product&#038;p=5966"},"modified":"2025-04-28T01:21:14","modified_gmt":"2025-04-28T01:21:14","slug":"oz-6021-denim-calf-pvc","status":"publish","type":"product","link":"https:\/\/www.wzouzhuo.com\/fr\/product\/oz-6021-denim-calf-pvc\/","title":{"rendered":"OZ-6021 Denim-Mollet PVC"},"content":{"rendered":"<p>Le mat\u00e9riau OZ-6021 est fabriqu\u00e9 par moussage double face de PVC sur du tissu non tiss\u00e9. Ensuite, un rouleau gaufreur est utilis\u00e9 pour cr\u00e9er des motifs triangulaires sur une face, imitant la texture du denim. Ce motif d\u00e9gage un charme \u00e0 la fois r\u00e9tro et branch\u00e9. Sur l'autre face, l'imprim\u00e9 intemporel du veau est gaufr\u00e9. L'OZ-6021 allie harmonieusement des \u00e9l\u00e9ments classiques et des \u00e9l\u00e9ments de mode, ce qui en fait un produit qui pla\u00eet \u00e0 un large \u00e9ventail de go\u00fbts.<\/p>\n<p>Ce produit a acquis une immense popularit\u00e9 aupr\u00e8s des designers, dont il constitue une riche source d'inspiration pour leurs projets cr\u00e9atifs. Il leur a permis de cr\u00e9er toute une s\u00e9rie de sets de table aux formes uniques, chacun t\u00e9moignant de leur ing\u00e9niosit\u00e9. Les produits finis ont \u00e9t\u00e9 largement pl\u00e9biscit\u00e9s par les utilisateurs, consolidant le statut de ce mat\u00e9riau comme favori dans les communaut\u00e9s de designers et de consommateurs.<\/p>","protected":false},"excerpt":{"rendered":"<p>Epaisseur : 1.80MM<\/p>\n<p>Largeur : 1,37 m<\/p>\n<p>SUPPORT : DOUBLE FACE<\/p>\n<p>APPLICATION : SET DE TABLE<\/p>\n<p>OZ-6021 pr\u00e9sente une mousse PVC \u00e0 double texture sur un tissu non tiss\u00e9 : motifs denim r\u00e9tro d'un c\u00f4t\u00e9, imprim\u00e9 veau intemporel de l'autre. Un favori des designers pour cr\u00e9er des sets de table uniques et acclam\u00e9s qui m\u00e9langent les styles r\u00e9tro et classique.<\/p>","protected":false},"featured_media":5967,"template":"","meta":{"site-sidebar-layout":"default","site-content-layout":"","ast-site-content-layout":"default","site-content-style":"default","site-sidebar-style":"default","ast-global-header-display":"","ast-banner-title-visibility":"","ast-main-header-display":"","ast-hfb-above-header-display":"","ast-hfb-below-header-display":"","ast-hfb-mobile-header-display":"","site-post-title":"","ast-breadcrumbs-content":"","ast-featured-img":"","footer-sml-layout":"","theme-transparent-header-meta":"default","adv-header-id-meta":"","stick-header-meta":"default","header-above-stick-meta":"","header-main-stick-meta":"","header-below-stick-meta":"","astra-migrate-meta-layouts":"set","ast-page-background-enabled":"default","ast-page-background-meta":{"desktop":{"background-color":"","background-image":"","background-repeat":"repeat","background-position":"center center","background-size":"auto","background-attachment":"scroll","background-type":"","background-media":"","overlay-type":"","overlay-color":"","overlay-opacity":"","overlay-gradient":""},"tablet":{"background-color":"","background-image":"","background-repeat":"repeat","background-position":"center center","background-size":"auto","background-attachment":"scroll","background-type":"","background-media":"","overlay-type":"","overlay-color":"","overlay-opacity":"","overlay-gradient":""},"mobile":{"background-color":"","background-image":"","background-repeat":"repeat","background-position":"center center","background-size":"auto","background-attachment":"scroll","background-type":"","background-media":"","overlay-type":"","overlay-color":"","overlay-opacity":"","overlay-gradient":""}},"ast-content-background-meta":{"desktop":{"background-color":"var(--ast-global-color-5)","background-image":"","background-repeat":"repeat","background-position":"center center","background-size":"auto","background-attachment":"scroll","background-type":"","background-media":"","overlay-type":"","overlay-color":"","overlay-opacity":"","overlay-gradient":""},"tablet":{"background-color":"var(--ast-global-color-5)","background-image":"","background-repeat":"repeat","background-position":"center center","background-size":"auto","background-attachment":"scroll","background-type":"","background-media":"","overlay-type":"","overlay-color":"","overlay-opacity":"","overlay-gradient":""},"mobile":{"background-color":"var(--ast-global-color-5)","background-image":"","background-repeat":"repeat","background-position":"center center","background-size":"auto","background-attachment":"scroll","background-type":"","background-media":"","overlay-type":"","overlay-color":"","overlay-opacity":"","overlay-gradient":""}}},"product_brand":[],"product_cat":[22,71],"product_tag":[],"class_list":{"0":"post-5966","1":"product","2":"type-product","3":"status-publish","4":"has-post-thumbnail","6":"product_cat-synthetic-leather","7":"product_cat-placemat","8":"desktop-align-center","9":"tablet-align-center","10":"mobile-align-center","11":"ast-product-gallery-layout-vertical-slider","12":"ast-magnify-disabled","13":"ast-product-tabs-layout-horizontal","15":"first","16":"instock","17":"shipping-taxable","18":"product-type-simple"},"_links":{"self":[{"href":"https:\/\/www.wzouzhuo.com\/fr\/wp-json\/wp\/v2\/product\/5966","targetHints":{"allow":["GET"]}}],"collection":[{"href":"https:\/\/www.wzouzhuo.com\/fr\/wp-json\/wp\/v2\/product"}],"about":[{"href":"https:\/\/www.wzouzhuo.com\/fr\/wp-json\/wp\/v2\/types\/product"}],"version-history":[{"count":1,"href":"https:\/\/www.wzouzhuo.com\/fr\/wp-json\/wp\/v2\/product\/5966\/revisions"}],"predecessor-version":[{"id":5970,"href":"https:\/\/www.wzouzhuo.com\/fr\/wp-json\/wp\/v2\/product\/5966\/revisions\/5970"}],"wp:featuredmedia":[{"embeddable":true,"href":"https:\/\/www.wzouzhuo.com\/fr\/wp-json\/wp\/v2\/media\/5967"}],"wp:attachment":[{"href":"https:\/\/www.wzouzhuo.com\/fr\/wp-json\/wp\/v2\/media?parent=5966"}],"wp:term":[{"taxonomy":"product_brand","embeddable":true,"href":"https:\/\/www.wzouzhuo.com\/fr\/wp-json\/wp\/v2\/product_brand?post=5966"},{"taxonomy":"product_cat","embeddable":true,"href":"https:\/\/www.wzouzhuo.com\/fr\/wp-json\/wp\/v2\/product_cat?post=5966"},{"taxonomy":"product_tag","embeddable":true,"href":"https:\/\/www.wzouzhuo.com\/fr\/wp-json\/wp\/v2\/product_tag?post=5966"}],"curies":[{"name":"wp","href":"https:\/\/api.w.org\/{rel}","templated":true}]}}