{"id":5956,"date":"2025-04-28T01:13:04","date_gmt":"2025-04-28T01:13:04","guid":{"rendered":"https:\/\/www.wzouzhuo.com\/?post_type=product&#038;p=5956"},"modified":"2025-04-28T01:13:04","modified_gmt":"2025-04-28T01:13:04","slug":"oz-6019-floral-textured-pvc-fabric","status":"publish","type":"product","link":"https:\/\/www.wzouzhuo.com\/fr\/product\/oz-6019-floral-texture-pvc-fabric\/","title":{"rendered":"OZ-6019 Tissu PVC textur\u00e9 floral"},"content":{"rendered":"<p>Le mat\u00e9riau OZ-6019 est fabriqu\u00e9 par moussage double face de PVC sur un tissu non tiss\u00e9. Des rouleaux gaufreurs sont ensuite utilis\u00e9s pour cr\u00e9er des motifs floraux sur la surface, qui est ensuite imprim\u00e9e. L'une des faces pr\u00e9sente une texture semblable \u00e0 celle de la peau de mouton, tandis que l'autre est orn\u00e9e de motifs floraux. Les clients peuvent utiliser le produit selon leurs pr\u00e9f\u00e9rences.<\/p>\n<p>Les motifs floraux de sa surface en font un choix tr\u00e8s recherch\u00e9 pour la d\u00e9coration d'espaces \u00e0 l'esth\u00e9tique fra\u00eeche et minimaliste. Il d\u00e9gage un charme simple et vintage, tout en conservant un sentiment de haute qualit\u00e9 et de sophistication.<\/p>","protected":false},"excerpt":{"rendered":"<p>Epaisseur : 1.90MM<\/p>\n<p>Largeur : 1,37 m<\/p>\n<p>SUPPORT : DOUBLE FACE<\/p>\n<p>APPLICATION : SET DE TABLE<\/p>\n<p class=\"ds-markdown-paragraph\">Mousse PVC double face sur tissu non tiss\u00e9, gaufr\u00e9 avec des motifs floraux. Caract\u00e9ristiques :<\/p>\n<ul>\n<li>\n<p class=\"ds-markdown-paragraph\"><strong>Double texture<\/strong>\u00a0(toucher peau de mouton + motif floral)<\/p>\n<\/li>\n<li>\n<p class=\"ds-markdown-paragraph\"><strong>Esth\u00e9tique vintage-moderne<\/strong>\u00a0(minimaliste mais sophistiqu\u00e9)<\/p>\n<\/li>\n<li>\n<p class=\"ds-markdown-paragraph\"><strong>Utilisation d\u00e9corative polyvalente<\/strong>\u00a0(retourner les faces pour les faire correspondre aux pr\u00e9f\u00e9rences)<\/p>\n<\/li>\n<\/ul>\n<p class=\"ds-markdown-paragraph\">Id\u00e9al pour les espaces frais et haut de gamme \u00e0 la recherche d'un charme intemporel.<\/p>","protected":false},"featured_media":5957,"template":"","meta":{"site-sidebar-layout":"default","site-content-layout":"","ast-site-content-layout":"default","site-content-style":"default","site-sidebar-style":"default","ast-global-header-display":"","ast-banner-title-visibility":"","ast-main-header-display":"","ast-hfb-above-header-display":"","ast-hfb-below-header-display":"","ast-hfb-mobile-header-display":"","site-post-title":"","ast-breadcrumbs-content":"","ast-featured-img":"","footer-sml-layout":"","theme-transparent-header-meta":"default","adv-header-id-meta":"","stick-header-meta":"default","header-above-stick-meta":"","header-main-stick-meta":"","header-below-stick-meta":"","astra-migrate-meta-layouts":"set","ast-page-background-enabled":"default","ast-page-background-meta":{"desktop":{"background-color":"","background-image":"","background-repeat":"repeat","background-position":"center center","background-size":"auto","background-attachment":"scroll","background-type":"","background-media":"","overlay-type":"","overlay-color":"","overlay-opacity":"","overlay-gradient":""},"tablet":{"background-color":"","background-image":"","background-repeat":"repeat","background-position":"center center","background-size":"auto","background-attachment":"scroll","background-type":"","background-media":"","overlay-type":"","overlay-color":"","overlay-opacity":"","overlay-gradient":""},"mobile":{"background-color":"","background-image":"","background-repeat":"repeat","background-position":"center center","background-size":"auto","background-attachment":"scroll","background-type":"","background-media":"","overlay-type":"","overlay-color":"","overlay-opacity":"","overlay-gradient":""}},"ast-content-background-meta":{"desktop":{"background-color":"var(--ast-global-color-5)","background-image":"","background-repeat":"repeat","background-position":"center center","background-size":"auto","background-attachment":"scroll","background-type":"","background-media":"","overlay-type":"","overlay-color":"","overlay-opacity":"","overlay-gradient":""},"tablet":{"background-color":"var(--ast-global-color-5)","background-image":"","background-repeat":"repeat","background-position":"center center","background-size":"auto","background-attachment":"scroll","background-type":"","background-media":"","overlay-type":"","overlay-color":"","overlay-opacity":"","overlay-gradient":""},"mobile":{"background-color":"var(--ast-global-color-5)","background-image":"","background-repeat":"repeat","background-position":"center center","background-size":"auto","background-attachment":"scroll","background-type":"","background-media":"","overlay-type":"","overlay-color":"","overlay-opacity":"","overlay-gradient":""}}},"product_brand":[],"product_cat":[22,71],"product_tag":[],"class_list":{"0":"post-5956","1":"product","2":"type-product","3":"status-publish","4":"has-post-thumbnail","6":"product_cat-synthetic-leather","7":"product_cat-placemat","8":"desktop-align-center","9":"tablet-align-center","10":"mobile-align-center","11":"ast-product-gallery-layout-vertical-slider","12":"ast-magnify-disabled","13":"ast-product-tabs-layout-horizontal","15":"first","16":"instock","17":"shipping-taxable","18":"product-type-simple"},"_links":{"self":[{"href":"https:\/\/www.wzouzhuo.com\/fr\/wp-json\/wp\/v2\/product\/5956","targetHints":{"allow":["GET"]}}],"collection":[{"href":"https:\/\/www.wzouzhuo.com\/fr\/wp-json\/wp\/v2\/product"}],"about":[{"href":"https:\/\/www.wzouzhuo.com\/fr\/wp-json\/wp\/v2\/types\/product"}],"version-history":[{"count":1,"href":"https:\/\/www.wzouzhuo.com\/fr\/wp-json\/wp\/v2\/product\/5956\/revisions"}],"predecessor-version":[{"id":5960,"href":"https:\/\/www.wzouzhuo.com\/fr\/wp-json\/wp\/v2\/product\/5956\/revisions\/5960"}],"wp:featuredmedia":[{"embeddable":true,"href":"https:\/\/www.wzouzhuo.com\/fr\/wp-json\/wp\/v2\/media\/5957"}],"wp:attachment":[{"href":"https:\/\/www.wzouzhuo.com\/fr\/wp-json\/wp\/v2\/media?parent=5956"}],"wp:term":[{"taxonomy":"product_brand","embeddable":true,"href":"https:\/\/www.wzouzhuo.com\/fr\/wp-json\/wp\/v2\/product_brand?post=5956"},{"taxonomy":"product_cat","embeddable":true,"href":"https:\/\/www.wzouzhuo.com\/fr\/wp-json\/wp\/v2\/product_cat?post=5956"},{"taxonomy":"product_tag","embeddable":true,"href":"https:\/\/www.wzouzhuo.com\/fr\/wp-json\/wp\/v2\/product_tag?post=5956"}],"curies":[{"name":"wp","href":"https:\/\/api.w.org\/{rel}","templated":true}]}}