{"id":5951,"date":"2025-04-28T01:10:01","date_gmt":"2025-04-28T01:10:01","guid":{"rendered":"https:\/\/www.wzouzhuo.com\/?post_type=product&#038;p=5951"},"modified":"2025-04-28T01:10:01","modified_gmt":"2025-04-28T01:10:01","slug":"oz-6018-weatherproof-textured","status":"publish","type":"product","link":"https:\/\/www.wzouzhuo.com\/fr\/product\/oz-6018-etanche-texture\/","title":{"rendered":"OZ-6018 Tissu PVC textur\u00e9 r\u00e9sistant aux intemp\u00e9ries"},"content":{"rendered":"<p>Le mat\u00e9riau OZ-6018 est fabriqu\u00e9 par moussage double face de PVC sur un tissu de base non tiss\u00e9. Des rouleaux de gaufrage sont ensuite utilis\u00e9s pour cr\u00e9er des motifs tridimensionnels en forme de goutte d'eau sur la surface, qui sont ensuite imprim\u00e9s. Gr\u00e2ce \u00e0 la technique de traitement double face, les faces avant et arri\u00e8re du produit sont fonctionnelles et utilisables, ce qui permet une plus grande polyvalence.<\/p>\n<p>Les clients appr\u00e9cient beaucoup la sensation tactile de la surface textur\u00e9e, avec son aspect granuleux.  Gr\u00e2ce aux propri\u00e9t\u00e9s inh\u00e9rentes au PVC, qui garantissent une excellente r\u00e9sistance aux conditions climatiques difficiles telles que l'exposition au soleil et les vents forts, ce mat\u00e9riau est largement utilis\u00e9 dans les produits d'ext\u00e9rieur.<\/p>","protected":false},"excerpt":{"rendered":"<p>Epaisseur : 1.90MM<\/p>\n<p>Largeur : 1,37 m<\/p>\n<p>SUPPORT : DOUBLE FACE<\/p>\n<p>APPLICATION : SET DE TABLE<\/p>\n<p class=\"ds-markdown-paragraph\">Mousse PVC double face sur tissu non tiss\u00e9, gaufr\u00e9e de motifs 3D en forme de gouttes pour une finition tactile et granuleuse. Caract\u00e9ristiques :<\/p>\n<ul>\n<li>\n<p class=\"ds-markdown-paragraph\"><strong>Facilit\u00e9 d'utilisation des deux c\u00f4t\u00e9s<\/strong>\u00a0(fonctionnel avant\/arri\u00e8re)<\/p>\n<\/li>\n<li>\n<p class=\"ds-markdown-paragraph\"><strong>R\u00e9sistant au soleil et au vent<\/strong>\u00a0(id\u00e9al pour l'ext\u00e9rieur)<\/p>\n<\/li>\n<li>\n<p class=\"ds-markdown-paragraph\"><strong>Texture de qualit\u00e9 sup\u00e9rieure<\/strong>\u00a0(sensation tactile appr\u00e9ci\u00e9e par les clients)<\/p>\n<\/li>\n<\/ul>\n<p class=\"ds-markdown-paragraph\">Compact, durable et polyvalent pour les produits d'ext\u00e9rieur.<\/p>","protected":false},"featured_media":5952,"template":"","meta":{"site-sidebar-layout":"default","site-content-layout":"","ast-site-content-layout":"default","site-content-style":"default","site-sidebar-style":"default","ast-global-header-display":"","ast-banner-title-visibility":"","ast-main-header-display":"","ast-hfb-above-header-display":"","ast-hfb-below-header-display":"","ast-hfb-mobile-header-display":"","site-post-title":"","ast-breadcrumbs-content":"","ast-featured-img":"","footer-sml-layout":"","theme-transparent-header-meta":"default","adv-header-id-meta":"","stick-header-meta":"default","header-above-stick-meta":"","header-main-stick-meta":"","header-below-stick-meta":"","astra-migrate-meta-layouts":"set","ast-page-background-enabled":"default","ast-page-background-meta":{"desktop":{"background-color":"","background-image":"","background-repeat":"repeat","background-position":"center center","background-size":"auto","background-attachment":"scroll","background-type":"","background-media":"","overlay-type":"","overlay-color":"","overlay-opacity":"","overlay-gradient":""},"tablet":{"background-color":"","background-image":"","background-repeat":"repeat","background-position":"center center","background-size":"auto","background-attachment":"scroll","background-type":"","background-media":"","overlay-type":"","overlay-color":"","overlay-opacity":"","overlay-gradient":""},"mobile":{"background-color":"","background-image":"","background-repeat":"repeat","background-position":"center center","background-size":"auto","background-attachment":"scroll","background-type":"","background-media":"","overlay-type":"","overlay-color":"","overlay-opacity":"","overlay-gradient":""}},"ast-content-background-meta":{"desktop":{"background-color":"var(--ast-global-color-5)","background-image":"","background-repeat":"repeat","background-position":"center center","background-size":"auto","background-attachment":"scroll","background-type":"","background-media":"","overlay-type":"","overlay-color":"","overlay-opacity":"","overlay-gradient":""},"tablet":{"background-color":"var(--ast-global-color-5)","background-image":"","background-repeat":"repeat","background-position":"center center","background-size":"auto","background-attachment":"scroll","background-type":"","background-media":"","overlay-type":"","overlay-color":"","overlay-opacity":"","overlay-gradient":""},"mobile":{"background-color":"var(--ast-global-color-5)","background-image":"","background-repeat":"repeat","background-position":"center center","background-size":"auto","background-attachment":"scroll","background-type":"","background-media":"","overlay-type":"","overlay-color":"","overlay-opacity":"","overlay-gradient":""}}},"product_brand":[],"product_cat":[22,71],"product_tag":[],"class_list":{"0":"post-5951","1":"product","2":"type-product","3":"status-publish","4":"has-post-thumbnail","6":"product_cat-synthetic-leather","7":"product_cat-placemat","8":"desktop-align-center","9":"tablet-align-center","10":"mobile-align-center","11":"ast-product-gallery-layout-vertical-slider","12":"ast-magnify-disabled","13":"ast-product-tabs-layout-horizontal","15":"first","16":"instock","17":"shipping-taxable","18":"product-type-simple"},"_links":{"self":[{"href":"https:\/\/www.wzouzhuo.com\/fr\/wp-json\/wp\/v2\/product\/5951","targetHints":{"allow":["GET"]}}],"collection":[{"href":"https:\/\/www.wzouzhuo.com\/fr\/wp-json\/wp\/v2\/product"}],"about":[{"href":"https:\/\/www.wzouzhuo.com\/fr\/wp-json\/wp\/v2\/types\/product"}],"version-history":[{"count":1,"href":"https:\/\/www.wzouzhuo.com\/fr\/wp-json\/wp\/v2\/product\/5951\/revisions"}],"predecessor-version":[{"id":5955,"href":"https:\/\/www.wzouzhuo.com\/fr\/wp-json\/wp\/v2\/product\/5951\/revisions\/5955"}],"wp:featuredmedia":[{"embeddable":true,"href":"https:\/\/www.wzouzhuo.com\/fr\/wp-json\/wp\/v2\/media\/5952"}],"wp:attachment":[{"href":"https:\/\/www.wzouzhuo.com\/fr\/wp-json\/wp\/v2\/media?parent=5951"}],"wp:term":[{"taxonomy":"product_brand","embeddable":true,"href":"https:\/\/www.wzouzhuo.com\/fr\/wp-json\/wp\/v2\/product_brand?post=5951"},{"taxonomy":"product_cat","embeddable":true,"href":"https:\/\/www.wzouzhuo.com\/fr\/wp-json\/wp\/v2\/product_cat?post=5951"},{"taxonomy":"product_tag","embeddable":true,"href":"https:\/\/www.wzouzhuo.com\/fr\/wp-json\/wp\/v2\/product_tag?post=5951"}],"curies":[{"name":"wp","href":"https:\/\/api.w.org\/{rel}","templated":true}]}}