{"id":5483,"date":"2025-03-18T01:22:59","date_gmt":"2025-03-18T01:22:59","guid":{"rendered":"https:\/\/www.wzouzhuo.com\/?post_type=product&#038;p=5483"},"modified":"2025-04-29T01:41:01","modified_gmt":"2025-04-29T01:41:01","slug":"oz-8399-starry-kids-pu","status":"publish","type":"product","link":"https:\/\/www.wzouzhuo.com\/fr\/product\/oz-8399-starry-kids-pu\/","title":{"rendered":"OZ-8399 Starry Kids PU"},"content":{"rendered":"<p>OZ-8399 est compos\u00e9 d'un substrat en polyur\u00e9thane, dont la couche superficielle est form\u00e9e par un processus de micro-reproduction thermiquement contr\u00f4l\u00e9 utilisant un motif de papier de protection. Un film est ensuite lamin\u00e9 sur la surface, avec des \u00e9toiles de diff\u00e9rentes tailles qui cr\u00e9ent un effet visuel vivant et ludique.<\/p>\n<p>Depuis son lancement, ce produit a acquis une immense popularit\u00e9 aupr\u00e8s des enfants et est devenu un choix privil\u00e9gi\u00e9 pour la fabrication de chaussures pour enfants, de sacs \u00e0 dos et de divers autres produits de pu\u00e9riculture.<\/p>","protected":false},"excerpt":{"rendered":"<p>Epaisseur : 0.60MM<\/p>\n<p>Largeur : 1,37 m<\/p>\n<p>SUPPORT : COTON<\/p>\n<p>APPLICATION : CHAUSSURE, MAINBA<\/p>\n<p><em>OZ-8399 : Mat\u00e9riau PU durable avec des motifs \u00e9toil\u00e9s lamin\u00e9s thermiquement dans des dessins ludiques de plusieurs tailles. Un choix de premier ordre pour les chaussures, les sacs \u00e0 dos et les accessoires pour enfants, appr\u00e9ci\u00e9 pour son esth\u00e9tique vivante et adapt\u00e9e aux enfants.<\/em><\/p>","protected":false},"featured_media":5484,"template":"","meta":{"site-sidebar-layout":"default","site-content-layout":"","ast-site-content-layout":"default","site-content-style":"default","site-sidebar-style":"default","ast-global-header-display":"","ast-banner-title-visibility":"","ast-main-header-display":"","ast-hfb-above-header-display":"","ast-hfb-below-header-display":"","ast-hfb-mobile-header-display":"","site-post-title":"","ast-breadcrumbs-content":"","ast-featured-img":"","footer-sml-layout":"","theme-transparent-header-meta":"default","adv-header-id-meta":"","stick-header-meta":"default","header-above-stick-meta":"","header-main-stick-meta":"","header-below-stick-meta":"","astra-migrate-meta-layouts":"set","ast-page-background-enabled":"default","ast-page-background-meta":{"desktop":{"background-color":"","background-image":"","background-repeat":"repeat","background-position":"center center","background-size":"auto","background-attachment":"scroll","background-type":"","background-media":"","overlay-type":"","overlay-color":"","overlay-opacity":"","overlay-gradient":""},"tablet":{"background-color":"","background-image":"","background-repeat":"repeat","background-position":"center center","background-size":"auto","background-attachment":"scroll","background-type":"","background-media":"","overlay-type":"","overlay-color":"","overlay-opacity":"","overlay-gradient":""},"mobile":{"background-color":"","background-image":"","background-repeat":"repeat","background-position":"center center","background-size":"auto","background-attachment":"scroll","background-type":"","background-media":"","overlay-type":"","overlay-color":"","overlay-opacity":"","overlay-gradient":""}},"ast-content-background-meta":{"desktop":{"background-color":"var(--ast-global-color-5)","background-image":"","background-repeat":"repeat","background-position":"center center","background-size":"auto","background-attachment":"scroll","background-type":"","background-media":"","overlay-type":"","overlay-color":"","overlay-opacity":"","overlay-gradient":""},"tablet":{"background-color":"var(--ast-global-color-5)","background-image":"","background-repeat":"repeat","background-position":"center center","background-size":"auto","background-attachment":"scroll","background-type":"","background-media":"","overlay-type":"","overlay-color":"","overlay-opacity":"","overlay-gradient":""},"mobile":{"background-color":"var(--ast-global-color-5)","background-image":"","background-repeat":"repeat","background-position":"center center","background-size":"auto","background-attachment":"scroll","background-type":"","background-media":"","overlay-type":"","overlay-color":"","overlay-opacity":"","overlay-gradient":""}}},"product_brand":[],"product_cat":[66,22],"product_tag":[],"class_list":{"0":"post-5483","1":"product","2":"type-product","3":"status-publish","4":"has-post-thumbnail","6":"product_cat-film","7":"product_cat-synthetic-leather","8":"desktop-align-center","9":"tablet-align-center","10":"mobile-align-center","11":"ast-product-gallery-layout-vertical-slider","12":"ast-magnify-disabled","13":"ast-product-tabs-layout-horizontal","15":"first","16":"instock","17":"shipping-taxable","18":"product-type-simple"},"_links":{"self":[{"href":"https:\/\/www.wzouzhuo.com\/fr\/wp-json\/wp\/v2\/product\/5483","targetHints":{"allow":["GET"]}}],"collection":[{"href":"https:\/\/www.wzouzhuo.com\/fr\/wp-json\/wp\/v2\/product"}],"about":[{"href":"https:\/\/www.wzouzhuo.com\/fr\/wp-json\/wp\/v2\/types\/product"}],"version-history":[{"count":1,"href":"https:\/\/www.wzouzhuo.com\/fr\/wp-json\/wp\/v2\/product\/5483\/revisions"}],"predecessor-version":[{"id":5486,"href":"https:\/\/www.wzouzhuo.com\/fr\/wp-json\/wp\/v2\/product\/5483\/revisions\/5486"}],"wp:featuredmedia":[{"embeddable":true,"href":"https:\/\/www.wzouzhuo.com\/fr\/wp-json\/wp\/v2\/media\/5484"}],"wp:attachment":[{"href":"https:\/\/www.wzouzhuo.com\/fr\/wp-json\/wp\/v2\/media?parent=5483"}],"wp:term":[{"taxonomy":"product_brand","embeddable":true,"href":"https:\/\/www.wzouzhuo.com\/fr\/wp-json\/wp\/v2\/product_brand?post=5483"},{"taxonomy":"product_cat","embeddable":true,"href":"https:\/\/www.wzouzhuo.com\/fr\/wp-json\/wp\/v2\/product_cat?post=5483"},{"taxonomy":"product_tag","embeddable":true,"href":"https:\/\/www.wzouzhuo.com\/fr\/wp-json\/wp\/v2\/product_tag?post=5483"}],"curies":[{"name":"wp","href":"https:\/\/api.w.org\/{rel}","templated":true}]}}