{"id":5420,"date":"2025-03-17T15:19:49","date_gmt":"2025-03-17T15:19:49","guid":{"rendered":"https:\/\/www.wzouzhuo.com\/?post_type=product&#038;p=5420"},"modified":"2025-03-25T01:15:01","modified_gmt":"2025-03-25T01:15:01","slug":"oz-8201-textured-suede-fabric","status":"publish","type":"product","link":"https:\/\/www.wzouzhuo.com\/fr\/product\/tissu-suede-texture-oz-8201\/","title":{"rendered":"OZ-8201 Tissu daim textur\u00e9"},"content":{"rendered":"<p>OZ-8201 est compos\u00e9 d'une base en polyur\u00e9thane, dont la couche superficielle est form\u00e9e par un processus de micro-reproduction contr\u00f4l\u00e9 thermiquement \u00e0 l'aide de motifs en papier anti-adh\u00e9sif. La surface pr\u00e9sente un effet de daim, encore renforc\u00e9 par une technique de moulage de gouttelettes qui cr\u00e9e une s\u00e9rie de points en relief, ajoutant une riche sensation de profondeur et de texture.<\/p>\n<p>Ce produit est largement utilis\u00e9 dans les chaussures et est devenu un choix privil\u00e9gi\u00e9 des cr\u00e9ateurs.<\/p>","protected":false},"excerpt":{"rendered":"<p>\u00c9paisseur : 0,80MM<\/p>\n<p>Largeur : 1,37 m<\/p>\n<p>SUPPORT : COTON<\/p>\n<p>APPLICATION : CHAUSSURE<\/p>\n<p><em>OZ-8201 : Mat\u00e9riau \u00e0 base de polyur\u00e9thane avec une surface semblable \u00e0 celle du daim, rehauss\u00e9e par des points en relief con\u00e7us avec pr\u00e9cision pour donner de la profondeur et de la richesse au toucher. L\u00e9ger, durable et appr\u00e9ci\u00e9 des cr\u00e9ateurs pour les chaussures haut de gamme.<\/em><\/p>","protected":false},"featured_media":5421,"template":"","meta":{"site-sidebar-layout":"default","site-content-layout":"","ast-site-content-layout":"default","site-content-style":"default","site-sidebar-style":"default","ast-global-header-display":"","ast-banner-title-visibility":"","ast-main-header-display":"","ast-hfb-above-header-display":"","ast-hfb-below-header-display":"","ast-hfb-mobile-header-display":"","site-post-title":"","ast-breadcrumbs-content":"","ast-featured-img":"","footer-sml-layout":"","theme-transparent-header-meta":"default","adv-header-id-meta":"","stick-header-meta":"default","header-above-stick-meta":"","header-main-stick-meta":"","header-below-stick-meta":"","astra-migrate-meta-layouts":"set","ast-page-background-enabled":"default","ast-page-background-meta":{"desktop":{"background-color":"","background-image":"","background-repeat":"repeat","background-position":"center center","background-size":"auto","background-attachment":"scroll","background-type":"","background-media":"","overlay-type":"","overlay-color":"","overlay-opacity":"","overlay-gradient":""},"tablet":{"background-color":"","background-image":"","background-repeat":"repeat","background-position":"center center","background-size":"auto","background-attachment":"scroll","background-type":"","background-media":"","overlay-type":"","overlay-color":"","overlay-opacity":"","overlay-gradient":""},"mobile":{"background-color":"","background-image":"","background-repeat":"repeat","background-position":"center center","background-size":"auto","background-attachment":"scroll","background-type":"","background-media":"","overlay-type":"","overlay-color":"","overlay-opacity":"","overlay-gradient":""}},"ast-content-background-meta":{"desktop":{"background-color":"var(--ast-global-color-5)","background-image":"","background-repeat":"repeat","background-position":"center center","background-size":"auto","background-attachment":"scroll","background-type":"","background-media":"","overlay-type":"","overlay-color":"","overlay-opacity":"","overlay-gradient":""},"tablet":{"background-color":"var(--ast-global-color-5)","background-image":"","background-repeat":"repeat","background-position":"center center","background-size":"auto","background-attachment":"scroll","background-type":"","background-media":"","overlay-type":"","overlay-color":"","overlay-opacity":"","overlay-gradient":""},"mobile":{"background-color":"var(--ast-global-color-5)","background-image":"","background-repeat":"repeat","background-position":"center center","background-size":"auto","background-attachment":"scroll","background-type":"","background-media":"","overlay-type":"","overlay-color":"","overlay-opacity":"","overlay-gradient":""}}},"product_brand":[],"product_cat":[22,64],"product_tag":[],"class_list":{"0":"post-5420","1":"product","2":"type-product","3":"status-publish","4":"has-post-thumbnail","6":"product_cat-synthetic-leather","7":"product_cat-shoe","8":"desktop-align-center","9":"tablet-align-center","10":"mobile-align-center","11":"ast-product-gallery-layout-vertical-slider","12":"ast-magnify-disabled","13":"ast-product-tabs-layout-horizontal","15":"first","16":"instock","17":"shipping-taxable","18":"product-type-simple"},"_links":{"self":[{"href":"https:\/\/www.wzouzhuo.com\/fr\/wp-json\/wp\/v2\/product\/5420","targetHints":{"allow":["GET"]}}],"collection":[{"href":"https:\/\/www.wzouzhuo.com\/fr\/wp-json\/wp\/v2\/product"}],"about":[{"href":"https:\/\/www.wzouzhuo.com\/fr\/wp-json\/wp\/v2\/types\/product"}],"version-history":[{"count":1,"href":"https:\/\/www.wzouzhuo.com\/fr\/wp-json\/wp\/v2\/product\/5420\/revisions"}],"predecessor-version":[{"id":5423,"href":"https:\/\/www.wzouzhuo.com\/fr\/wp-json\/wp\/v2\/product\/5420\/revisions\/5423"}],"wp:featuredmedia":[{"embeddable":true,"href":"https:\/\/www.wzouzhuo.com\/fr\/wp-json\/wp\/v2\/media\/5421"}],"wp:attachment":[{"href":"https:\/\/www.wzouzhuo.com\/fr\/wp-json\/wp\/v2\/media?parent=5420"}],"wp:term":[{"taxonomy":"product_brand","embeddable":true,"href":"https:\/\/www.wzouzhuo.com\/fr\/wp-json\/wp\/v2\/product_brand?post=5420"},{"taxonomy":"product_cat","embeddable":true,"href":"https:\/\/www.wzouzhuo.com\/fr\/wp-json\/wp\/v2\/product_cat?post=5420"},{"taxonomy":"product_tag","embeddable":true,"href":"https:\/\/www.wzouzhuo.com\/fr\/wp-json\/wp\/v2\/product_tag?post=5420"}],"curies":[{"name":"wp","href":"https:\/\/api.w.org\/{rel}","templated":true}]}}