{"id":5416,"date":"2025-03-17T15:15:39","date_gmt":"2025-03-17T15:15:39","guid":{"rendered":"https:\/\/www.wzouzhuo.com\/?post_type=product&#038;p=5416"},"modified":"2025-03-25T01:15:08","modified_gmt":"2025-03-25T01:15:08","slug":"oz-8348-seamless-woven-fabric","status":"publish","type":"product","link":"https:\/\/www.wzouzhuo.com\/fr\/product\/oz-8348-tissu-sans-couture\/","title":{"rendered":"OZ-8348 Tissu sans couture"},"content":{"rendered":"<p>OZ-8348 utilise du tissu bross\u00e9 comme mat\u00e9riau de base. Une couche de r\u00e9sine PVC est ensuite appliqu\u00e9e et mouss\u00e9e. Enfin, la surface est gaufr\u00e9e pour cr\u00e9er une texture similaire \u00e0 celle d'un tissu, qui est ensuite superpos\u00e9e et imprim\u00e9e pour cr\u00e9er un motif en forme de V sur la surface.<\/p>\n<p>Ce produit innovant a r\u00e9volutionn\u00e9 les textures tiss\u00e9es traditionnelles, gr\u00e2ce \u00e0 sa conception monobloc sans soudure qui garantit \u00e0 la fois la commodit\u00e9 et la durabilit\u00e9. Son esth\u00e9tique raffin\u00e9e et sa praticit\u00e9 accrue offrent une \u00e9l\u00e9gance sup\u00e9rieure et un entretien sans effort.<\/p>","protected":false},"excerpt":{"rendered":"<p>Epaisseur : 1.00MM<\/p>\n<p>Largeur : 1,37 m<\/p>\n<p>DOSSIER : BROSSE<\/p>\n<p>APPLICATION : SAC \u00c0 MAIN<\/p>\n<p><em>OZ-8348 : Tissu bross\u00e9 enduit de r\u00e9sine PVC expans\u00e9e, gaufr\u00e9 dans une texture semblable \u00e0 celle du tissage et imprim\u00e9 d'un motif en V superpos\u00e9. La conception monobloc sans couture garantit la durabilit\u00e9, une esth\u00e9tique \u00e9l\u00e9gante et un entretien sans effort, r\u00e9volutionnant ainsi les mat\u00e9riaux tiss\u00e9s traditionnels.<\/em><\/p>","protected":false},"featured_media":5417,"template":"","meta":{"site-sidebar-layout":"default","site-content-layout":"","ast-site-content-layout":"default","site-content-style":"default","site-sidebar-style":"default","ast-global-header-display":"","ast-banner-title-visibility":"","ast-main-header-display":"","ast-hfb-above-header-display":"","ast-hfb-below-header-display":"","ast-hfb-mobile-header-display":"","site-post-title":"","ast-breadcrumbs-content":"","ast-featured-img":"","footer-sml-layout":"","theme-transparent-header-meta":"default","adv-header-id-meta":"","stick-header-meta":"default","header-above-stick-meta":"","header-main-stick-meta":"","header-below-stick-meta":"","astra-migrate-meta-layouts":"set","ast-page-background-enabled":"default","ast-page-background-meta":{"desktop":{"background-color":"","background-image":"","background-repeat":"repeat","background-position":"center center","background-size":"auto","background-attachment":"scroll","background-type":"","background-media":"","overlay-type":"","overlay-color":"","overlay-opacity":"","overlay-gradient":""},"tablet":{"background-color":"","background-image":"","background-repeat":"repeat","background-position":"center center","background-size":"auto","background-attachment":"scroll","background-type":"","background-media":"","overlay-type":"","overlay-color":"","overlay-opacity":"","overlay-gradient":""},"mobile":{"background-color":"","background-image":"","background-repeat":"repeat","background-position":"center center","background-size":"auto","background-attachment":"scroll","background-type":"","background-media":"","overlay-type":"","overlay-color":"","overlay-opacity":"","overlay-gradient":""}},"ast-content-background-meta":{"desktop":{"background-color":"var(--ast-global-color-5)","background-image":"","background-repeat":"repeat","background-position":"center center","background-size":"auto","background-attachment":"scroll","background-type":"","background-media":"","overlay-type":"","overlay-color":"","overlay-opacity":"","overlay-gradient":""},"tablet":{"background-color":"var(--ast-global-color-5)","background-image":"","background-repeat":"repeat","background-position":"center center","background-size":"auto","background-attachment":"scroll","background-type":"","background-media":"","overlay-type":"","overlay-color":"","overlay-opacity":"","overlay-gradient":""},"mobile":{"background-color":"var(--ast-global-color-5)","background-image":"","background-repeat":"repeat","background-position":"center center","background-size":"auto","background-attachment":"scroll","background-type":"","background-media":"","overlay-type":"","overlay-color":"","overlay-opacity":"","overlay-gradient":""}}},"product_brand":[],"product_cat":[22,65],"product_tag":[],"class_list":{"0":"post-5416","1":"product","2":"type-product","3":"status-publish","4":"has-post-thumbnail","6":"product_cat-synthetic-leather","7":"product_cat-bag","8":"desktop-align-center","9":"tablet-align-center","10":"mobile-align-center","11":"ast-product-gallery-layout-vertical-slider","12":"ast-magnify-disabled","13":"ast-product-tabs-layout-horizontal","15":"first","16":"instock","17":"shipping-taxable","18":"product-type-simple"},"_links":{"self":[{"href":"https:\/\/www.wzouzhuo.com\/fr\/wp-json\/wp\/v2\/product\/5416","targetHints":{"allow":["GET"]}}],"collection":[{"href":"https:\/\/www.wzouzhuo.com\/fr\/wp-json\/wp\/v2\/product"}],"about":[{"href":"https:\/\/www.wzouzhuo.com\/fr\/wp-json\/wp\/v2\/types\/product"}],"version-history":[{"count":1,"href":"https:\/\/www.wzouzhuo.com\/fr\/wp-json\/wp\/v2\/product\/5416\/revisions"}],"predecessor-version":[{"id":5419,"href":"https:\/\/www.wzouzhuo.com\/fr\/wp-json\/wp\/v2\/product\/5416\/revisions\/5419"}],"wp:featuredmedia":[{"embeddable":true,"href":"https:\/\/www.wzouzhuo.com\/fr\/wp-json\/wp\/v2\/media\/5417"}],"wp:attachment":[{"href":"https:\/\/www.wzouzhuo.com\/fr\/wp-json\/wp\/v2\/media?parent=5416"}],"wp:term":[{"taxonomy":"product_brand","embeddable":true,"href":"https:\/\/www.wzouzhuo.com\/fr\/wp-json\/wp\/v2\/product_brand?post=5416"},{"taxonomy":"product_cat","embeddable":true,"href":"https:\/\/www.wzouzhuo.com\/fr\/wp-json\/wp\/v2\/product_cat?post=5416"},{"taxonomy":"product_tag","embeddable":true,"href":"https:\/\/www.wzouzhuo.com\/fr\/wp-json\/wp\/v2\/product_tag?post=5416"}],"curies":[{"name":"wp","href":"https:\/\/api.w.org\/{rel}","templated":true}]}}