{"id":5400,"date":"2025-03-17T15:04:22","date_gmt":"2025-03-17T15:04:22","guid":{"rendered":"https:\/\/www.wzouzhuo.com\/?post_type=product&#038;p=5400"},"modified":"2025-03-25T01:18:22","modified_gmt":"2025-03-25T01:18:22","slug":"oz-8181-seamless-textured-fabric","status":"publish","type":"product","link":"https:\/\/www.wzouzhuo.com\/fr\/product\/oz-8181-tissu-texture-sans-couture\/","title":{"rendered":"OZ-8181 Tissu textur\u00e9 sans couture"},"content":{"rendered":"<p>OZ-8181 utilise un tissu bross\u00e9 comme mat\u00e9riau de base. Une couche de r\u00e9sine PVC est ensuite appliqu\u00e9e et mouss\u00e9e. Enfin, la surface subit un processus de gaufrage pour cr\u00e9er une texture semblable \u00e0 celle d'un tissu, suivi d'un traitement de coloration pour am\u00e9liorer son attrait visuel et \u00e9viter une apparence monotone.<\/p>\n<p>Ce produit remplace de nombreuses textures tiss\u00e9es traditionnelles, gr\u00e2ce \u00e0 sa conception monobloc sans soudure qui garantit commodit\u00e9 et durabilit\u00e9. Il a \u00e9t\u00e9 largement pl\u00e9biscit\u00e9 sur le march\u00e9.<\/p>","protected":false},"excerpt":{"rendered":"<p>\u00c9paisseur : 1.10MM<\/p>\n<p>Largeur : 1,37 m<\/p>\n<p>DOSSIER : BROSSE<\/p>\n<p>APPLICATION : SAC \u00c0 MAIN<\/p>\n<p><em>OZ-8181 : Tissu bross\u00e9 recouvert d'une mousse de r\u00e9sine PVC, gaufr\u00e9 pour une texture semblable au tissage et des couleurs vibrantes. La conception monobloc sans couture garantit la durabilit\u00e9 et la commodit\u00e9. Elle remplace les textures tiss\u00e9es traditionnelles et a \u00e9t\u00e9 pl\u00e9biscit\u00e9e par le march\u00e9.<\/em><\/p>","protected":false},"featured_media":5401,"template":"","meta":{"site-sidebar-layout":"default","site-content-layout":"","ast-site-content-layout":"default","site-content-style":"default","site-sidebar-style":"default","ast-global-header-display":"","ast-banner-title-visibility":"","ast-main-header-display":"","ast-hfb-above-header-display":"","ast-hfb-below-header-display":"","ast-hfb-mobile-header-display":"","site-post-title":"","ast-breadcrumbs-content":"","ast-featured-img":"","footer-sml-layout":"","theme-transparent-header-meta":"default","adv-header-id-meta":"","stick-header-meta":"default","header-above-stick-meta":"","header-main-stick-meta":"","header-below-stick-meta":"","astra-migrate-meta-layouts":"set","ast-page-background-enabled":"default","ast-page-background-meta":{"desktop":{"background-color":"","background-image":"","background-repeat":"repeat","background-position":"center center","background-size":"auto","background-attachment":"scroll","background-type":"","background-media":"","overlay-type":"","overlay-color":"","overlay-opacity":"","overlay-gradient":""},"tablet":{"background-color":"","background-image":"","background-repeat":"repeat","background-position":"center center","background-size":"auto","background-attachment":"scroll","background-type":"","background-media":"","overlay-type":"","overlay-color":"","overlay-opacity":"","overlay-gradient":""},"mobile":{"background-color":"","background-image":"","background-repeat":"repeat","background-position":"center center","background-size":"auto","background-attachment":"scroll","background-type":"","background-media":"","overlay-type":"","overlay-color":"","overlay-opacity":"","overlay-gradient":""}},"ast-content-background-meta":{"desktop":{"background-color":"var(--ast-global-color-5)","background-image":"","background-repeat":"repeat","background-position":"center center","background-size":"auto","background-attachment":"scroll","background-type":"","background-media":"","overlay-type":"","overlay-color":"","overlay-opacity":"","overlay-gradient":""},"tablet":{"background-color":"var(--ast-global-color-5)","background-image":"","background-repeat":"repeat","background-position":"center center","background-size":"auto","background-attachment":"scroll","background-type":"","background-media":"","overlay-type":"","overlay-color":"","overlay-opacity":"","overlay-gradient":""},"mobile":{"background-color":"var(--ast-global-color-5)","background-image":"","background-repeat":"repeat","background-position":"center center","background-size":"auto","background-attachment":"scroll","background-type":"","background-media":"","overlay-type":"","overlay-color":"","overlay-opacity":"","overlay-gradient":""}}},"product_brand":[],"product_cat":[22,65],"product_tag":[],"class_list":{"0":"post-5400","1":"product","2":"type-product","3":"status-publish","4":"has-post-thumbnail","6":"product_cat-synthetic-leather","7":"product_cat-bag","8":"desktop-align-center","9":"tablet-align-center","10":"mobile-align-center","11":"ast-product-gallery-layout-vertical-slider","12":"ast-magnify-disabled","13":"ast-product-tabs-layout-horizontal","15":"first","16":"instock","17":"shipping-taxable","18":"product-type-simple"},"_links":{"self":[{"href":"https:\/\/www.wzouzhuo.com\/fr\/wp-json\/wp\/v2\/product\/5400","targetHints":{"allow":["GET"]}}],"collection":[{"href":"https:\/\/www.wzouzhuo.com\/fr\/wp-json\/wp\/v2\/product"}],"about":[{"href":"https:\/\/www.wzouzhuo.com\/fr\/wp-json\/wp\/v2\/types\/product"}],"version-history":[{"count":1,"href":"https:\/\/www.wzouzhuo.com\/fr\/wp-json\/wp\/v2\/product\/5400\/revisions"}],"predecessor-version":[{"id":5403,"href":"https:\/\/www.wzouzhuo.com\/fr\/wp-json\/wp\/v2\/product\/5400\/revisions\/5403"}],"wp:featuredmedia":[{"embeddable":true,"href":"https:\/\/www.wzouzhuo.com\/fr\/wp-json\/wp\/v2\/media\/5401"}],"wp:attachment":[{"href":"https:\/\/www.wzouzhuo.com\/fr\/wp-json\/wp\/v2\/media?parent=5400"}],"wp:term":[{"taxonomy":"product_brand","embeddable":true,"href":"https:\/\/www.wzouzhuo.com\/fr\/wp-json\/wp\/v2\/product_brand?post=5400"},{"taxonomy":"product_cat","embeddable":true,"href":"https:\/\/www.wzouzhuo.com\/fr\/wp-json\/wp\/v2\/product_cat?post=5400"},{"taxonomy":"product_tag","embeddable":true,"href":"https:\/\/www.wzouzhuo.com\/fr\/wp-json\/wp\/v2\/product_tag?post=5400"}],"curies":[{"name":"wp","href":"https:\/\/api.w.org\/{rel}","templated":true}]}}