{"id":5392,"date":"2025-03-17T14:57:13","date_gmt":"2025-03-17T14:57:13","guid":{"rendered":"https:\/\/www.wzouzhuo.com\/?post_type=product&#038;p=5392"},"modified":"2025-03-25T01:19:24","modified_gmt":"2025-03-25T01:19:24","slug":"oz-8165-luxury-embossed-fabric","status":"publish","type":"product","link":"https:\/\/www.wzouzhuo.com\/fr\/product\/oz-8165-luxury-embossed-fabric\/","title":{"rendered":"OZ-8165 Tissu gaufr\u00e9 de luxe"},"content":{"rendered":"<p>L'OZ-8165 adopte un tissu \u00e0 brosses comme mat\u00e9riau de base. Ensuite, une couche de r\u00e9sine m\u00e9tallique PVC est appliqu\u00e9e et mouss\u00e9e. Enfin, la surface est gaufr\u00e9e. Les motifs de la surface \u00e9voquent un sentiment de myst\u00e8re et d'\u00e9l\u00e9gance, \u00e0 l'image du myst\u00e8re et de la noblesse de l'\u00c9gypte ancienne.<\/p>\n<p>Ses motifs myst\u00e9rieux et ses caract\u00e9ristiques physiques sup\u00e9rieures en font un choix id\u00e9al pour la fabrication de sacs \u00e0 main ou de sets de table pour femmes.<\/p>","protected":false},"excerpt":{"rendered":"<p>\u00c9paisseur : 1.10MM<\/p>\n<p>Largeur : 1,37 m<\/p>\n<p>DOSSIER : BROSSE<\/p>\n<p>APPLICATION : SAC \u00c0 MAIN, SET DE TABLE<\/p>\n<p><em>OZ-8165 : Tissu bross\u00e9 recouvert d'une mousse de r\u00e9sine m\u00e9tallique PVC, gaufr\u00e9 avec des motifs d'inspiration \u00e9gyptienne pour une finition mystique et \u00e9l\u00e9gante. L\u00e9ger et durable, il est id\u00e9al pour les sacs \u00e0 main f\u00e9minins de luxe et les sets de table de cr\u00e9ateurs.<\/em><\/p>","protected":false},"featured_media":5393,"template":"","meta":{"site-sidebar-layout":"default","site-content-layout":"","ast-site-content-layout":"default","site-content-style":"default","site-sidebar-style":"default","ast-global-header-display":"","ast-banner-title-visibility":"","ast-main-header-display":"","ast-hfb-above-header-display":"","ast-hfb-below-header-display":"","ast-hfb-mobile-header-display":"","site-post-title":"","ast-breadcrumbs-content":"","ast-featured-img":"","footer-sml-layout":"","theme-transparent-header-meta":"default","adv-header-id-meta":"","stick-header-meta":"default","header-above-stick-meta":"","header-main-stick-meta":"","header-below-stick-meta":"","astra-migrate-meta-layouts":"set","ast-page-background-enabled":"default","ast-page-background-meta":{"desktop":{"background-color":"","background-image":"","background-repeat":"repeat","background-position":"center center","background-size":"auto","background-attachment":"scroll","background-type":"","background-media":"","overlay-type":"","overlay-color":"","overlay-opacity":"","overlay-gradient":""},"tablet":{"background-color":"","background-image":"","background-repeat":"repeat","background-position":"center center","background-size":"auto","background-attachment":"scroll","background-type":"","background-media":"","overlay-type":"","overlay-color":"","overlay-opacity":"","overlay-gradient":""},"mobile":{"background-color":"","background-image":"","background-repeat":"repeat","background-position":"center center","background-size":"auto","background-attachment":"scroll","background-type":"","background-media":"","overlay-type":"","overlay-color":"","overlay-opacity":"","overlay-gradient":""}},"ast-content-background-meta":{"desktop":{"background-color":"var(--ast-global-color-5)","background-image":"","background-repeat":"repeat","background-position":"center center","background-size":"auto","background-attachment":"scroll","background-type":"","background-media":"","overlay-type":"","overlay-color":"","overlay-opacity":"","overlay-gradient":""},"tablet":{"background-color":"var(--ast-global-color-5)","background-image":"","background-repeat":"repeat","background-position":"center center","background-size":"auto","background-attachment":"scroll","background-type":"","background-media":"","overlay-type":"","overlay-color":"","overlay-opacity":"","overlay-gradient":""},"mobile":{"background-color":"var(--ast-global-color-5)","background-image":"","background-repeat":"repeat","background-position":"center center","background-size":"auto","background-attachment":"scroll","background-type":"","background-media":"","overlay-type":"","overlay-color":"","overlay-opacity":"","overlay-gradient":""}}},"product_brand":[],"product_cat":[22,65],"product_tag":[],"class_list":{"0":"post-5392","1":"product","2":"type-product","3":"status-publish","4":"has-post-thumbnail","6":"product_cat-synthetic-leather","7":"product_cat-bag","8":"desktop-align-center","9":"tablet-align-center","10":"mobile-align-center","11":"ast-product-gallery-layout-vertical-slider","12":"ast-magnify-disabled","13":"ast-product-tabs-layout-horizontal","15":"first","16":"instock","17":"shipping-taxable","18":"product-type-simple"},"_links":{"self":[{"href":"https:\/\/www.wzouzhuo.com\/fr\/wp-json\/wp\/v2\/product\/5392","targetHints":{"allow":["GET"]}}],"collection":[{"href":"https:\/\/www.wzouzhuo.com\/fr\/wp-json\/wp\/v2\/product"}],"about":[{"href":"https:\/\/www.wzouzhuo.com\/fr\/wp-json\/wp\/v2\/types\/product"}],"version-history":[{"count":1,"href":"https:\/\/www.wzouzhuo.com\/fr\/wp-json\/wp\/v2\/product\/5392\/revisions"}],"predecessor-version":[{"id":5395,"href":"https:\/\/www.wzouzhuo.com\/fr\/wp-json\/wp\/v2\/product\/5392\/revisions\/5395"}],"wp:featuredmedia":[{"embeddable":true,"href":"https:\/\/www.wzouzhuo.com\/fr\/wp-json\/wp\/v2\/media\/5393"}],"wp:attachment":[{"href":"https:\/\/www.wzouzhuo.com\/fr\/wp-json\/wp\/v2\/media?parent=5392"}],"wp:term":[{"taxonomy":"product_brand","embeddable":true,"href":"https:\/\/www.wzouzhuo.com\/fr\/wp-json\/wp\/v2\/product_brand?post=5392"},{"taxonomy":"product_cat","embeddable":true,"href":"https:\/\/www.wzouzhuo.com\/fr\/wp-json\/wp\/v2\/product_cat?post=5392"},{"taxonomy":"product_tag","embeddable":true,"href":"https:\/\/www.wzouzhuo.com\/fr\/wp-json\/wp\/v2\/product_tag?post=5392"}],"curies":[{"name":"wp","href":"https:\/\/api.w.org\/{rel}","templated":true}]}}