{"id":5384,"date":"2025-03-17T14:48:48","date_gmt":"2025-03-17T14:48:48","guid":{"rendered":"https:\/\/www.wzouzhuo.com\/?post_type=product&#038;p=5384"},"modified":"2025-03-25T01:19:53","modified_gmt":"2025-03-25T01:19:53","slug":"oz-6016-custom-print-mesh","status":"publish","type":"product","link":"https:\/\/www.wzouzhuo.com\/fr\/product\/oz-6016-custom-print-mesh\/","title":{"rendered":"OZ-6016 Maille pour impression personnalis\u00e9e"},"content":{"rendered":"<p>L'OZ-6016, un tissu \u00e0 mailles de 70 grammes, pr\u00e9sente une profusion d'effets d'impression sur sa surface, manifestant un large \u00e9ventail de styles. Il facilite notamment les initiatives de conception personnalis\u00e9es, permettant aux clients de mat\u00e9rialiser leurs conceptions distinctives. En vertu de sa configuration robuste et de sa remarquable perm\u00e9abilit\u00e9, ce produit est utilis\u00e9 dans la fabrication de chaussures de sport et de chaussures \u00e0 structure en maille. Ses conceptions personnalis\u00e9es ont la capacit\u00e9 de satisfaire les exigences en mati\u00e8re de chaussures de sport et de chaussures d\u00e9contract\u00e9es pour diff\u00e9rentes tranches d'\u00e2ge.<\/p>","protected":false},"excerpt":{"rendered":"<p>\u00c9paisseur : 70G<\/p>\n<p>Largeur : 1,37 m<\/p>\n<p>DOSSIER : MESH<\/p>\n<p>APPLICATION : CHAUSSURE<\/p>\n<p><em>OZ-6016 : Tissu en maille l\u00e9g\u00e8re de 70 g avec des impressions de surface vives et personnalisables pour des styles dynamiques. Combine respirabilit\u00e9, durabilit\u00e9 et motifs personnalis\u00e9s - parfait pour les chaussures athl\u00e9tiques et d\u00e9contract\u00e9es, quel que soit l'\u00e2ge.<\/em><\/p>","protected":false},"featured_media":5385,"template":"","meta":{"site-sidebar-layout":"default","site-content-layout":"","ast-site-content-layout":"default","site-content-style":"default","site-sidebar-style":"default","ast-global-header-display":"","ast-banner-title-visibility":"","ast-main-header-display":"","ast-hfb-above-header-display":"","ast-hfb-below-header-display":"","ast-hfb-mobile-header-display":"","site-post-title":"","ast-breadcrumbs-content":"","ast-featured-img":"","footer-sml-layout":"","theme-transparent-header-meta":"default","adv-header-id-meta":"","stick-header-meta":"default","header-above-stick-meta":"","header-main-stick-meta":"","header-below-stick-meta":"","astra-migrate-meta-layouts":"set","ast-page-background-enabled":"default","ast-page-background-meta":{"desktop":{"background-color":"","background-image":"","background-repeat":"repeat","background-position":"center center","background-size":"auto","background-attachment":"scroll","background-type":"","background-media":"","overlay-type":"","overlay-color":"","overlay-opacity":"","overlay-gradient":""},"tablet":{"background-color":"","background-image":"","background-repeat":"repeat","background-position":"center center","background-size":"auto","background-attachment":"scroll","background-type":"","background-media":"","overlay-type":"","overlay-color":"","overlay-opacity":"","overlay-gradient":""},"mobile":{"background-color":"","background-image":"","background-repeat":"repeat","background-position":"center center","background-size":"auto","background-attachment":"scroll","background-type":"","background-media":"","overlay-type":"","overlay-color":"","overlay-opacity":"","overlay-gradient":""}},"ast-content-background-meta":{"desktop":{"background-color":"var(--ast-global-color-5)","background-image":"","background-repeat":"repeat","background-position":"center center","background-size":"auto","background-attachment":"scroll","background-type":"","background-media":"","overlay-type":"","overlay-color":"","overlay-opacity":"","overlay-gradient":""},"tablet":{"background-color":"var(--ast-global-color-5)","background-image":"","background-repeat":"repeat","background-position":"center center","background-size":"auto","background-attachment":"scroll","background-type":"","background-media":"","overlay-type":"","overlay-color":"","overlay-opacity":"","overlay-gradient":""},"mobile":{"background-color":"var(--ast-global-color-5)","background-image":"","background-repeat":"repeat","background-position":"center center","background-size":"auto","background-attachment":"scroll","background-type":"","background-media":"","overlay-type":"","overlay-color":"","overlay-opacity":"","overlay-gradient":""}}},"product_brand":[],"product_cat":[57,69],"product_tag":[],"class_list":{"0":"post-5384","1":"product","2":"type-product","3":"status-publish","4":"has-post-thumbnail","6":"product_cat-textile","7":"product_cat-mesh","8":"desktop-align-center","9":"tablet-align-center","10":"mobile-align-center","11":"ast-product-gallery-layout-vertical-slider","12":"ast-magnify-disabled","13":"ast-product-tabs-layout-horizontal","15":"first","16":"instock","17":"shipping-taxable","18":"product-type-simple"},"_links":{"self":[{"href":"https:\/\/www.wzouzhuo.com\/fr\/wp-json\/wp\/v2\/product\/5384","targetHints":{"allow":["GET"]}}],"collection":[{"href":"https:\/\/www.wzouzhuo.com\/fr\/wp-json\/wp\/v2\/product"}],"about":[{"href":"https:\/\/www.wzouzhuo.com\/fr\/wp-json\/wp\/v2\/types\/product"}],"version-history":[{"count":1,"href":"https:\/\/www.wzouzhuo.com\/fr\/wp-json\/wp\/v2\/product\/5384\/revisions"}],"predecessor-version":[{"id":5387,"href":"https:\/\/www.wzouzhuo.com\/fr\/wp-json\/wp\/v2\/product\/5384\/revisions\/5387"}],"wp:featuredmedia":[{"embeddable":true,"href":"https:\/\/www.wzouzhuo.com\/fr\/wp-json\/wp\/v2\/media\/5385"}],"wp:attachment":[{"href":"https:\/\/www.wzouzhuo.com\/fr\/wp-json\/wp\/v2\/media?parent=5384"}],"wp:term":[{"taxonomy":"product_brand","embeddable":true,"href":"https:\/\/www.wzouzhuo.com\/fr\/wp-json\/wp\/v2\/product_brand?post=5384"},{"taxonomy":"product_cat","embeddable":true,"href":"https:\/\/www.wzouzhuo.com\/fr\/wp-json\/wp\/v2\/product_cat?post=5384"},{"taxonomy":"product_tag","embeddable":true,"href":"https:\/\/www.wzouzhuo.com\/fr\/wp-json\/wp\/v2\/product_tag?post=5384"}],"curies":[{"name":"wp","href":"https:\/\/api.w.org\/{rel}","templated":true}]}}