{"id":5376,"date":"2025-03-17T14:40:35","date_gmt":"2025-03-17T14:40:35","guid":{"rendered":"https:\/\/www.wzouzhuo.com\/?post_type=product&#038;p=5376"},"modified":"2025-03-25T01:20:14","modified_gmt":"2025-03-25T01:20:14","slug":"oz-6014-breathable-silver-mesh","status":"publish","type":"product","link":"https:\/\/www.wzouzhuo.com\/fr\/product\/oz-6014-mesh-argente-respirant\/","title":{"rendered":"OZ-6014 Maille argent\u00e9e respirante"},"content":{"rendered":"<p>L'OZ-6014 est un type de tissu en maille d'un poids de 260 grammes. Il se caract\u00e9rise par une texture duveteuse, une excellente r\u00e9silience et un film argent\u00e9 appliqu\u00e9 sur sa surface par un proc\u00e9d\u00e9 de marquage \u00e0 chaud, ce qui lui conf\u00e8re un aspect \u00e0 la fois simple et \u00e9l\u00e9gant.<\/p>\n<p>Ce tissu en maille pr\u00e9sente une excellente capacit\u00e9 de respiration et offre une sensation de l\u00e9g\u00e8ret\u00e9 et de confort. C'est un choix id\u00e9al pour la fabrication de chaussures de sport d'\u00e9t\u00e9.<\/p>","protected":false},"excerpt":{"rendered":"<p>\u00c9paisseur : 260G<\/p>\n<p>Largeur : 1,37 m<\/p>\n<p>DOSSIER : MESH<\/p>\n<p>APPLICATION : CHAUSSURE<\/p>\n<p><em>OZ-6014 : Tissu en maille l\u00e9g\u00e8re de 260 g avec une texture duveteuse, une excellente r\u00e9silience et un film argent\u00e9 estamp\u00e9 \u00e0 chaud. Il allie respirabilit\u00e9, confort et esth\u00e9tique \u00e9l\u00e9gante. Id\u00e9al pour les chaussures de sport d'\u00e9t\u00e9.<\/em><\/p>","protected":false},"featured_media":5377,"template":"","meta":{"site-sidebar-layout":"default","site-content-layout":"","ast-site-content-layout":"default","site-content-style":"default","site-sidebar-style":"default","ast-global-header-display":"","ast-banner-title-visibility":"","ast-main-header-display":"","ast-hfb-above-header-display":"","ast-hfb-below-header-display":"","ast-hfb-mobile-header-display":"","site-post-title":"","ast-breadcrumbs-content":"","ast-featured-img":"","footer-sml-layout":"","theme-transparent-header-meta":"default","adv-header-id-meta":"","stick-header-meta":"default","header-above-stick-meta":"","header-main-stick-meta":"","header-below-stick-meta":"","astra-migrate-meta-layouts":"set","ast-page-background-enabled":"default","ast-page-background-meta":{"desktop":{"background-color":"","background-image":"","background-repeat":"repeat","background-position":"center center","background-size":"auto","background-attachment":"scroll","background-type":"","background-media":"","overlay-type":"","overlay-color":"","overlay-opacity":"","overlay-gradient":""},"tablet":{"background-color":"","background-image":"","background-repeat":"repeat","background-position":"center center","background-size":"auto","background-attachment":"scroll","background-type":"","background-media":"","overlay-type":"","overlay-color":"","overlay-opacity":"","overlay-gradient":""},"mobile":{"background-color":"","background-image":"","background-repeat":"repeat","background-position":"center center","background-size":"auto","background-attachment":"scroll","background-type":"","background-media":"","overlay-type":"","overlay-color":"","overlay-opacity":"","overlay-gradient":""}},"ast-content-background-meta":{"desktop":{"background-color":"var(--ast-global-color-5)","background-image":"","background-repeat":"repeat","background-position":"center center","background-size":"auto","background-attachment":"scroll","background-type":"","background-media":"","overlay-type":"","overlay-color":"","overlay-opacity":"","overlay-gradient":""},"tablet":{"background-color":"var(--ast-global-color-5)","background-image":"","background-repeat":"repeat","background-position":"center center","background-size":"auto","background-attachment":"scroll","background-type":"","background-media":"","overlay-type":"","overlay-color":"","overlay-opacity":"","overlay-gradient":""},"mobile":{"background-color":"var(--ast-global-color-5)","background-image":"","background-repeat":"repeat","background-position":"center center","background-size":"auto","background-attachment":"scroll","background-type":"","background-media":"","overlay-type":"","overlay-color":"","overlay-opacity":"","overlay-gradient":""}}},"product_brand":[],"product_cat":[57,69],"product_tag":[],"class_list":{"0":"post-5376","1":"product","2":"type-product","3":"status-publish","4":"has-post-thumbnail","6":"product_cat-textile","7":"product_cat-mesh","8":"desktop-align-center","9":"tablet-align-center","10":"mobile-align-center","11":"ast-product-gallery-layout-vertical-slider","12":"ast-magnify-disabled","13":"ast-product-tabs-layout-horizontal","15":"first","16":"instock","17":"shipping-taxable","18":"product-type-simple"},"_links":{"self":[{"href":"https:\/\/www.wzouzhuo.com\/fr\/wp-json\/wp\/v2\/product\/5376","targetHints":{"allow":["GET"]}}],"collection":[{"href":"https:\/\/www.wzouzhuo.com\/fr\/wp-json\/wp\/v2\/product"}],"about":[{"href":"https:\/\/www.wzouzhuo.com\/fr\/wp-json\/wp\/v2\/types\/product"}],"version-history":[{"count":1,"href":"https:\/\/www.wzouzhuo.com\/fr\/wp-json\/wp\/v2\/product\/5376\/revisions"}],"predecessor-version":[{"id":5379,"href":"https:\/\/www.wzouzhuo.com\/fr\/wp-json\/wp\/v2\/product\/5376\/revisions\/5379"}],"wp:featuredmedia":[{"embeddable":true,"href":"https:\/\/www.wzouzhuo.com\/fr\/wp-json\/wp\/v2\/media\/5377"}],"wp:attachment":[{"href":"https:\/\/www.wzouzhuo.com\/fr\/wp-json\/wp\/v2\/media?parent=5376"}],"wp:term":[{"taxonomy":"product_brand","embeddable":true,"href":"https:\/\/www.wzouzhuo.com\/fr\/wp-json\/wp\/v2\/product_brand?post=5376"},{"taxonomy":"product_cat","embeddable":true,"href":"https:\/\/www.wzouzhuo.com\/fr\/wp-json\/wp\/v2\/product_cat?post=5376"},{"taxonomy":"product_tag","embeddable":true,"href":"https:\/\/www.wzouzhuo.com\/fr\/wp-json\/wp\/v2\/product_tag?post=5376"}],"curies":[{"name":"wp","href":"https:\/\/api.w.org\/{rel}","templated":true}]}}