{"id":5285,"date":"2025-03-02T15:42:24","date_gmt":"2025-03-02T15:42:24","guid":{"rendered":"https:\/\/www.wzouzhuo.com\/?post_type=product&#038;p=5285"},"modified":"2025-03-02T15:42:24","modified_gmt":"2025-03-02T15:42:24","slug":"oz-8397-iridescent-net-fabric","status":"publish","type":"product","link":"https:\/\/www.wzouzhuo.com\/fr\/product\/oz-8397-iridescent-net-fabric\/","title":{"rendered":"OZ-8397 Tissu de filet iris\u00e9"},"content":{"rendered":"<p>OZ-8397, est bas\u00e9 sur une base de microfibre lamin\u00e9e avec un tissu en film m\u00e9tallique. Le motif qui orne sa surface ressemble \u00e0 un filet de p\u00eache sinueux, engendrant un effet iris\u00e9 captivant. De plus, il est \u00e9quip\u00e9 pour supporter un traitement au laser, ce qui rend le r\u00e9sultat r\u00e9fl\u00e9chissant encore plus resplendissant.<br \/>\nCe produit est largement utilis\u00e9 dans la production de v\u00eatements et de sacs \u00e0 main pour femmes. En outre, il est respectueux de l'environnement et s\u00fbr.<\/p>","protected":false},"excerpt":{"rendered":"<p><strong>Film lamin\u00e9 microfibre\/m\u00e9tal avec irisation inspir\u00e9e des filets de p\u00eache<\/strong>Les produits de la gamme sont fabriqu\u00e9s \u00e0 partir de mati\u00e8res premi\u00e8res renouvelables, am\u00e9lior\u00e9es au laser pour une r\u00e9flectivit\u00e9 \u00e9blouissante. \u00c9cologique et id\u00e9al pour les<strong>v\u00eatements pour femmes<\/strong>et<strong>sacs \u00e0 main<\/strong>-Combine la durabilit\u00e9 de la l\u00e9g\u00e8ret\u00e9 avec le chatoiement de la tendance.<\/p>\n<p>\u00c9paisseur : 0,80MM<\/p>\n<p>Largeur : 1,37 m<\/p>\n<p>SUPPORT : MICROFIBRE<\/p>\n<p>APPLICATION : SAC \u00c0 MAIN, TISSU<\/p>","protected":false},"featured_media":5288,"template":"","meta":{"site-sidebar-layout":"default","site-content-layout":"","ast-site-content-layout":"default","site-content-style":"default","site-sidebar-style":"default","ast-global-header-display":"","ast-banner-title-visibility":"","ast-main-header-display":"","ast-hfb-above-header-display":"","ast-hfb-below-header-display":"","ast-hfb-mobile-header-display":"","site-post-title":"","ast-breadcrumbs-content":"","ast-featured-img":"","footer-sml-layout":"","theme-transparent-header-meta":"default","adv-header-id-meta":"","stick-header-meta":"default","header-above-stick-meta":"","header-main-stick-meta":"","header-below-stick-meta":"","astra-migrate-meta-layouts":"set","ast-page-background-enabled":"default","ast-page-background-meta":{"desktop":{"background-color":"","background-image":"","background-repeat":"repeat","background-position":"center center","background-size":"auto","background-attachment":"scroll","background-type":"","background-media":"","overlay-type":"","overlay-color":"","overlay-opacity":"","overlay-gradient":""},"tablet":{"background-color":"","background-image":"","background-repeat":"repeat","background-position":"center center","background-size":"auto","background-attachment":"scroll","background-type":"","background-media":"","overlay-type":"","overlay-color":"","overlay-opacity":"","overlay-gradient":""},"mobile":{"background-color":"","background-image":"","background-repeat":"repeat","background-position":"center center","background-size":"auto","background-attachment":"scroll","background-type":"","background-media":"","overlay-type":"","overlay-color":"","overlay-opacity":"","overlay-gradient":""}},"ast-content-background-meta":{"desktop":{"background-color":"var(--ast-global-color-5)","background-image":"","background-repeat":"repeat","background-position":"center center","background-size":"auto","background-attachment":"scroll","background-type":"","background-media":"","overlay-type":"","overlay-color":"","overlay-opacity":"","overlay-gradient":""},"tablet":{"background-color":"var(--ast-global-color-5)","background-image":"","background-repeat":"repeat","background-position":"center center","background-size":"auto","background-attachment":"scroll","background-type":"","background-media":"","overlay-type":"","overlay-color":"","overlay-opacity":"","overlay-gradient":""},"mobile":{"background-color":"var(--ast-global-color-5)","background-image":"","background-repeat":"repeat","background-position":"center center","background-size":"auto","background-attachment":"scroll","background-type":"","background-media":"","overlay-type":"","overlay-color":"","overlay-opacity":"","overlay-gradient":""}}},"product_brand":[],"product_cat":[22,65],"product_tag":[],"class_list":{"0":"post-5285","1":"product","2":"type-product","3":"status-publish","4":"has-post-thumbnail","6":"product_cat-synthetic-leather","7":"product_cat-bag","8":"desktop-align-center","9":"tablet-align-center","10":"mobile-align-center","11":"ast-product-gallery-layout-vertical-slider","12":"ast-magnify-disabled","13":"ast-product-tabs-layout-horizontal","15":"first","16":"instock","17":"shipping-taxable","18":"product-type-simple"},"_links":{"self":[{"href":"https:\/\/www.wzouzhuo.com\/fr\/wp-json\/wp\/v2\/product\/5285","targetHints":{"allow":["GET"]}}],"collection":[{"href":"https:\/\/www.wzouzhuo.com\/fr\/wp-json\/wp\/v2\/product"}],"about":[{"href":"https:\/\/www.wzouzhuo.com\/fr\/wp-json\/wp\/v2\/types\/product"}],"version-history":[{"count":1,"href":"https:\/\/www.wzouzhuo.com\/fr\/wp-json\/wp\/v2\/product\/5285\/revisions"}],"predecessor-version":[{"id":5289,"href":"https:\/\/www.wzouzhuo.com\/fr\/wp-json\/wp\/v2\/product\/5285\/revisions\/5289"}],"wp:featuredmedia":[{"embeddable":true,"href":"https:\/\/www.wzouzhuo.com\/fr\/wp-json\/wp\/v2\/media\/5288"}],"wp:attachment":[{"href":"https:\/\/www.wzouzhuo.com\/fr\/wp-json\/wp\/v2\/media?parent=5285"}],"wp:term":[{"taxonomy":"product_brand","embeddable":true,"href":"https:\/\/www.wzouzhuo.com\/fr\/wp-json\/wp\/v2\/product_brand?post=5285"},{"taxonomy":"product_cat","embeddable":true,"href":"https:\/\/www.wzouzhuo.com\/fr\/wp-json\/wp\/v2\/product_cat?post=5285"},{"taxonomy":"product_tag","embeddable":true,"href":"https:\/\/www.wzouzhuo.com\/fr\/wp-json\/wp\/v2\/product_tag?post=5285"}],"curies":[{"name":"wp","href":"https:\/\/api.w.org\/{rel}","templated":true}]}}