{"id":5271,"date":"2025-03-02T15:23:58","date_gmt":"2025-03-02T15:23:58","guid":{"rendered":"https:\/\/www.wzouzhuo.com\/?post_type=product&#038;p=5271"},"modified":"2025-03-02T15:23:59","modified_gmt":"2025-03-02T15:23:59","slug":"oz-8189-denim-textured-pvc-fabric","status":"publish","type":"product","link":"https:\/\/www.wzouzhuo.com\/fr\/product\/oz-8189-denim-textured-pvc-fabric\/","title":{"rendered":"OZ-8189 Tissu PVC textur\u00e9 Denim"},"content":{"rendered":"<p>L'OZ-8189 utilise le tissu \u00e0 brosses comme mat\u00e9riau de base. Une couche de r\u00e9sine PVC est ensuite appliqu\u00e9e et soumise \u00e0 un processus de moussage. La surface est ensuite gaufr\u00e9e et des motifs de style denim sont imprim\u00e9s. Le produit se caract\u00e9rise par sa texture douce et son excellente \u00e9lasticit\u00e9.<\/p>\n<p>Ce produit est un excellent mat\u00e9riau pour la fabrication de sacs \u00e0 main pour femmes. Les motifs de style denim sur sa surface sont conformes aux tendances populaires de ces derni\u00e8res ann\u00e9es.<\/p>","protected":false},"excerpt":{"rendered":"<p><strong>Tissu bross\u00e9 souple et \u00e9lastique<\/strong>superpos\u00e9 avec<strong>R\u00e9sine PVC<\/strong>Le logo de l'Union europ\u00e9enne est imprim\u00e9 en mousse, avec des couleurs tendance, et le logo de l'Union europ\u00e9enne est imprim\u00e9 avec des couleurs tendance.<strong>motifs de style denim<\/strong>. Parfait pour<strong>sacs \u00e0 main pour femmes<\/strong>-combine le confort, la durabilit\u00e9 et l'esth\u00e9tique \u00e0 la mode.<\/p>\n<p>Epaisseur : 1.20MM<\/p>\n<p>Largeur : 1,37 m<\/p>\n<p>DOSSIER : BROSSE<\/p>\n<p>APPLICATION : SAC \u00c0 MAIN<\/p>","protected":false},"featured_media":5272,"template":"","meta":{"site-sidebar-layout":"default","site-content-layout":"","ast-site-content-layout":"default","site-content-style":"default","site-sidebar-style":"default","ast-global-header-display":"","ast-banner-title-visibility":"","ast-main-header-display":"","ast-hfb-above-header-display":"","ast-hfb-below-header-display":"","ast-hfb-mobile-header-display":"","site-post-title":"","ast-breadcrumbs-content":"","ast-featured-img":"","footer-sml-layout":"","theme-transparent-header-meta":"default","adv-header-id-meta":"","stick-header-meta":"default","header-above-stick-meta":"","header-main-stick-meta":"","header-below-stick-meta":"","astra-migrate-meta-layouts":"set","ast-page-background-enabled":"default","ast-page-background-meta":{"desktop":{"background-color":"","background-image":"","background-repeat":"repeat","background-position":"center center","background-size":"auto","background-attachment":"scroll","background-type":"","background-media":"","overlay-type":"","overlay-color":"","overlay-opacity":"","overlay-gradient":""},"tablet":{"background-color":"","background-image":"","background-repeat":"repeat","background-position":"center center","background-size":"auto","background-attachment":"scroll","background-type":"","background-media":"","overlay-type":"","overlay-color":"","overlay-opacity":"","overlay-gradient":""},"mobile":{"background-color":"","background-image":"","background-repeat":"repeat","background-position":"center center","background-size":"auto","background-attachment":"scroll","background-type":"","background-media":"","overlay-type":"","overlay-color":"","overlay-opacity":"","overlay-gradient":""}},"ast-content-background-meta":{"desktop":{"background-color":"var(--ast-global-color-5)","background-image":"","background-repeat":"repeat","background-position":"center center","background-size":"auto","background-attachment":"scroll","background-type":"","background-media":"","overlay-type":"","overlay-color":"","overlay-opacity":"","overlay-gradient":""},"tablet":{"background-color":"var(--ast-global-color-5)","background-image":"","background-repeat":"repeat","background-position":"center center","background-size":"auto","background-attachment":"scroll","background-type":"","background-media":"","overlay-type":"","overlay-color":"","overlay-opacity":"","overlay-gradient":""},"mobile":{"background-color":"var(--ast-global-color-5)","background-image":"","background-repeat":"repeat","background-position":"center center","background-size":"auto","background-attachment":"scroll","background-type":"","background-media":"","overlay-type":"","overlay-color":"","overlay-opacity":"","overlay-gradient":""}}},"product_brand":[],"product_cat":[22,65],"product_tag":[],"class_list":{"0":"post-5271","1":"product","2":"type-product","3":"status-publish","4":"has-post-thumbnail","6":"product_cat-synthetic-leather","7":"product_cat-bag","8":"desktop-align-center","9":"tablet-align-center","10":"mobile-align-center","11":"ast-product-gallery-layout-vertical-slider","12":"ast-magnify-disabled","13":"ast-product-tabs-layout-horizontal","15":"first","16":"instock","17":"shipping-taxable","18":"product-type-simple"},"_links":{"self":[{"href":"https:\/\/www.wzouzhuo.com\/fr\/wp-json\/wp\/v2\/product\/5271","targetHints":{"allow":["GET"]}}],"collection":[{"href":"https:\/\/www.wzouzhuo.com\/fr\/wp-json\/wp\/v2\/product"}],"about":[{"href":"https:\/\/www.wzouzhuo.com\/fr\/wp-json\/wp\/v2\/types\/product"}],"version-history":[{"count":1,"href":"https:\/\/www.wzouzhuo.com\/fr\/wp-json\/wp\/v2\/product\/5271\/revisions"}],"predecessor-version":[{"id":5275,"href":"https:\/\/www.wzouzhuo.com\/fr\/wp-json\/wp\/v2\/product\/5271\/revisions\/5275"}],"wp:featuredmedia":[{"embeddable":true,"href":"https:\/\/www.wzouzhuo.com\/fr\/wp-json\/wp\/v2\/media\/5272"}],"wp:attachment":[{"href":"https:\/\/www.wzouzhuo.com\/fr\/wp-json\/wp\/v2\/media?parent=5271"}],"wp:term":[{"taxonomy":"product_brand","embeddable":true,"href":"https:\/\/www.wzouzhuo.com\/fr\/wp-json\/wp\/v2\/product_brand?post=5271"},{"taxonomy":"product_cat","embeddable":true,"href":"https:\/\/www.wzouzhuo.com\/fr\/wp-json\/wp\/v2\/product_cat?post=5271"},{"taxonomy":"product_tag","embeddable":true,"href":"https:\/\/www.wzouzhuo.com\/fr\/wp-json\/wp\/v2\/product_tag?post=5271"}],"curies":[{"name":"wp","href":"https:\/\/api.w.org\/{rel}","templated":true}]}}