{"id":5266,"date":"2025-03-02T15:16:27","date_gmt":"2025-03-02T15:16:27","guid":{"rendered":"https:\/\/www.wzouzhuo.com\/?post_type=product&#038;p=5266"},"modified":"2025-03-02T15:16:27","modified_gmt":"2025-03-02T15:16:27","slug":"oz-8169-metallic-meteor-fabric","status":"publish","type":"product","link":"https:\/\/www.wzouzhuo.com\/fr\/product\/oz-8169-metallic-meteor-fabric\/","title":{"rendered":"OZ-8169 Metallic Meteor Fabric"},"content":{"rendered":"<p>L'OZ-8169 utilise du tissu \u00e0 brosses comme mat\u00e9riau de base. Une couche de r\u00e9sine m\u00e9tallique en PVC est ensuite appliqu\u00e9e et un processus de moussage est r\u00e9alis\u00e9. Enfin, un gaufrage de surface est effectu\u00e9. Les parties sur\u00e9lev\u00e9es de sa surface ressemblent \u00e0 des pluies de m\u00e9t\u00e9orites traversant le ciel. De plus, la r\u00e9sine m\u00e9tallique conf\u00e8re \u00e0 la surface une texture m\u00e9tallique.<\/p>\n<p>Ce produit est un mat\u00e9riau id\u00e9al pour la fabrication de sacs \u00e0 main pour femmes. Sa couleur m\u00e9tallique brille de mille feux \u00e0 la lumi\u00e8re du soleil, ce qui lui permet d'attirer tous les regards.<\/p>","protected":false},"excerpt":{"rendered":"<p><strong>Tissu \u00e0 brosses<\/strong>superpos\u00e9 avec<strong>R\u00e9sine m\u00e9tallique PVC<\/strong>et<strong>texture de la pluie de m\u00e9t\u00e9orites en mousse gaufr\u00e9e<\/strong>La texture de l'eau est r\u00e9fl\u00e9chissante et \u00e9blouissante de lumi\u00e8re. Parfait pour<strong>sacs \u00e0 main pour femmes<\/strong>-L\u00e9ger, durable et attrayant sous la lumi\u00e8re du soleil.<\/p>\n<p>Epaisseur : 0.90MM<\/p>\n<p>Largeur : 1,37 m<\/p>\n<p>DOSSIER : BROSSE<\/p>\n<p>APPLICATION : SAC \u00c0 MAIN<\/p>","protected":false},"featured_media":5267,"template":"","meta":{"site-sidebar-layout":"default","site-content-layout":"","ast-site-content-layout":"default","site-content-style":"default","site-sidebar-style":"default","ast-global-header-display":"","ast-banner-title-visibility":"","ast-main-header-display":"","ast-hfb-above-header-display":"","ast-hfb-below-header-display":"","ast-hfb-mobile-header-display":"","site-post-title":"","ast-breadcrumbs-content":"","ast-featured-img":"","footer-sml-layout":"","theme-transparent-header-meta":"default","adv-header-id-meta":"","stick-header-meta":"default","header-above-stick-meta":"","header-main-stick-meta":"","header-below-stick-meta":"","astra-migrate-meta-layouts":"set","ast-page-background-enabled":"default","ast-page-background-meta":{"desktop":{"background-color":"","background-image":"","background-repeat":"repeat","background-position":"center center","background-size":"auto","background-attachment":"scroll","background-type":"","background-media":"","overlay-type":"","overlay-color":"","overlay-opacity":"","overlay-gradient":""},"tablet":{"background-color":"","background-image":"","background-repeat":"repeat","background-position":"center center","background-size":"auto","background-attachment":"scroll","background-type":"","background-media":"","overlay-type":"","overlay-color":"","overlay-opacity":"","overlay-gradient":""},"mobile":{"background-color":"","background-image":"","background-repeat":"repeat","background-position":"center center","background-size":"auto","background-attachment":"scroll","background-type":"","background-media":"","overlay-type":"","overlay-color":"","overlay-opacity":"","overlay-gradient":""}},"ast-content-background-meta":{"desktop":{"background-color":"var(--ast-global-color-5)","background-image":"","background-repeat":"repeat","background-position":"center center","background-size":"auto","background-attachment":"scroll","background-type":"","background-media":"","overlay-type":"","overlay-color":"","overlay-opacity":"","overlay-gradient":""},"tablet":{"background-color":"var(--ast-global-color-5)","background-image":"","background-repeat":"repeat","background-position":"center center","background-size":"auto","background-attachment":"scroll","background-type":"","background-media":"","overlay-type":"","overlay-color":"","overlay-opacity":"","overlay-gradient":""},"mobile":{"background-color":"var(--ast-global-color-5)","background-image":"","background-repeat":"repeat","background-position":"center center","background-size":"auto","background-attachment":"scroll","background-type":"","background-media":"","overlay-type":"","overlay-color":"","overlay-opacity":"","overlay-gradient":""}}},"product_brand":[],"product_cat":[22,65],"product_tag":[],"class_list":{"0":"post-5266","1":"product","2":"type-product","3":"status-publish","4":"has-post-thumbnail","6":"product_cat-synthetic-leather","7":"product_cat-bag","8":"desktop-align-center","9":"tablet-align-center","10":"mobile-align-center","11":"ast-product-gallery-layout-vertical-slider","12":"ast-magnify-disabled","13":"ast-product-tabs-layout-horizontal","15":"first","16":"instock","17":"shipping-taxable","18":"product-type-simple"},"_links":{"self":[{"href":"https:\/\/www.wzouzhuo.com\/fr\/wp-json\/wp\/v2\/product\/5266","targetHints":{"allow":["GET"]}}],"collection":[{"href":"https:\/\/www.wzouzhuo.com\/fr\/wp-json\/wp\/v2\/product"}],"about":[{"href":"https:\/\/www.wzouzhuo.com\/fr\/wp-json\/wp\/v2\/types\/product"}],"version-history":[{"count":1,"href":"https:\/\/www.wzouzhuo.com\/fr\/wp-json\/wp\/v2\/product\/5266\/revisions"}],"predecessor-version":[{"id":5270,"href":"https:\/\/www.wzouzhuo.com\/fr\/wp-json\/wp\/v2\/product\/5266\/revisions\/5270"}],"wp:featuredmedia":[{"embeddable":true,"href":"https:\/\/www.wzouzhuo.com\/fr\/wp-json\/wp\/v2\/media\/5267"}],"wp:attachment":[{"href":"https:\/\/www.wzouzhuo.com\/fr\/wp-json\/wp\/v2\/media?parent=5266"}],"wp:term":[{"taxonomy":"product_brand","embeddable":true,"href":"https:\/\/www.wzouzhuo.com\/fr\/wp-json\/wp\/v2\/product_brand?post=5266"},{"taxonomy":"product_cat","embeddable":true,"href":"https:\/\/www.wzouzhuo.com\/fr\/wp-json\/wp\/v2\/product_cat?post=5266"},{"taxonomy":"product_tag","embeddable":true,"href":"https:\/\/www.wzouzhuo.com\/fr\/wp-json\/wp\/v2\/product_tag?post=5266"}],"curies":[{"name":"wp","href":"https:\/\/api.w.org\/{rel}","templated":true}]}}