{"id":5230,"date":"2025-03-02T14:46:23","date_gmt":"2025-03-02T14:46:23","guid":{"rendered":"https:\/\/www.wzouzhuo.com\/?post_type=product&#038;p=5230"},"modified":"2025-03-02T14:46:23","modified_gmt":"2025-03-02T14:46:23","slug":"oz-8408-metallic-fish-scale-accents","status":"publish","type":"product","link":"https:\/\/www.wzouzhuo.com\/fr\/product\/oz-8408-accents-metalliques-en-forme-decailles-de-poisson\/","title":{"rendered":"OZ-8408 Accents m\u00e9talliques en \u00e9cailles de poisson"},"content":{"rendered":"<p>OZ-8408, est bas\u00e9 sur une base PU, le gaufrage en \u00e9cailles de poisson est form\u00e9 par un rouleau reli\u00e9 \u00e0 un film m\u00e9tallique. Le film m\u00e9tallique de haute qualit\u00e9 fait scintiller le produit avec des particules m\u00e9talliques sous l'effet de la lumi\u00e8re et lui conf\u00e8re un \u00e9clat \u00e9blouissant.<br \/>\nAvec un taux d'adoption de 86% dans la conception de produits pour enfants, les composants d\u00e9coratifs OZ-8408 font preuve d'une compatibilit\u00e9 exceptionnelle avec les chaussures (utilisation de 32%), les accessoires de sac (41%) et d'autres produits de style de vie.<\/p>","protected":false},"excerpt":{"rendered":"<p>Une base en PU avec un motif frappant en \u00e9cailles de poisson gaufr\u00e9 par un rouleau rev\u00eatu d'une pellicule m\u00e9tallique, cr\u00e9ant un \u00e9clat m\u00e9tallique \u00e9blouissant sous la lumi\u00e8re. Avec un taux d'adoption de 86% dans les cr\u00e9ations destin\u00e9es aux jeunes, il excelle dans les chaussures (32%), les accessoires de sac (41%) et les produits de style de vie pour un attrait polyvalent et \u00e0 fort impact.<\/p>\n<p>\u00c9paisseur : 0,80MM<\/p>\n<p>Largeur : 1,37 m<\/p>\n<p>SUPPORT : COTON<\/p>\n<p>APPLICATION : SAC \u00c0 MAIN, VALISE, CEINTURE<\/p>","protected":false},"featured_media":5231,"template":"","meta":{"site-sidebar-layout":"default","site-content-layout":"","ast-site-content-layout":"default","site-content-style":"default","site-sidebar-style":"default","ast-global-header-display":"","ast-banner-title-visibility":"","ast-main-header-display":"","ast-hfb-above-header-display":"","ast-hfb-below-header-display":"","ast-hfb-mobile-header-display":"","site-post-title":"","ast-breadcrumbs-content":"","ast-featured-img":"","footer-sml-layout":"","theme-transparent-header-meta":"default","adv-header-id-meta":"","stick-header-meta":"default","header-above-stick-meta":"","header-main-stick-meta":"","header-below-stick-meta":"","astra-migrate-meta-layouts":"set","ast-page-background-enabled":"default","ast-page-background-meta":{"desktop":{"background-color":"","background-image":"","background-repeat":"repeat","background-position":"center center","background-size":"auto","background-attachment":"scroll","background-type":"","background-media":"","overlay-type":"","overlay-color":"","overlay-opacity":"","overlay-gradient":""},"tablet":{"background-color":"","background-image":"","background-repeat":"repeat","background-position":"center center","background-size":"auto","background-attachment":"scroll","background-type":"","background-media":"","overlay-type":"","overlay-color":"","overlay-opacity":"","overlay-gradient":""},"mobile":{"background-color":"","background-image":"","background-repeat":"repeat","background-position":"center center","background-size":"auto","background-attachment":"scroll","background-type":"","background-media":"","overlay-type":"","overlay-color":"","overlay-opacity":"","overlay-gradient":""}},"ast-content-background-meta":{"desktop":{"background-color":"var(--ast-global-color-5)","background-image":"","background-repeat":"repeat","background-position":"center center","background-size":"auto","background-attachment":"scroll","background-type":"","background-media":"","overlay-type":"","overlay-color":"","overlay-opacity":"","overlay-gradient":""},"tablet":{"background-color":"var(--ast-global-color-5)","background-image":"","background-repeat":"repeat","background-position":"center center","background-size":"auto","background-attachment":"scroll","background-type":"","background-media":"","overlay-type":"","overlay-color":"","overlay-opacity":"","overlay-gradient":""},"mobile":{"background-color":"var(--ast-global-color-5)","background-image":"","background-repeat":"repeat","background-position":"center center","background-size":"auto","background-attachment":"scroll","background-type":"","background-media":"","overlay-type":"","overlay-color":"","overlay-opacity":"","overlay-gradient":""}}},"product_brand":[],"product_cat":[22,66],"product_tag":[],"class_list":{"0":"post-5230","1":"product","2":"type-product","3":"status-publish","4":"has-post-thumbnail","6":"product_cat-synthetic-leather","7":"product_cat-film","8":"desktop-align-center","9":"tablet-align-center","10":"mobile-align-center","11":"ast-product-gallery-layout-vertical-slider","12":"ast-magnify-disabled","13":"ast-product-tabs-layout-horizontal","15":"first","16":"instock","17":"shipping-taxable","18":"product-type-simple"},"_links":{"self":[{"href":"https:\/\/www.wzouzhuo.com\/fr\/wp-json\/wp\/v2\/product\/5230","targetHints":{"allow":["GET"]}}],"collection":[{"href":"https:\/\/www.wzouzhuo.com\/fr\/wp-json\/wp\/v2\/product"}],"about":[{"href":"https:\/\/www.wzouzhuo.com\/fr\/wp-json\/wp\/v2\/types\/product"}],"version-history":[{"count":1,"href":"https:\/\/www.wzouzhuo.com\/fr\/wp-json\/wp\/v2\/product\/5230\/revisions"}],"predecessor-version":[{"id":5234,"href":"https:\/\/www.wzouzhuo.com\/fr\/wp-json\/wp\/v2\/product\/5230\/revisions\/5234"}],"wp:featuredmedia":[{"embeddable":true,"href":"https:\/\/www.wzouzhuo.com\/fr\/wp-json\/wp\/v2\/media\/5231"}],"wp:attachment":[{"href":"https:\/\/www.wzouzhuo.com\/fr\/wp-json\/wp\/v2\/media?parent=5230"}],"wp:term":[{"taxonomy":"product_brand","embeddable":true,"href":"https:\/\/www.wzouzhuo.com\/fr\/wp-json\/wp\/v2\/product_brand?post=5230"},{"taxonomy":"product_cat","embeddable":true,"href":"https:\/\/www.wzouzhuo.com\/fr\/wp-json\/wp\/v2\/product_cat?post=5230"},{"taxonomy":"product_tag","embeddable":true,"href":"https:\/\/www.wzouzhuo.com\/fr\/wp-json\/wp\/v2\/product_tag?post=5230"}],"curies":[{"name":"wp","href":"https:\/\/api.w.org\/{rel}","templated":true}]}}