{"id":5221,"date":"2025-03-02T14:41:06","date_gmt":"2025-03-02T14:41:06","guid":{"rendered":"https:\/\/www.wzouzhuo.com\/?post_type=product&#038;p=5221"},"modified":"2025-04-28T06:00:54","modified_gmt":"2025-04-28T06:00:54","slug":"oz-8406-metallic-geometric-pu","status":"publish","type":"product","link":"https:\/\/www.wzouzhuo.com\/fr\/product\/oz-8406-geometrique-metallique-pu\/","title":{"rendered":"OZ-8406 M\u00e9tallique G\u00e9om\u00e9trique PU"},"content":{"rendered":"<p>OZ-8406, est bas\u00e9 sur une base PU, le gaufrage est form\u00e9 par un rouleau reli\u00e9 \u00e0 un film m\u00e9tallique. La couche de base utilise un tricotage de trame \u00e0 haute densit\u00e9, ce qui lui conf\u00e8re une texture luxueusement douce et proche de la peau. Sur toute sa surface, des motifs lin\u00e9aires \u00e9labor\u00e9s serpentent comme des art\u00e8res urbaines, se croisant dans un ballet g\u00e9om\u00e9trique qui capte le regard. Les versions Color 01 et Color 02 pr\u00e9sentent une finition grav\u00e9e au laser qui, sous l'effet de l'\u00e9clairage solaire, se transforme en une symphonie chromatique.<\/p>\n<p>La luxueuse finition m\u00e9tallique de ce produit, m\u00e9ticuleusement int\u00e9gr\u00e9e dans les sacs \u00e0 main pour femmes, cr\u00e9e un jeu captivant de lumi\u00e8re et de texture. L'\u00e9clat froid de sa surface, qui rappelle l'argent poli, d\u00e9gage une opulence discr\u00e8te tout en offrant une exp\u00e9rience tactile irr\u00e9sistiblement s\u00e9duisante.<\/p>","protected":false},"excerpt":{"rendered":"<p><strong>Tricot PU haute densit\u00e9 ultra-doux<\/strong>avec<strong>gaufrage g\u00e9om\u00e9trique m\u00e9tallique<\/strong>Finition au laser pour des changements de couleur dynamiques \u00e0 la lumi\u00e8re du soleil. Il pr\u00e9sente des motifs lin\u00e9aires d'inspiration urbaine et une brillance m\u00e9tallique luxueuse, id\u00e9ale pour la d\u00e9coration d'int\u00e9rieur.<strong>sacs \u00e0 main pour femmes<\/strong>et des accessoires haut de gamme. L\u00e9ger, durable et d'une grande richesse tactile.<\/p>\n<p>Epaisseur : 0.70MM<\/p>\n<p>Largeur : 1,37 m<\/p>\n<p>SUPPORT : EXTENSIBLE<\/p>\n<p>APPLICATION : SAC \u00c0 MAIN, CHAUSSURE<\/p>","protected":false},"featured_media":5223,"template":"","meta":{"site-sidebar-layout":"default","site-content-layout":"","ast-site-content-layout":"default","site-content-style":"default","site-sidebar-style":"default","ast-global-header-display":"","ast-banner-title-visibility":"","ast-main-header-display":"","ast-hfb-above-header-display":"","ast-hfb-below-header-display":"","ast-hfb-mobile-header-display":"","site-post-title":"","ast-breadcrumbs-content":"","ast-featured-img":"","footer-sml-layout":"","theme-transparent-header-meta":"default","adv-header-id-meta":"","stick-header-meta":"default","header-above-stick-meta":"","header-main-stick-meta":"","header-below-stick-meta":"","astra-migrate-meta-layouts":"set","ast-page-background-enabled":"default","ast-page-background-meta":{"desktop":{"background-color":"","background-image":"","background-repeat":"repeat","background-position":"center center","background-size":"auto","background-attachment":"scroll","background-type":"","background-media":"","overlay-type":"","overlay-color":"","overlay-opacity":"","overlay-gradient":""},"tablet":{"background-color":"","background-image":"","background-repeat":"repeat","background-position":"center center","background-size":"auto","background-attachment":"scroll","background-type":"","background-media":"","overlay-type":"","overlay-color":"","overlay-opacity":"","overlay-gradient":""},"mobile":{"background-color":"","background-image":"","background-repeat":"repeat","background-position":"center center","background-size":"auto","background-attachment":"scroll","background-type":"","background-media":"","overlay-type":"","overlay-color":"","overlay-opacity":"","overlay-gradient":""}},"ast-content-background-meta":{"desktop":{"background-color":"var(--ast-global-color-5)","background-image":"","background-repeat":"repeat","background-position":"center center","background-size":"auto","background-attachment":"scroll","background-type":"","background-media":"","overlay-type":"","overlay-color":"","overlay-opacity":"","overlay-gradient":""},"tablet":{"background-color":"var(--ast-global-color-5)","background-image":"","background-repeat":"repeat","background-position":"center center","background-size":"auto","background-attachment":"scroll","background-type":"","background-media":"","overlay-type":"","overlay-color":"","overlay-opacity":"","overlay-gradient":""},"mobile":{"background-color":"var(--ast-global-color-5)","background-image":"","background-repeat":"repeat","background-position":"center center","background-size":"auto","background-attachment":"scroll","background-type":"","background-media":"","overlay-type":"","overlay-color":"","overlay-opacity":"","overlay-gradient":""}}},"product_brand":[],"product_cat":[22,66],"product_tag":[],"class_list":{"0":"post-5221","1":"product","2":"type-product","3":"status-publish","4":"has-post-thumbnail","6":"product_cat-synthetic-leather","7":"product_cat-film","8":"desktop-align-center","9":"tablet-align-center","10":"mobile-align-center","11":"ast-product-gallery-layout-vertical-slider","12":"ast-magnify-disabled","13":"ast-product-tabs-layout-horizontal","15":"first","16":"instock","17":"shipping-taxable","18":"product-type-simple"},"_links":{"self":[{"href":"https:\/\/www.wzouzhuo.com\/fr\/wp-json\/wp\/v2\/product\/5221","targetHints":{"allow":["GET"]}}],"collection":[{"href":"https:\/\/www.wzouzhuo.com\/fr\/wp-json\/wp\/v2\/product"}],"about":[{"href":"https:\/\/www.wzouzhuo.com\/fr\/wp-json\/wp\/v2\/types\/product"}],"version-history":[{"count":1,"href":"https:\/\/www.wzouzhuo.com\/fr\/wp-json\/wp\/v2\/product\/5221\/revisions"}],"predecessor-version":[{"id":5225,"href":"https:\/\/www.wzouzhuo.com\/fr\/wp-json\/wp\/v2\/product\/5221\/revisions\/5225"}],"wp:featuredmedia":[{"embeddable":true,"href":"https:\/\/www.wzouzhuo.com\/fr\/wp-json\/wp\/v2\/media\/5223"}],"wp:attachment":[{"href":"https:\/\/www.wzouzhuo.com\/fr\/wp-json\/wp\/v2\/media?parent=5221"}],"wp:term":[{"taxonomy":"product_brand","embeddable":true,"href":"https:\/\/www.wzouzhuo.com\/fr\/wp-json\/wp\/v2\/product_brand?post=5221"},{"taxonomy":"product_cat","embeddable":true,"href":"https:\/\/www.wzouzhuo.com\/fr\/wp-json\/wp\/v2\/product_cat?post=5221"},{"taxonomy":"product_tag","embeddable":true,"href":"https:\/\/www.wzouzhuo.com\/fr\/wp-json\/wp\/v2\/product_tag?post=5221"}],"curies":[{"name":"wp","href":"https:\/\/api.w.org\/{rel}","templated":true}]}}