{"id":5215,"date":"2025-03-02T14:38:16","date_gmt":"2025-03-02T14:38:16","guid":{"rendered":"https:\/\/www.wzouzhuo.com\/?post_type=product&#038;p=5215"},"modified":"2025-04-28T06:01:03","modified_gmt":"2025-04-28T06:01:03","slug":"oz-8405-urban-geometric-pu-texture","status":"publish","type":"product","link":"https:\/\/www.wzouzhuo.com\/fr\/product\/oz-8405-urban-geometric-pu-texture\/","title":{"rendered":"OZ-8405 Urban Geometric PU Texture"},"content":{"rendered":"<p>OZ-8405 est bas\u00e9 sur une base en PU. Le mat\u00e9riau de base est un tricot de haute densit\u00e9, offrant une base luxueusement douce et textur\u00e9e. Le gaufrage g\u00e9om\u00e9trique carr\u00e9 est m\u00e9ticuleusement cr\u00e9\u00e9 par des rouleaux reli\u00e9s \u00e0 un film m\u00e9tallique, formant un motif en forme de grille qui refl\u00e8te la pr\u00e9cision de l'agencement urbain de New York - chaque bloc structur\u00e9 faisant \u00e9cho au syst\u00e8me de grille embl\u00e9matique des avenues de Manhattan.<\/p>\n<p>Ce produit est int\u00e9gr\u00e9 de mani\u00e8re experte dans les sacs \u00e0 main pour femmes, les bagages de voyage et les accessoires modernes. Qu'il s'agisse d'une r\u00e9union dans la salle de conf\u00e9rence ou d'une escapade le week-end, les textures g\u00e9om\u00e9triques s'harmonisent sans effort avec n'importe quelle esth\u00e9tique, ce qui en fait un \u00e9l\u00e9ment caract\u00e9ristique d'un style de vie exigeant.<\/p>","protected":false},"excerpt":{"rendered":"<p><strong>Tricot PU haute densit\u00e9 de luxe<\/strong>avec<strong>gaufrage g\u00e9om\u00e9trique m\u00e9tallique<\/strong>inspir\u00e9 de la grille embl\u00e9matique de Manhattan. Polyvalent pour<strong>sacs \u00e0 main pour femmes<\/strong>,<strong>bagages de voyage<\/strong>Les lunettes de soleil sont des accessoires modernes qui allient l'\u00e9l\u00e9gance de la salle de conf\u00e9rence et le chic du week-end. L\u00e9ger, r\u00e9sistant aux rayures et d'une structure intemporelle.<\/p>\n<p>Epaisseur : 0.70MM<\/p>\n<p>Largeur : 1,37 m<\/p>\n<p>SUPPORT : EXTENSIBLE<\/p>\n<p>APPLICATION : SAC \u00c0 MAIN, CHAUSSURE<\/p>","protected":false},"featured_media":5217,"template":"","meta":{"site-sidebar-layout":"default","site-content-layout":"","ast-site-content-layout":"default","site-content-style":"default","site-sidebar-style":"default","ast-global-header-display":"","ast-banner-title-visibility":"","ast-main-header-display":"","ast-hfb-above-header-display":"","ast-hfb-below-header-display":"","ast-hfb-mobile-header-display":"","site-post-title":"","ast-breadcrumbs-content":"","ast-featured-img":"","footer-sml-layout":"","theme-transparent-header-meta":"default","adv-header-id-meta":"","stick-header-meta":"default","header-above-stick-meta":"","header-main-stick-meta":"","header-below-stick-meta":"","astra-migrate-meta-layouts":"set","ast-page-background-enabled":"default","ast-page-background-meta":{"desktop":{"background-color":"","background-image":"","background-repeat":"repeat","background-position":"center center","background-size":"auto","background-attachment":"scroll","background-type":"","background-media":"","overlay-type":"","overlay-color":"","overlay-opacity":"","overlay-gradient":""},"tablet":{"background-color":"","background-image":"","background-repeat":"repeat","background-position":"center center","background-size":"auto","background-attachment":"scroll","background-type":"","background-media":"","overlay-type":"","overlay-color":"","overlay-opacity":"","overlay-gradient":""},"mobile":{"background-color":"","background-image":"","background-repeat":"repeat","background-position":"center center","background-size":"auto","background-attachment":"scroll","background-type":"","background-media":"","overlay-type":"","overlay-color":"","overlay-opacity":"","overlay-gradient":""}},"ast-content-background-meta":{"desktop":{"background-color":"var(--ast-global-color-5)","background-image":"","background-repeat":"repeat","background-position":"center center","background-size":"auto","background-attachment":"scroll","background-type":"","background-media":"","overlay-type":"","overlay-color":"","overlay-opacity":"","overlay-gradient":""},"tablet":{"background-color":"var(--ast-global-color-5)","background-image":"","background-repeat":"repeat","background-position":"center center","background-size":"auto","background-attachment":"scroll","background-type":"","background-media":"","overlay-type":"","overlay-color":"","overlay-opacity":"","overlay-gradient":""},"mobile":{"background-color":"var(--ast-global-color-5)","background-image":"","background-repeat":"repeat","background-position":"center center","background-size":"auto","background-attachment":"scroll","background-type":"","background-media":"","overlay-type":"","overlay-color":"","overlay-opacity":"","overlay-gradient":""}}},"product_brand":[],"product_cat":[22,66],"product_tag":[],"class_list":{"0":"post-5215","1":"product","2":"type-product","3":"status-publish","4":"has-post-thumbnail","6":"product_cat-synthetic-leather","7":"product_cat-film","8":"desktop-align-center","9":"tablet-align-center","10":"mobile-align-center","11":"ast-product-gallery-layout-vertical-slider","12":"ast-magnify-disabled","13":"ast-product-tabs-layout-horizontal","15":"first","16":"instock","17":"shipping-taxable","18":"product-type-simple"},"_links":{"self":[{"href":"https:\/\/www.wzouzhuo.com\/fr\/wp-json\/wp\/v2\/product\/5215","targetHints":{"allow":["GET"]}}],"collection":[{"href":"https:\/\/www.wzouzhuo.com\/fr\/wp-json\/wp\/v2\/product"}],"about":[{"href":"https:\/\/www.wzouzhuo.com\/fr\/wp-json\/wp\/v2\/types\/product"}],"version-history":[{"count":2,"href":"https:\/\/www.wzouzhuo.com\/fr\/wp-json\/wp\/v2\/product\/5215\/revisions"}],"predecessor-version":[{"id":5220,"href":"https:\/\/www.wzouzhuo.com\/fr\/wp-json\/wp\/v2\/product\/5215\/revisions\/5220"}],"wp:featuredmedia":[{"embeddable":true,"href":"https:\/\/www.wzouzhuo.com\/fr\/wp-json\/wp\/v2\/media\/5217"}],"wp:attachment":[{"href":"https:\/\/www.wzouzhuo.com\/fr\/wp-json\/wp\/v2\/media?parent=5215"}],"wp:term":[{"taxonomy":"product_brand","embeddable":true,"href":"https:\/\/www.wzouzhuo.com\/fr\/wp-json\/wp\/v2\/product_brand?post=5215"},{"taxonomy":"product_cat","embeddable":true,"href":"https:\/\/www.wzouzhuo.com\/fr\/wp-json\/wp\/v2\/product_cat?post=5215"},{"taxonomy":"product_tag","embeddable":true,"href":"https:\/\/www.wzouzhuo.com\/fr\/wp-json\/wp\/v2\/product_tag?post=5215"}],"curies":[{"name":"wp","href":"https:\/\/api.w.org\/{rel}","templated":true}]}}