{"id":5190,"date":"2025-03-02T14:06:36","date_gmt":"2025-03-02T14:06:36","guid":{"rendered":"https:\/\/www.wzouzhuo.com\/?post_type=product&#038;p=5190"},"modified":"2025-03-02T14:06:36","modified_gmt":"2025-03-02T14:06:36","slug":"oz-8127-playful-laminate","status":"publish","type":"product","link":"https:\/\/www.wzouzhuo.com\/fr\/product\/oz-8127-stratifie-ludique\/","title":{"rendered":"OZ-8127 Stratifi\u00e9 ludique"},"content":{"rendered":"<p>OZ-8127, est bas\u00e9 sur une base PU lamin\u00e9e avec un film PVC. La surface pr\u00e9sente une base argent\u00e9e \u00e9l\u00e9gante orn\u00e9e d'un ensemble fantaisiste de c\u0153urs de dessins anim\u00e9s color\u00e9s dans un kal\u00e9idoscope de teintes, conf\u00e9rant au produit un charme ludique et enfantin.<br \/>\nCe produit est largement appliqu\u00e9 aux chaussures pour enfants, aux sacs \u00e0 dos et aux \u00e9l\u00e9ments d\u00e9coratifs, conf\u00e9rant aux objets quotidiens un charme fantaisiste et ludique.<\/p>","protected":false},"excerpt":{"rendered":"<p><strong>Base PU\/PVC<\/strong>\u00a0+\u00a0<strong>toile de fond argent\u00e9e<\/strong>\u00a0+\u00a0<strong>c\u0153urs vibrants de dessins anim\u00e9s<\/strong>\u00a0(teintes kal\u00e9idoscopiques). Infuse les chaussures, les sacs \u00e0 dos et les d\u00e9cors des enfants avec des\u00a0<strong>charme fantaisiste<\/strong>\u00a0et\u00a0<strong>plaisir durable<\/strong>.<\/p>\n<p>Epaisseur : 0.90MM<\/p>\n<p>Largeur : 1,37 m<\/p>\n<p>SUPPORT : COTON<\/p>\n<p>APPLICATION : CHAUSSURE, SAC \u00c0 MAIN<\/p>","protected":false},"featured_media":5192,"template":"","meta":{"site-sidebar-layout":"default","site-content-layout":"","ast-site-content-layout":"default","site-content-style":"default","site-sidebar-style":"default","ast-global-header-display":"","ast-banner-title-visibility":"","ast-main-header-display":"","ast-hfb-above-header-display":"","ast-hfb-below-header-display":"","ast-hfb-mobile-header-display":"","site-post-title":"","ast-breadcrumbs-content":"","ast-featured-img":"","footer-sml-layout":"","theme-transparent-header-meta":"default","adv-header-id-meta":"","stick-header-meta":"default","header-above-stick-meta":"","header-main-stick-meta":"","header-below-stick-meta":"","astra-migrate-meta-layouts":"set","ast-page-background-enabled":"default","ast-page-background-meta":{"desktop":{"background-color":"","background-image":"","background-repeat":"repeat","background-position":"center center","background-size":"auto","background-attachment":"scroll","background-type":"","background-media":"","overlay-type":"","overlay-color":"","overlay-opacity":"","overlay-gradient":""},"tablet":{"background-color":"","background-image":"","background-repeat":"repeat","background-position":"center center","background-size":"auto","background-attachment":"scroll","background-type":"","background-media":"","overlay-type":"","overlay-color":"","overlay-opacity":"","overlay-gradient":""},"mobile":{"background-color":"","background-image":"","background-repeat":"repeat","background-position":"center center","background-size":"auto","background-attachment":"scroll","background-type":"","background-media":"","overlay-type":"","overlay-color":"","overlay-opacity":"","overlay-gradient":""}},"ast-content-background-meta":{"desktop":{"background-color":"var(--ast-global-color-5)","background-image":"","background-repeat":"repeat","background-position":"center center","background-size":"auto","background-attachment":"scroll","background-type":"","background-media":"","overlay-type":"","overlay-color":"","overlay-opacity":"","overlay-gradient":""},"tablet":{"background-color":"var(--ast-global-color-5)","background-image":"","background-repeat":"repeat","background-position":"center center","background-size":"auto","background-attachment":"scroll","background-type":"","background-media":"","overlay-type":"","overlay-color":"","overlay-opacity":"","overlay-gradient":""},"mobile":{"background-color":"var(--ast-global-color-5)","background-image":"","background-repeat":"repeat","background-position":"center center","background-size":"auto","background-attachment":"scroll","background-type":"","background-media":"","overlay-type":"","overlay-color":"","overlay-opacity":"","overlay-gradient":""}}},"product_brand":[],"product_cat":[22,66],"product_tag":[],"class_list":{"0":"post-5190","1":"product","2":"type-product","3":"status-publish","4":"has-post-thumbnail","6":"product_cat-synthetic-leather","7":"product_cat-film","8":"desktop-align-center","9":"tablet-align-center","10":"mobile-align-center","11":"ast-product-gallery-layout-vertical-slider","12":"ast-magnify-disabled","13":"ast-product-tabs-layout-horizontal","15":"first","16":"instock","17":"shipping-taxable","18":"product-type-simple"},"_links":{"self":[{"href":"https:\/\/www.wzouzhuo.com\/fr\/wp-json\/wp\/v2\/product\/5190","targetHints":{"allow":["GET"]}}],"collection":[{"href":"https:\/\/www.wzouzhuo.com\/fr\/wp-json\/wp\/v2\/product"}],"about":[{"href":"https:\/\/www.wzouzhuo.com\/fr\/wp-json\/wp\/v2\/types\/product"}],"version-history":[{"count":1,"href":"https:\/\/www.wzouzhuo.com\/fr\/wp-json\/wp\/v2\/product\/5190\/revisions"}],"predecessor-version":[{"id":5194,"href":"https:\/\/www.wzouzhuo.com\/fr\/wp-json\/wp\/v2\/product\/5190\/revisions\/5194"}],"wp:featuredmedia":[{"embeddable":true,"href":"https:\/\/www.wzouzhuo.com\/fr\/wp-json\/wp\/v2\/media\/5192"}],"wp:attachment":[{"href":"https:\/\/www.wzouzhuo.com\/fr\/wp-json\/wp\/v2\/media?parent=5190"}],"wp:term":[{"taxonomy":"product_brand","embeddable":true,"href":"https:\/\/www.wzouzhuo.com\/fr\/wp-json\/wp\/v2\/product_brand?post=5190"},{"taxonomy":"product_cat","embeddable":true,"href":"https:\/\/www.wzouzhuo.com\/fr\/wp-json\/wp\/v2\/product_cat?post=5190"},{"taxonomy":"product_tag","embeddable":true,"href":"https:\/\/www.wzouzhuo.com\/fr\/wp-json\/wp\/v2\/product_tag?post=5190"}],"curies":[{"name":"wp","href":"https:\/\/api.w.org\/{rel}","templated":true}]}}