{"id":5165,"date":"2025-03-02T13:09:02","date_gmt":"2025-03-02T13:09:02","guid":{"rendered":"https:\/\/www.wzouzhuo.com\/?post_type=product&#038;p=5165"},"modified":"2025-03-02T13:09:02","modified_gmt":"2025-03-02T13:09:02","slug":"oz-8109-prismatic-material","status":"publish","type":"product","link":"https:\/\/www.wzouzhuo.com\/fr\/product\/oz-8109-materiau-prismatique\/","title":{"rendered":"OZ-8109 Mat\u00e9riau prismatique"},"content":{"rendered":"<p>OZ-8109, combine une base en polyur\u00e9thane (PU) et un film composite en chlorure de polyvinyle (PVC), avec une surface micro-emboss\u00e9e de motifs circulaires align\u00e9s avec pr\u00e9cision.  Cette structure innovante g\u00e9n\u00e8re des effets prismatiques dynamiques qui \u00e9mettent une brillance chromatique captivante dans des conditions d'\u00e9clairage ambiant.<br \/>\nCette solution d\u00e9corative best-seller orne plus de 2,5 millions de produits par an, des premi\u00e8res chaussures des tout-petits aux collections de sacs \u00e0 main de luxe, devenant ainsi un \u00e9l\u00e9ment embl\u00e9matique de la conception d'accessoires modernes.<\/p>","protected":false},"excerpt":{"rendered":"<p><strong>Composite PU\/PVC<\/strong>\u00a0(durable) +\u00a0<strong>motifs circulaires micro-emboss\u00e9s<\/strong>\u00a0(r\u00e9fraction de la lumi\u00e8re, brillance arc-en-ciel). Il orne plus de 2,5 millions de produits par an - des chaussures pour enfants aux sacs de luxe - d'une allure \u00e9blouissante et chromatique.<\/p>\n<p>Epaisseur : 0.90MM<\/p>\n<p>Largeur : 1,37 m<\/p>\n<p>SUPPORT : COTON<\/p>\n<p>APPLICATION : CHAUSSURE, SAC \u00c0 MAIN<\/p>","protected":false},"featured_media":5166,"template":"","meta":{"site-sidebar-layout":"default","site-content-layout":"","ast-site-content-layout":"default","site-content-style":"default","site-sidebar-style":"default","ast-global-header-display":"","ast-banner-title-visibility":"","ast-main-header-display":"","ast-hfb-above-header-display":"","ast-hfb-below-header-display":"","ast-hfb-mobile-header-display":"","site-post-title":"","ast-breadcrumbs-content":"","ast-featured-img":"","footer-sml-layout":"","theme-transparent-header-meta":"default","adv-header-id-meta":"","stick-header-meta":"default","header-above-stick-meta":"","header-main-stick-meta":"","header-below-stick-meta":"","astra-migrate-meta-layouts":"set","ast-page-background-enabled":"default","ast-page-background-meta":{"desktop":{"background-color":"","background-image":"","background-repeat":"repeat","background-position":"center center","background-size":"auto","background-attachment":"scroll","background-type":"","background-media":"","overlay-type":"","overlay-color":"","overlay-opacity":"","overlay-gradient":""},"tablet":{"background-color":"","background-image":"","background-repeat":"repeat","background-position":"center center","background-size":"auto","background-attachment":"scroll","background-type":"","background-media":"","overlay-type":"","overlay-color":"","overlay-opacity":"","overlay-gradient":""},"mobile":{"background-color":"","background-image":"","background-repeat":"repeat","background-position":"center center","background-size":"auto","background-attachment":"scroll","background-type":"","background-media":"","overlay-type":"","overlay-color":"","overlay-opacity":"","overlay-gradient":""}},"ast-content-background-meta":{"desktop":{"background-color":"var(--ast-global-color-5)","background-image":"","background-repeat":"repeat","background-position":"center center","background-size":"auto","background-attachment":"scroll","background-type":"","background-media":"","overlay-type":"","overlay-color":"","overlay-opacity":"","overlay-gradient":""},"tablet":{"background-color":"var(--ast-global-color-5)","background-image":"","background-repeat":"repeat","background-position":"center center","background-size":"auto","background-attachment":"scroll","background-type":"","background-media":"","overlay-type":"","overlay-color":"","overlay-opacity":"","overlay-gradient":""},"mobile":{"background-color":"var(--ast-global-color-5)","background-image":"","background-repeat":"repeat","background-position":"center center","background-size":"auto","background-attachment":"scroll","background-type":"","background-media":"","overlay-type":"","overlay-color":"","overlay-opacity":"","overlay-gradient":""}}},"product_brand":[],"product_cat":[22,66],"product_tag":[],"class_list":{"0":"post-5165","1":"product","2":"type-product","3":"status-publish","4":"has-post-thumbnail","6":"product_cat-synthetic-leather","7":"product_cat-film","8":"desktop-align-center","9":"tablet-align-center","10":"mobile-align-center","11":"ast-product-gallery-layout-vertical-slider","12":"ast-magnify-disabled","13":"ast-product-tabs-layout-horizontal","15":"first","16":"instock","17":"shipping-taxable","18":"product-type-simple"},"_links":{"self":[{"href":"https:\/\/www.wzouzhuo.com\/fr\/wp-json\/wp\/v2\/product\/5165","targetHints":{"allow":["GET"]}}],"collection":[{"href":"https:\/\/www.wzouzhuo.com\/fr\/wp-json\/wp\/v2\/product"}],"about":[{"href":"https:\/\/www.wzouzhuo.com\/fr\/wp-json\/wp\/v2\/types\/product"}],"version-history":[{"count":1,"href":"https:\/\/www.wzouzhuo.com\/fr\/wp-json\/wp\/v2\/product\/5165\/revisions"}],"predecessor-version":[{"id":5169,"href":"https:\/\/www.wzouzhuo.com\/fr\/wp-json\/wp\/v2\/product\/5165\/revisions\/5169"}],"wp:featuredmedia":[{"embeddable":true,"href":"https:\/\/www.wzouzhuo.com\/fr\/wp-json\/wp\/v2\/media\/5166"}],"wp:attachment":[{"href":"https:\/\/www.wzouzhuo.com\/fr\/wp-json\/wp\/v2\/media?parent=5165"}],"wp:term":[{"taxonomy":"product_brand","embeddable":true,"href":"https:\/\/www.wzouzhuo.com\/fr\/wp-json\/wp\/v2\/product_brand?post=5165"},{"taxonomy":"product_cat","embeddable":true,"href":"https:\/\/www.wzouzhuo.com\/fr\/wp-json\/wp\/v2\/product_cat?post=5165"},{"taxonomy":"product_tag","embeddable":true,"href":"https:\/\/www.wzouzhuo.com\/fr\/wp-json\/wp\/v2\/product_tag?post=5165"}],"curies":[{"name":"wp","href":"https:\/\/api.w.org\/{rel}","templated":true}]}}