{"id":5159,"date":"2025-03-02T07:06:49","date_gmt":"2025-03-02T07:06:49","guid":{"rendered":"https:\/\/www.wzouzhuo.com\/?post_type=product&#038;p=5159"},"modified":"2025-03-02T07:06:49","modified_gmt":"2025-03-02T07:06:49","slug":"oz-8126-premium-shoe-material","status":"publish","type":"product","link":"https:\/\/www.wzouzhuo.com\/fr\/product\/oz-8126-materiel-de-chaussure-de-premiere-qualite\/","title":{"rendered":"OZ-8126 Mat\u00e9riau de chaussure de qualit\u00e9 sup\u00e9rieure"},"content":{"rendered":"<p>Le mat\u00e9riau OZ-8126 se compose d'une matrice en polyur\u00e9thane et d'une couche superficielle form\u00e9e par la micro-reproduction de motifs de papier anti-adh\u00e9sif, obtenue gr\u00e2ce \u00e0 un gaufrage thermique contr\u00f4l\u00e9. Des marques en forme d'\u00e9clair sont ensuite imprim\u00e9es sur sa surface, ce qui a un effet \u00e9poustouflant sur les gens.<\/p>\n<p>Ce produit est principalement utilis\u00e9 dans les chaussures en daim, jouant un r\u00f4le essentiel dans l'am\u00e9lioration de la qualit\u00e9 et de la fonctionnalit\u00e9 globales de ces chaussures \u00e0 la mode, r\u00e9pondant ainsi aux demandes exigeantes du march\u00e9.<\/p>","protected":false},"excerpt":{"rendered":"<p><strong>Matrice PU<\/strong>\u00a0avec\u00a0<strong>surface microtextur\u00e9e<\/strong>\u00a0(embossage thermique) +\u00a0<strong>empreintes de foudre<\/strong>\u00a0(audace accrocheuse). Rehausse les chaussures en daim d'une durabilit\u00e9 avant-gardiste et d'un attrait pour le march\u00e9.<\/p>\n<p>Epaisseur : 1.30MM<\/p>\n<p>Largeur : 1,37 m<\/p>\n<p>SUPPORT : ENDUIT<\/p>\n<p>APPLICATION : CHAUSSURE<\/p>","protected":false},"featured_media":5161,"template":"","meta":{"site-sidebar-layout":"default","site-content-layout":"","ast-site-content-layout":"default","site-content-style":"default","site-sidebar-style":"default","ast-global-header-display":"","ast-banner-title-visibility":"","ast-main-header-display":"","ast-hfb-above-header-display":"","ast-hfb-below-header-display":"","ast-hfb-mobile-header-display":"","site-post-title":"","ast-breadcrumbs-content":"","ast-featured-img":"","footer-sml-layout":"","theme-transparent-header-meta":"default","adv-header-id-meta":"","stick-header-meta":"default","header-above-stick-meta":"","header-main-stick-meta":"","header-below-stick-meta":"","astra-migrate-meta-layouts":"set","ast-page-background-enabled":"default","ast-page-background-meta":{"desktop":{"background-color":"","background-image":"","background-repeat":"repeat","background-position":"center center","background-size":"auto","background-attachment":"scroll","background-type":"","background-media":"","overlay-type":"","overlay-color":"","overlay-opacity":"","overlay-gradient":""},"tablet":{"background-color":"","background-image":"","background-repeat":"repeat","background-position":"center center","background-size":"auto","background-attachment":"scroll","background-type":"","background-media":"","overlay-type":"","overlay-color":"","overlay-opacity":"","overlay-gradient":""},"mobile":{"background-color":"","background-image":"","background-repeat":"repeat","background-position":"center center","background-size":"auto","background-attachment":"scroll","background-type":"","background-media":"","overlay-type":"","overlay-color":"","overlay-opacity":"","overlay-gradient":""}},"ast-content-background-meta":{"desktop":{"background-color":"var(--ast-global-color-5)","background-image":"","background-repeat":"repeat","background-position":"center center","background-size":"auto","background-attachment":"scroll","background-type":"","background-media":"","overlay-type":"","overlay-color":"","overlay-opacity":"","overlay-gradient":""},"tablet":{"background-color":"var(--ast-global-color-5)","background-image":"","background-repeat":"repeat","background-position":"center center","background-size":"auto","background-attachment":"scroll","background-type":"","background-media":"","overlay-type":"","overlay-color":"","overlay-opacity":"","overlay-gradient":""},"mobile":{"background-color":"var(--ast-global-color-5)","background-image":"","background-repeat":"repeat","background-position":"center center","background-size":"auto","background-attachment":"scroll","background-type":"","background-media":"","overlay-type":"","overlay-color":"","overlay-opacity":"","overlay-gradient":""}}},"product_brand":[],"product_cat":[22,64],"product_tag":[],"class_list":{"0":"post-5159","1":"product","2":"type-product","3":"status-publish","4":"has-post-thumbnail","6":"product_cat-synthetic-leather","7":"product_cat-shoe","8":"desktop-align-center","9":"tablet-align-center","10":"mobile-align-center","11":"ast-product-gallery-layout-vertical-slider","12":"ast-magnify-disabled","13":"ast-product-tabs-layout-horizontal","15":"first","16":"instock","17":"shipping-taxable","18":"product-type-simple"},"_links":{"self":[{"href":"https:\/\/www.wzouzhuo.com\/fr\/wp-json\/wp\/v2\/product\/5159","targetHints":{"allow":["GET"]}}],"collection":[{"href":"https:\/\/www.wzouzhuo.com\/fr\/wp-json\/wp\/v2\/product"}],"about":[{"href":"https:\/\/www.wzouzhuo.com\/fr\/wp-json\/wp\/v2\/types\/product"}],"version-history":[{"count":1,"href":"https:\/\/www.wzouzhuo.com\/fr\/wp-json\/wp\/v2\/product\/5159\/revisions"}],"predecessor-version":[{"id":5160,"href":"https:\/\/www.wzouzhuo.com\/fr\/wp-json\/wp\/v2\/product\/5159\/revisions\/5160"}],"wp:featuredmedia":[{"embeddable":true,"href":"https:\/\/www.wzouzhuo.com\/fr\/wp-json\/wp\/v2\/media\/5161"}],"wp:attachment":[{"href":"https:\/\/www.wzouzhuo.com\/fr\/wp-json\/wp\/v2\/media?parent=5159"}],"wp:term":[{"taxonomy":"product_brand","embeddable":true,"href":"https:\/\/www.wzouzhuo.com\/fr\/wp-json\/wp\/v2\/product_brand?post=5159"},{"taxonomy":"product_cat","embeddable":true,"href":"https:\/\/www.wzouzhuo.com\/fr\/wp-json\/wp\/v2\/product_cat?post=5159"},{"taxonomy":"product_tag","embeddable":true,"href":"https:\/\/www.wzouzhuo.com\/fr\/wp-json\/wp\/v2\/product_tag?post=5159"}],"curies":[{"name":"wp","href":"https:\/\/api.w.org\/{rel}","templated":true}]}}