{"id":5146,"date":"2025-03-02T06:46:34","date_gmt":"2025-03-02T06:46:34","guid":{"rendered":"https:\/\/www.wzouzhuo.com\/?post_type=product&#038;p=5146"},"modified":"2025-03-02T06:46:34","modified_gmt":"2025-03-02T06:46:34","slug":"oz-6010-customizable-luxury-material","status":"publish","type":"product","link":"https:\/\/www.wzouzhuo.com\/fr\/product\/oz-6010-materiau-de-luxe-personnalisable\/","title":{"rendered":"OZ-6010 Mat\u00e9riau de luxe personnalisable"},"content":{"rendered":"<p>Ce produit est fabriqu\u00e9 \u00e0 partir de fibres ultrafines, sur lesquelles un film PVC est ensuite fix\u00e9 et gaufr\u00e9. Il se caract\u00e9rise par une vaste gamme de couleurs et une qualit\u00e9 sup\u00e9rieure. De plus, il peut \u00eatre personnalis\u00e9 avec diff\u00e9rents motifs de gaufrage en fonction des exigences sp\u00e9cifiques des clients.<br \/>\nGr\u00e2ce \u00e0 ses couleurs de surface \u00e9clatantes et \u00e0 ses motifs complexes, ce produit est un mat\u00e9riau polyvalent qui est largement utilis\u00e9 dans la cr\u00e9ation d'une gamme vari\u00e9e d'accessoires pour dames, notamment des sacs \u00e0 main, des sacs fourre-tout, des pochettes et des bagages de voyage.<\/p>","protected":false},"excerpt":{"rendered":"<p><strong>Base en fibres ultrafines<\/strong>\u00a0+\u00a0<strong>film PVC gaufr\u00e9<\/strong>\u00a0(couleurs vives, qualit\u00e9 sup\u00e9rieure). Mod\u00e8les enti\u00e8rement personnalisables pour sacs \u00e0 main, fourre-tout, pochettes ou bagages de voyage chics - une \u00e9l\u00e9gance polyvalente pour les accessoires f\u00e9minins haut de gamme.<\/p>\n<p>Epaisseur : 0.60MM<\/p>\n<p>Largeur : 1,37 m<\/p>\n<p>SUPPORT : MICROFIBRE<\/p>\n<p>APPLICATION : SAC<\/p>","protected":false},"featured_media":5150,"template":"","meta":{"site-sidebar-layout":"default","site-content-layout":"","ast-site-content-layout":"default","site-content-style":"default","site-sidebar-style":"default","ast-global-header-display":"","ast-banner-title-visibility":"","ast-main-header-display":"","ast-hfb-above-header-display":"","ast-hfb-below-header-display":"","ast-hfb-mobile-header-display":"","site-post-title":"","ast-breadcrumbs-content":"","ast-featured-img":"","footer-sml-layout":"","theme-transparent-header-meta":"default","adv-header-id-meta":"","stick-header-meta":"default","header-above-stick-meta":"","header-main-stick-meta":"","header-below-stick-meta":"","astra-migrate-meta-layouts":"set","ast-page-background-enabled":"default","ast-page-background-meta":{"desktop":{"background-color":"","background-image":"","background-repeat":"repeat","background-position":"center center","background-size":"auto","background-attachment":"scroll","background-type":"","background-media":"","overlay-type":"","overlay-color":"","overlay-opacity":"","overlay-gradient":""},"tablet":{"background-color":"","background-image":"","background-repeat":"repeat","background-position":"center center","background-size":"auto","background-attachment":"scroll","background-type":"","background-media":"","overlay-type":"","overlay-color":"","overlay-opacity":"","overlay-gradient":""},"mobile":{"background-color":"","background-image":"","background-repeat":"repeat","background-position":"center center","background-size":"auto","background-attachment":"scroll","background-type":"","background-media":"","overlay-type":"","overlay-color":"","overlay-opacity":"","overlay-gradient":""}},"ast-content-background-meta":{"desktop":{"background-color":"var(--ast-global-color-5)","background-image":"","background-repeat":"repeat","background-position":"center center","background-size":"auto","background-attachment":"scroll","background-type":"","background-media":"","overlay-type":"","overlay-color":"","overlay-opacity":"","overlay-gradient":""},"tablet":{"background-color":"var(--ast-global-color-5)","background-image":"","background-repeat":"repeat","background-position":"center center","background-size":"auto","background-attachment":"scroll","background-type":"","background-media":"","overlay-type":"","overlay-color":"","overlay-opacity":"","overlay-gradient":""},"mobile":{"background-color":"var(--ast-global-color-5)","background-image":"","background-repeat":"repeat","background-position":"center center","background-size":"auto","background-attachment":"scroll","background-type":"","background-media":"","overlay-type":"","overlay-color":"","overlay-opacity":"","overlay-gradient":""}}},"product_brand":[],"product_cat":[22,65],"product_tag":[],"class_list":{"0":"post-5146","1":"product","2":"type-product","3":"status-publish","4":"has-post-thumbnail","6":"product_cat-synthetic-leather","7":"product_cat-bag","8":"desktop-align-center","9":"tablet-align-center","10":"mobile-align-center","11":"ast-product-gallery-layout-vertical-slider","12":"ast-magnify-disabled","13":"ast-product-tabs-layout-horizontal","15":"first","16":"instock","17":"shipping-taxable","18":"product-type-simple"},"_links":{"self":[{"href":"https:\/\/www.wzouzhuo.com\/fr\/wp-json\/wp\/v2\/product\/5146","targetHints":{"allow":["GET"]}}],"collection":[{"href":"https:\/\/www.wzouzhuo.com\/fr\/wp-json\/wp\/v2\/product"}],"about":[{"href":"https:\/\/www.wzouzhuo.com\/fr\/wp-json\/wp\/v2\/types\/product"}],"version-history":[{"count":1,"href":"https:\/\/www.wzouzhuo.com\/fr\/wp-json\/wp\/v2\/product\/5146\/revisions"}],"predecessor-version":[{"id":5151,"href":"https:\/\/www.wzouzhuo.com\/fr\/wp-json\/wp\/v2\/product\/5146\/revisions\/5151"}],"wp:featuredmedia":[{"embeddable":true,"href":"https:\/\/www.wzouzhuo.com\/fr\/wp-json\/wp\/v2\/media\/5150"}],"wp:attachment":[{"href":"https:\/\/www.wzouzhuo.com\/fr\/wp-json\/wp\/v2\/media?parent=5146"}],"wp:term":[{"taxonomy":"product_brand","embeddable":true,"href":"https:\/\/www.wzouzhuo.com\/fr\/wp-json\/wp\/v2\/product_brand?post=5146"},{"taxonomy":"product_cat","embeddable":true,"href":"https:\/\/www.wzouzhuo.com\/fr\/wp-json\/wp\/v2\/product_cat?post=5146"},{"taxonomy":"product_tag","embeddable":true,"href":"https:\/\/www.wzouzhuo.com\/fr\/wp-json\/wp\/v2\/product_tag?post=5146"}],"curies":[{"name":"wp","href":"https:\/\/api.w.org\/{rel}","templated":true}]}}