{"id":5076,"date":"2025-03-02T03:33:31","date_gmt":"2025-03-02T03:33:31","guid":{"rendered":"https:\/\/www.wzouzhuo.com\/?post_type=product&#038;p=5076"},"modified":"2025-07-28T15:16:17","modified_gmt":"2025-07-28T15:16:17","slug":"oz-6007-performance-mesh","status":"publish","type":"product","link":"https:\/\/www.wzouzhuo.com\/fr\/product\/oz-6007-performance-mesh\/","title":{"rendered":"OZ-6009 Performance Mesh"},"content":{"rendered":"<p>Ce produit est une maille tiss\u00e9e \u00e0 la machine m\u00e9ticuleusement fabriqu\u00e9e, d'un poids de 260 grammes. Il pr\u00e9sente une assimilation chromatique exceptionnelle, avec une surface impeccablement uniforme d\u00e9pourvue de tout \u00e9cart de couleur. Il est ensuite soumis \u00e0 un traitement laser de pointe. Ce traitement augmente non seulement l'\u00e9clat de la surface du tissu, mais lui permet \u00e9galement de r\u00e9fracter un \u00e9clat resplendissant lorsque le porteur se d\u00e9place, cr\u00e9ant ainsi un effet visuel captivant.<\/p>\n<p>Ce produit est tr\u00e8s polyvalent et est largement int\u00e9gr\u00e9 aux chaussures de sport et aux chaussures de sport \u00e0 tige en maille. Il se caract\u00e9rise par une respirabilit\u00e9 remarquable, offrant une amplitude de mouvement sans faille et sans restriction, garantissant aux porteurs une absence totale d'\u00e9touffement.<\/p>","protected":false},"excerpt":{"rendered":"<p><strong>Tissu tiss\u00e9 \u00e0 la machine 260g<\/strong>\u00a0(uniformit\u00e9 des couleurs sans faille) avec\u00a0<strong>lustre am\u00e9lior\u00e9 au laser<\/strong>\u00a0(\u00e9clat dynamique). Ultra-respirant, l\u00e9ger et con\u00e7u pour les chaussures de sport, les tiges en maille ou les \u00e9quipements en mouvement, il garantit une absence de constriction et une brillance qui attire l'attention.<\/p>\n<p>\u00c9paisseur : 260G<\/p>\n<p>Largeur : 1,37 m<\/p>\n<p>DOSSIER : MESH<\/p>\n<p>APPLICATION : CHAUSSURE<\/p>","protected":false},"featured_media":5078,"template":"","meta":{"site-sidebar-layout":"default","site-content-layout":"","ast-site-content-layout":"default","site-content-style":"default","site-sidebar-style":"default","ast-global-header-display":"","ast-banner-title-visibility":"","ast-main-header-display":"","ast-hfb-above-header-display":"","ast-hfb-below-header-display":"","ast-hfb-mobile-header-display":"","site-post-title":"","ast-breadcrumbs-content":"","ast-featured-img":"","footer-sml-layout":"","theme-transparent-header-meta":"default","adv-header-id-meta":"","stick-header-meta":"default","header-above-stick-meta":"","header-main-stick-meta":"","header-below-stick-meta":"","astra-migrate-meta-layouts":"set","ast-page-background-enabled":"default","ast-page-background-meta":{"desktop":{"background-color":"","background-image":"","background-repeat":"repeat","background-position":"center center","background-size":"auto","background-attachment":"scroll","background-type":"","background-media":"","overlay-type":"","overlay-color":"","overlay-opacity":"","overlay-gradient":""},"tablet":{"background-color":"","background-image":"","background-repeat":"repeat","background-position":"center center","background-size":"auto","background-attachment":"scroll","background-type":"","background-media":"","overlay-type":"","overlay-color":"","overlay-opacity":"","overlay-gradient":""},"mobile":{"background-color":"","background-image":"","background-repeat":"repeat","background-position":"center center","background-size":"auto","background-attachment":"scroll","background-type":"","background-media":"","overlay-type":"","overlay-color":"","overlay-opacity":"","overlay-gradient":""}},"ast-content-background-meta":{"desktop":{"background-color":"var(--ast-global-color-5)","background-image":"","background-repeat":"repeat","background-position":"center center","background-size":"auto","background-attachment":"scroll","background-type":"","background-media":"","overlay-type":"","overlay-color":"","overlay-opacity":"","overlay-gradient":""},"tablet":{"background-color":"var(--ast-global-color-5)","background-image":"","background-repeat":"repeat","background-position":"center center","background-size":"auto","background-attachment":"scroll","background-type":"","background-media":"","overlay-type":"","overlay-color":"","overlay-opacity":"","overlay-gradient":""},"mobile":{"background-color":"var(--ast-global-color-5)","background-image":"","background-repeat":"repeat","background-position":"center center","background-size":"auto","background-attachment":"scroll","background-type":"","background-media":"","overlay-type":"","overlay-color":"","overlay-opacity":"","overlay-gradient":""}}},"product_brand":[],"product_cat":[57,69],"product_tag":[],"class_list":{"0":"post-5076","1":"product","2":"type-product","3":"status-publish","4":"has-post-thumbnail","6":"product_cat-textile","7":"product_cat-mesh","8":"desktop-align-center","9":"tablet-align-center","10":"mobile-align-center","11":"ast-product-gallery-layout-vertical-slider","12":"ast-magnify-disabled","13":"ast-product-tabs-layout-horizontal","15":"first","16":"instock","17":"shipping-taxable","18":"product-type-simple"},"_links":{"self":[{"href":"https:\/\/www.wzouzhuo.com\/fr\/wp-json\/wp\/v2\/product\/5076","targetHints":{"allow":["GET"]}}],"collection":[{"href":"https:\/\/www.wzouzhuo.com\/fr\/wp-json\/wp\/v2\/product"}],"about":[{"href":"https:\/\/www.wzouzhuo.com\/fr\/wp-json\/wp\/v2\/types\/product"}],"version-history":[{"count":3,"href":"https:\/\/www.wzouzhuo.com\/fr\/wp-json\/wp\/v2\/product\/5076\/revisions"}],"predecessor-version":[{"id":6431,"href":"https:\/\/www.wzouzhuo.com\/fr\/wp-json\/wp\/v2\/product\/5076\/revisions\/6431"}],"wp:featuredmedia":[{"embeddable":true,"href":"https:\/\/www.wzouzhuo.com\/fr\/wp-json\/wp\/v2\/media\/5078"}],"wp:attachment":[{"href":"https:\/\/www.wzouzhuo.com\/fr\/wp-json\/wp\/v2\/media?parent=5076"}],"wp:term":[{"taxonomy":"product_brand","embeddable":true,"href":"https:\/\/www.wzouzhuo.com\/fr\/wp-json\/wp\/v2\/product_brand?post=5076"},{"taxonomy":"product_cat","embeddable":true,"href":"https:\/\/www.wzouzhuo.com\/fr\/wp-json\/wp\/v2\/product_cat?post=5076"},{"taxonomy":"product_tag","embeddable":true,"href":"https:\/\/www.wzouzhuo.com\/fr\/wp-json\/wp\/v2\/product_tag?post=5076"}],"curies":[{"name":"wp","href":"https:\/\/api.w.org\/{rel}","templated":true}]}}