{"id":5071,"date":"2025-03-02T03:30:10","date_gmt":"2025-03-02T03:30:10","guid":{"rendered":"https:\/\/www.wzouzhuo.com\/?post_type=product&#038;p=5071"},"modified":"2025-07-28T15:12:53","modified_gmt":"2025-07-28T15:12:53","slug":"oz-6006-sportswear-mesh","status":"publish","type":"product","link":"https:\/\/www.wzouzhuo.com\/fr\/product\/oz-6006-sportswear-mesh\/","title":{"rendered":"OZ-6006 Sportswear Mesh"},"content":{"rendered":"<p>Il s'agit d'une maille tiss\u00e9e \u00e0 la machine, m\u00e9ticuleusement r\u00e9alis\u00e9e, de 260 grammes. Il pr\u00e9sente une excellente adaptabilit\u00e9 chromatique, avec une surface homog\u00e8ne et sans faille, d\u00e9pourvue de tout \u00e9cart de couleur. Cette caract\u00e9ristique lui permet de se coordonner harmonieusement avec une gamme vari\u00e9e de produits.<\/p>\n<p>Ce produit est largement utilis\u00e9 en combinaison avec les chaussures de sport et les chaussures \u00e0 tige en maille. Il offre une excellente respirabilit\u00e9, garantissant une exp\u00e9rience sans sensation d'\u00e9touffement.<\/p>","protected":false},"excerpt":{"rendered":"<p><strong>Tissu tiss\u00e9 \u00e0 la machine 260g<\/strong>\u00a0(coh\u00e9rence parfaite de la couleur) avec\u00a0<strong>surface sans soudure<\/strong>\u00a0(z\u00e9ro \u00e9cart). Ultra-respirant, l\u00e9ger, il s'associe sans effort aux chaussures de sport, aux empeignes en maille ou aux mod\u00e8les dynamiques, garantissant un confort sans contrainte.<\/p>\n<p>\u00c9paisseur : 260G<\/p>\n<p>Largeur : 1,37 m<\/p>\n<p>DOSSIER : MESH<\/p>\n<p>APPLICATION : CHAUSSURE<\/p>","protected":false},"featured_media":5073,"template":"","meta":{"site-sidebar-layout":"default","site-content-layout":"","ast-site-content-layout":"default","site-content-style":"default","site-sidebar-style":"default","ast-global-header-display":"","ast-banner-title-visibility":"","ast-main-header-display":"","ast-hfb-above-header-display":"","ast-hfb-below-header-display":"","ast-hfb-mobile-header-display":"","site-post-title":"","ast-breadcrumbs-content":"","ast-featured-img":"","footer-sml-layout":"","theme-transparent-header-meta":"default","adv-header-id-meta":"","stick-header-meta":"default","header-above-stick-meta":"","header-main-stick-meta":"","header-below-stick-meta":"","astra-migrate-meta-layouts":"set","ast-page-background-enabled":"default","ast-page-background-meta":{"desktop":{"background-color":"","background-image":"","background-repeat":"repeat","background-position":"center center","background-size":"auto","background-attachment":"scroll","background-type":"","background-media":"","overlay-type":"","overlay-color":"","overlay-opacity":"","overlay-gradient":""},"tablet":{"background-color":"","background-image":"","background-repeat":"repeat","background-position":"center center","background-size":"auto","background-attachment":"scroll","background-type":"","background-media":"","overlay-type":"","overlay-color":"","overlay-opacity":"","overlay-gradient":""},"mobile":{"background-color":"","background-image":"","background-repeat":"repeat","background-position":"center center","background-size":"auto","background-attachment":"scroll","background-type":"","background-media":"","overlay-type":"","overlay-color":"","overlay-opacity":"","overlay-gradient":""}},"ast-content-background-meta":{"desktop":{"background-color":"var(--ast-global-color-5)","background-image":"","background-repeat":"repeat","background-position":"center center","background-size":"auto","background-attachment":"scroll","background-type":"","background-media":"","overlay-type":"","overlay-color":"","overlay-opacity":"","overlay-gradient":""},"tablet":{"background-color":"var(--ast-global-color-5)","background-image":"","background-repeat":"repeat","background-position":"center center","background-size":"auto","background-attachment":"scroll","background-type":"","background-media":"","overlay-type":"","overlay-color":"","overlay-opacity":"","overlay-gradient":""},"mobile":{"background-color":"var(--ast-global-color-5)","background-image":"","background-repeat":"repeat","background-position":"center center","background-size":"auto","background-attachment":"scroll","background-type":"","background-media":"","overlay-type":"","overlay-color":"","overlay-opacity":"","overlay-gradient":""}}},"product_brand":[],"product_cat":[57,69],"product_tag":[],"class_list":{"0":"post-5071","1":"product","2":"type-product","3":"status-publish","4":"has-post-thumbnail","6":"product_cat-textile","7":"product_cat-mesh","8":"desktop-align-center","9":"tablet-align-center","10":"mobile-align-center","11":"ast-product-gallery-layout-vertical-slider","12":"ast-magnify-disabled","13":"ast-product-tabs-layout-horizontal","15":"first","16":"instock","17":"shipping-taxable","18":"product-type-simple"},"_links":{"self":[{"href":"https:\/\/www.wzouzhuo.com\/fr\/wp-json\/wp\/v2\/product\/5071","targetHints":{"allow":["GET"]}}],"collection":[{"href":"https:\/\/www.wzouzhuo.com\/fr\/wp-json\/wp\/v2\/product"}],"about":[{"href":"https:\/\/www.wzouzhuo.com\/fr\/wp-json\/wp\/v2\/types\/product"}],"version-history":[{"count":2,"href":"https:\/\/www.wzouzhuo.com\/fr\/wp-json\/wp\/v2\/product\/5071\/revisions"}],"predecessor-version":[{"id":6430,"href":"https:\/\/www.wzouzhuo.com\/fr\/wp-json\/wp\/v2\/product\/5071\/revisions\/6430"}],"wp:featuredmedia":[{"embeddable":true,"href":"https:\/\/www.wzouzhuo.com\/fr\/wp-json\/wp\/v2\/media\/5073"}],"wp:attachment":[{"href":"https:\/\/www.wzouzhuo.com\/fr\/wp-json\/wp\/v2\/media?parent=5071"}],"wp:term":[{"taxonomy":"product_brand","embeddable":true,"href":"https:\/\/www.wzouzhuo.com\/fr\/wp-json\/wp\/v2\/product_brand?post=5071"},{"taxonomy":"product_cat","embeddable":true,"href":"https:\/\/www.wzouzhuo.com\/fr\/wp-json\/wp\/v2\/product_cat?post=5071"},{"taxonomy":"product_tag","embeddable":true,"href":"https:\/\/www.wzouzhuo.com\/fr\/wp-json\/wp\/v2\/product_tag?post=5071"}],"curies":[{"name":"wp","href":"https:\/\/api.w.org\/{rel}","templated":true}]}}