{"id":5064,"date":"2025-03-02T03:25:36","date_gmt":"2025-03-02T03:25:36","guid":{"rendered":"https:\/\/www.wzouzhuo.com\/?post_type=product&#038;p=5064"},"modified":"2025-03-02T06:10:19","modified_gmt":"2025-03-02T06:10:19","slug":"oz-6005-performance-fabric","status":"publish","type":"product","link":"https:\/\/www.wzouzhuo.com\/fr\/product\/tissu-de-performance-oz-6005\/","title":{"rendered":"OZ-6005 Performance Fabric"},"content":{"rendered":"<p>L'OZ-6005 est fabriqu\u00e9 \u00e0 partir d'un tissu en maille de 260 grammes, sur lequel l'impression num\u00e9rique est ex\u00e9cut\u00e9e de mani\u00e8re experte sur la surface.  Ce produit est principalement utilis\u00e9 dans les endroits o\u00f9 des fermetures \u00e0 glissi\u00e8re doivent \u00eatre install\u00e9es, tels que les sacs \u00e0 main et les chaussures.<\/p>\n<p>Compte tenu de ses caract\u00e9ristiques fonctionnelles, ce produit est largement utilis\u00e9 dans la fabrication de chaussures de sport, telles que les chaussures \u00e0 structure en maille, et d'autres produits qui peuvent tirer parti de ses capacit\u00e9s.<\/p>","protected":false},"excerpt":{"rendered":"<p><strong>Base en maille respirante<\/strong>\u00a0(l\u00e9ger comme une plume) avec\u00a0<strong>des impressions num\u00e9riques \u00e9clatantes<\/strong>\u00a0(durable, pr\u00e9cis). Optimis\u00e9 pour les chaussures de sport \u00e0 fermeture \u00e9clair, les sacs \u00e0 main ou les \u00e9quipements structur\u00e9s en filet, il allie l'efficacit\u00e9 de la circulation de l'air \u00e0 la polyvalence d'un design ludique.<\/p>\n<p>\u00c9paisseur : 260G<\/p>\n<p>Largeur : 1,37 m<\/p>\n<p>DOSSIER : MESH<\/p>\n<p>APPLICATION : CHAUSSURE<\/p>","protected":false},"featured_media":5066,"template":"","meta":{"site-sidebar-layout":"default","site-content-layout":"","ast-site-content-layout":"default","site-content-style":"default","site-sidebar-style":"default","ast-global-header-display":"","ast-banner-title-visibility":"","ast-main-header-display":"","ast-hfb-above-header-display":"","ast-hfb-below-header-display":"","ast-hfb-mobile-header-display":"","site-post-title":"","ast-breadcrumbs-content":"","ast-featured-img":"","footer-sml-layout":"","theme-transparent-header-meta":"default","adv-header-id-meta":"","stick-header-meta":"default","header-above-stick-meta":"","header-main-stick-meta":"","header-below-stick-meta":"","astra-migrate-meta-layouts":"set","ast-page-background-enabled":"default","ast-page-background-meta":{"desktop":{"background-color":"","background-image":"","background-repeat":"repeat","background-position":"center center","background-size":"auto","background-attachment":"scroll","background-type":"","background-media":"","overlay-type":"","overlay-color":"","overlay-opacity":"","overlay-gradient":""},"tablet":{"background-color":"","background-image":"","background-repeat":"repeat","background-position":"center center","background-size":"auto","background-attachment":"scroll","background-type":"","background-media":"","overlay-type":"","overlay-color":"","overlay-opacity":"","overlay-gradient":""},"mobile":{"background-color":"","background-image":"","background-repeat":"repeat","background-position":"center center","background-size":"auto","background-attachment":"scroll","background-type":"","background-media":"","overlay-type":"","overlay-color":"","overlay-opacity":"","overlay-gradient":""}},"ast-content-background-meta":{"desktop":{"background-color":"var(--ast-global-color-5)","background-image":"","background-repeat":"repeat","background-position":"center center","background-size":"auto","background-attachment":"scroll","background-type":"","background-media":"","overlay-type":"","overlay-color":"","overlay-opacity":"","overlay-gradient":""},"tablet":{"background-color":"var(--ast-global-color-5)","background-image":"","background-repeat":"repeat","background-position":"center center","background-size":"auto","background-attachment":"scroll","background-type":"","background-media":"","overlay-type":"","overlay-color":"","overlay-opacity":"","overlay-gradient":""},"mobile":{"background-color":"var(--ast-global-color-5)","background-image":"","background-repeat":"repeat","background-position":"center center","background-size":"auto","background-attachment":"scroll","background-type":"","background-media":"","overlay-type":"","overlay-color":"","overlay-opacity":"","overlay-gradient":""}}},"product_brand":[],"product_cat":[57,69],"product_tag":[],"class_list":{"0":"post-5064","1":"product","2":"type-product","3":"status-publish","4":"has-post-thumbnail","6":"product_cat-textile","7":"product_cat-mesh","8":"desktop-align-center","9":"tablet-align-center","10":"mobile-align-center","11":"ast-product-gallery-layout-vertical-slider","12":"ast-magnify-disabled","13":"ast-product-tabs-layout-horizontal","15":"first","16":"instock","17":"shipping-taxable","18":"product-type-simple"},"_links":{"self":[{"href":"https:\/\/www.wzouzhuo.com\/fr\/wp-json\/wp\/v2\/product\/5064","targetHints":{"allow":["GET"]}}],"collection":[{"href":"https:\/\/www.wzouzhuo.com\/fr\/wp-json\/wp\/v2\/product"}],"about":[{"href":"https:\/\/www.wzouzhuo.com\/fr\/wp-json\/wp\/v2\/types\/product"}],"version-history":[{"count":3,"href":"https:\/\/www.wzouzhuo.com\/fr\/wp-json\/wp\/v2\/product\/5064\/revisions"}],"predecessor-version":[{"id":5070,"href":"https:\/\/www.wzouzhuo.com\/fr\/wp-json\/wp\/v2\/product\/5064\/revisions\/5070"}],"wp:featuredmedia":[{"embeddable":true,"href":"https:\/\/www.wzouzhuo.com\/fr\/wp-json\/wp\/v2\/media\/5066"}],"wp:attachment":[{"href":"https:\/\/www.wzouzhuo.com\/fr\/wp-json\/wp\/v2\/media?parent=5064"}],"wp:term":[{"taxonomy":"product_brand","embeddable":true,"href":"https:\/\/www.wzouzhuo.com\/fr\/wp-json\/wp\/v2\/product_brand?post=5064"},{"taxonomy":"product_cat","embeddable":true,"href":"https:\/\/www.wzouzhuo.com\/fr\/wp-json\/wp\/v2\/product_cat?post=5064"},{"taxonomy":"product_tag","embeddable":true,"href":"https:\/\/www.wzouzhuo.com\/fr\/wp-json\/wp\/v2\/product_tag?post=5064"}],"curies":[{"name":"wp","href":"https:\/\/api.w.org\/{rel}","templated":true}]}}