{"id":5051,"date":"2025-03-02T02:20:06","date_gmt":"2025-03-02T02:20:06","guid":{"rendered":"https:\/\/www.wzouzhuo.com\/?post_type=product&#038;p=5051"},"modified":"2025-04-28T06:00:33","modified_gmt":"2025-04-28T06:00:33","slug":"5051","status":"publish","type":"product","link":"https:\/\/www.wzouzhuo.com\/fr\/product\/5051\/","title":{"rendered":"OZ-8403 Embellissement des sacs \u00e0 main au printemps"},"content":{"rendered":"<p>La surface est m\u00e9ticuleusement recouverte de motifs imprim\u00e9s num\u00e9riquement et de textures grav\u00e9es au laser, cr\u00e9ant ainsi une exp\u00e9rience visuelle multidimensionnelle. En gravant une s\u00e9rie de fleurs et de brindilles de saule sur la surface, le designer donne l'impression que le printemps est arriv\u00e9.<\/p>\n<p>OZ-8403 est le choix parfait pour les sacs \u00e0 main \u00e9l\u00e9gants du printemps. Ce produit conf\u00e8re \u00e0 chaque design une touche vibrante et vivante, insufflant la vie \u00e0 chaque cr\u00e9ation et en faisant un \u00e9l\u00e9ment indispensable pour ajouter une touche de fra\u00eecheur au printemps.<\/p>","protected":false},"excerpt":{"rendered":"<p>Fabriqu\u00e9 \u00e0 partir d'un\u00a0<strong>base en PVC transparent<\/strong>\u00a0(durable et l\u00e9ger), avec une couche de\u00a0<strong>impressions num\u00e9riques<\/strong>\u00a0et\u00a0<strong>textures florales grav\u00e9es au laser<\/strong>\u00a0(profondeur 3D, design inspir\u00e9 du printemps). Des d\u00e9tails vibrants et r\u00e9alistes rehaussent instantan\u00e9ment les sacs \u00e0 main ou les accessoires de saison. Un must pour un style frais et dynamique.<\/p>\n<p>Epaisseur : 0.70MM<\/p>\n<p>Largeur : 1,37 m<\/p>\n<p>SUPPORT : PVC<\/p>\n<p>APPLICATION : SAC \u00c0 MAIN, D\u00c9CORATION<\/p>","protected":false},"featured_media":5039,"template":"","meta":{"site-sidebar-layout":"default","site-content-layout":"","ast-site-content-layout":"default","site-content-style":"default","site-sidebar-style":"default","ast-global-header-display":"","ast-banner-title-visibility":"","ast-main-header-display":"","ast-hfb-above-header-display":"","ast-hfb-below-header-display":"","ast-hfb-mobile-header-display":"","site-post-title":"","ast-breadcrumbs-content":"","ast-featured-img":"","footer-sml-layout":"","theme-transparent-header-meta":"default","adv-header-id-meta":"","stick-header-meta":"default","header-above-stick-meta":"","header-main-stick-meta":"","header-below-stick-meta":"","astra-migrate-meta-layouts":"set","ast-page-background-enabled":"default","ast-page-background-meta":{"desktop":{"background-color":"","background-image":"","background-repeat":"repeat","background-position":"center center","background-size":"auto","background-attachment":"scroll","background-type":"","background-media":"","overlay-type":"","overlay-color":"","overlay-opacity":"","overlay-gradient":""},"tablet":{"background-color":"","background-image":"","background-repeat":"repeat","background-position":"center center","background-size":"auto","background-attachment":"scroll","background-type":"","background-media":"","overlay-type":"","overlay-color":"","overlay-opacity":"","overlay-gradient":""},"mobile":{"background-color":"","background-image":"","background-repeat":"repeat","background-position":"center center","background-size":"auto","background-attachment":"scroll","background-type":"","background-media":"","overlay-type":"","overlay-color":"","overlay-opacity":"","overlay-gradient":""}},"ast-content-background-meta":{"desktop":{"background-color":"var(--ast-global-color-5)","background-image":"","background-repeat":"repeat","background-position":"center center","background-size":"auto","background-attachment":"scroll","background-type":"","background-media":"","overlay-type":"","overlay-color":"","overlay-opacity":"","overlay-gradient":""},"tablet":{"background-color":"var(--ast-global-color-5)","background-image":"","background-repeat":"repeat","background-position":"center center","background-size":"auto","background-attachment":"scroll","background-type":"","background-media":"","overlay-type":"","overlay-color":"","overlay-opacity":"","overlay-gradient":""},"mobile":{"background-color":"var(--ast-global-color-5)","background-image":"","background-repeat":"repeat","background-position":"center center","background-size":"auto","background-attachment":"scroll","background-type":"","background-media":"","overlay-type":"","overlay-color":"","overlay-opacity":"","overlay-gradient":""}}},"product_brand":[],"product_cat":[63],"product_tag":[],"class_list":{"0":"post-5051","1":"product","2":"type-product","3":"status-publish","4":"has-post-thumbnail","6":"product_cat-accessories","7":"desktop-align-center","8":"tablet-align-center","9":"mobile-align-center","10":"ast-product-gallery-layout-vertical-slider","11":"ast-magnify-disabled","12":"ast-product-tabs-layout-horizontal","14":"first","15":"instock","16":"shipping-taxable","17":"product-type-simple"},"_links":{"self":[{"href":"https:\/\/www.wzouzhuo.com\/fr\/wp-json\/wp\/v2\/product\/5051","targetHints":{"allow":["GET"]}}],"collection":[{"href":"https:\/\/www.wzouzhuo.com\/fr\/wp-json\/wp\/v2\/product"}],"about":[{"href":"https:\/\/www.wzouzhuo.com\/fr\/wp-json\/wp\/v2\/types\/product"}],"version-history":[{"count":3,"href":"https:\/\/www.wzouzhuo.com\/fr\/wp-json\/wp\/v2\/product\/5051\/revisions"}],"predecessor-version":[{"id":5109,"href":"https:\/\/www.wzouzhuo.com\/fr\/wp-json\/wp\/v2\/product\/5051\/revisions\/5109"}],"wp:featuredmedia":[{"embeddable":true,"href":"https:\/\/www.wzouzhuo.com\/fr\/wp-json\/wp\/v2\/media\/5039"}],"wp:attachment":[{"href":"https:\/\/www.wzouzhuo.com\/fr\/wp-json\/wp\/v2\/media?parent=5051"}],"wp:term":[{"taxonomy":"product_brand","embeddable":true,"href":"https:\/\/www.wzouzhuo.com\/fr\/wp-json\/wp\/v2\/product_brand?post=5051"},{"taxonomy":"product_cat","embeddable":true,"href":"https:\/\/www.wzouzhuo.com\/fr\/wp-json\/wp\/v2\/product_cat?post=5051"},{"taxonomy":"product_tag","embeddable":true,"href":"https:\/\/www.wzouzhuo.com\/fr\/wp-json\/wp\/v2\/product_tag?post=5051"}],"curies":[{"name":"wp","href":"https:\/\/api.w.org\/{rel}","templated":true}]}}