{"id":5049,"date":"2025-03-02T02:17:02","date_gmt":"2025-03-02T02:17:02","guid":{"rendered":"https:\/\/www.wzouzhuo.com\/?post_type=product&#038;p=5049"},"modified":"2025-03-02T03:50:30","modified_gmt":"2025-03-02T03:50:30","slug":"oz-6003","status":"publish","type":"product","link":"https:\/\/www.wzouzhuo.com\/fr\/product\/oz-6003\/","title":{"rendered":"OZ-6003 Embellissement de la fermeture \u00e0 glissi\u00e8re"},"content":{"rendered":"<p><strong>OZ-6003 Embellissement de la fermeture \u00e0 glissi\u00e8re<\/strong><\/p>\n<p>L'OZ6003 adopte un design structurel en trois parties. Sa base est fabriqu\u00e9e en cuir artificiel, ce qui offre une base durable et \u00e9l\u00e9gante. La surface est recouverte de strass et de fermetures \u00e9clair.  Les couleurs de l'ensemble sont d\u00e9licatement coordonn\u00e9es, ce qui donne un effet visuel attrayant. Les fermetures \u00e0 glissi\u00e8re sont dispos\u00e9es de mani\u00e8re nette et ordonn\u00e9e, chacune d'entre elles s'ajustant avec pr\u00e9cision, ce qui garantit une apparence professionnelle et sans faille.<\/p>\n<p>Ce produit est principalement utilis\u00e9 dans les endroits o\u00f9 des fermetures \u00e0 glissi\u00e8re doivent \u00eatre install\u00e9es, tels que les sacs \u00e0 main et les chaussures.<\/p>","protected":false},"excerpt":{"rendered":"<p>Caract\u00e9ristiques\u00a0<strong>cuir artificiel durable<\/strong>\u00a0(base lisse),\u00a0<strong>strass \u00e9tincelants<\/strong>et\u00a0<strong>fermetures \u00e0 glissi\u00e8re align\u00e9es avec pr\u00e9cision<\/strong>\u00a0(finition sans couture). Le design aux couleurs assorties met en valeur les chaussures, les sacs \u00e0 main ou les accessoires dot\u00e9s d'une fermeture \u00e0 glissi\u00e8re. Polissage professionnel, con\u00e7u pour durer.<\/p>\n<p>SUPPORT : COTON<\/p>\n<p>APPLICATION : CHAUSSURE, SAC \u00c0 MAIN<\/p>","protected":false},"featured_media":5036,"template":"","meta":{"site-sidebar-layout":"default","site-content-layout":"","ast-site-content-layout":"default","site-content-style":"default","site-sidebar-style":"default","ast-global-header-display":"","ast-banner-title-visibility":"","ast-main-header-display":"","ast-hfb-above-header-display":"","ast-hfb-below-header-display":"","ast-hfb-mobile-header-display":"","site-post-title":"","ast-breadcrumbs-content":"","ast-featured-img":"","footer-sml-layout":"","theme-transparent-header-meta":"default","adv-header-id-meta":"","stick-header-meta":"default","header-above-stick-meta":"","header-main-stick-meta":"","header-below-stick-meta":"","astra-migrate-meta-layouts":"set","ast-page-background-enabled":"default","ast-page-background-meta":{"desktop":{"background-color":"","background-image":"","background-repeat":"repeat","background-position":"center center","background-size":"auto","background-attachment":"scroll","background-type":"","background-media":"","overlay-type":"","overlay-color":"","overlay-opacity":"","overlay-gradient":""},"tablet":{"background-color":"","background-image":"","background-repeat":"repeat","background-position":"center center","background-size":"auto","background-attachment":"scroll","background-type":"","background-media":"","overlay-type":"","overlay-color":"","overlay-opacity":"","overlay-gradient":""},"mobile":{"background-color":"","background-image":"","background-repeat":"repeat","background-position":"center center","background-size":"auto","background-attachment":"scroll","background-type":"","background-media":"","overlay-type":"","overlay-color":"","overlay-opacity":"","overlay-gradient":""}},"ast-content-background-meta":{"desktop":{"background-color":"var(--ast-global-color-5)","background-image":"","background-repeat":"repeat","background-position":"center center","background-size":"auto","background-attachment":"scroll","background-type":"","background-media":"","overlay-type":"","overlay-color":"","overlay-opacity":"","overlay-gradient":""},"tablet":{"background-color":"var(--ast-global-color-5)","background-image":"","background-repeat":"repeat","background-position":"center center","background-size":"auto","background-attachment":"scroll","background-type":"","background-media":"","overlay-type":"","overlay-color":"","overlay-opacity":"","overlay-gradient":""},"mobile":{"background-color":"var(--ast-global-color-5)","background-image":"","background-repeat":"repeat","background-position":"center center","background-size":"auto","background-attachment":"scroll","background-type":"","background-media":"","overlay-type":"","overlay-color":"","overlay-opacity":"","overlay-gradient":""}}},"product_brand":[],"product_cat":[63],"product_tag":[],"class_list":{"0":"post-5049","1":"product","2":"type-product","3":"status-publish","4":"has-post-thumbnail","6":"product_cat-accessories","7":"desktop-align-center","8":"tablet-align-center","9":"mobile-align-center","10":"ast-product-gallery-layout-vertical-slider","11":"ast-magnify-disabled","12":"ast-product-tabs-layout-horizontal","14":"first","15":"instock","16":"shipping-taxable","17":"product-type-simple"},"_links":{"self":[{"href":"https:\/\/www.wzouzhuo.com\/fr\/wp-json\/wp\/v2\/product\/5049","targetHints":{"allow":["GET"]}}],"collection":[{"href":"https:\/\/www.wzouzhuo.com\/fr\/wp-json\/wp\/v2\/product"}],"about":[{"href":"https:\/\/www.wzouzhuo.com\/fr\/wp-json\/wp\/v2\/types\/product"}],"version-history":[{"count":3,"href":"https:\/\/www.wzouzhuo.com\/fr\/wp-json\/wp\/v2\/product\/5049\/revisions"}],"predecessor-version":[{"id":5111,"href":"https:\/\/www.wzouzhuo.com\/fr\/wp-json\/wp\/v2\/product\/5049\/revisions\/5111"}],"wp:featuredmedia":[{"embeddable":true,"href":"https:\/\/www.wzouzhuo.com\/fr\/wp-json\/wp\/v2\/media\/5036"}],"wp:attachment":[{"href":"https:\/\/www.wzouzhuo.com\/fr\/wp-json\/wp\/v2\/media?parent=5049"}],"wp:term":[{"taxonomy":"product_brand","embeddable":true,"href":"https:\/\/www.wzouzhuo.com\/fr\/wp-json\/wp\/v2\/product_brand?post=5049"},{"taxonomy":"product_cat","embeddable":true,"href":"https:\/\/www.wzouzhuo.com\/fr\/wp-json\/wp\/v2\/product_cat?post=5049"},{"taxonomy":"product_tag","embeddable":true,"href":"https:\/\/www.wzouzhuo.com\/fr\/wp-json\/wp\/v2\/product_tag?post=5049"}],"curies":[{"name":"wp","href":"https:\/\/api.w.org\/{rel}","templated":true}]}}