{"id":6125,"date":"2025-04-29T01:26:16","date_gmt":"2025-04-29T01:26:16","guid":{"rendered":"https:\/\/www.wzouzhuo.com\/?post_type=product&#038;p=6125"},"modified":"2025-04-29T01:26:16","modified_gmt":"2025-04-29T01:26:16","slug":"oz-6125-egyptian-dual-texture-pvc","status":"publish","type":"product","link":"https:\/\/www.wzouzhuo.com\/es\/product\/oz-6125-pvc-egipcio-doble-textura\/","title":{"rendered":"OZ-6028 PVC egipcio de doble textura"},"content":{"rendered":"<p>El material OZ-6028 se produce mediante el espumado a doble cara de PVC sobre tela no tejida. Posteriormente, se utilizan rodillos de gofrado para crear texturas distintas en ambas caras. Una de las caras presenta un dibujo que recuerda a las marcas de la carretera, con l\u00edneas paralelas, y luego se imprime con pigmentos nacarados, imprimiendo al producto un encanto ex\u00f3tico que recuerda al Egipto medieval. La otra cara presenta un estampado cl\u00e1sico de piel de vaca. Para quienes se cansan del estilo opulento, esta textura cl\u00e1sica ofrece una est\u00e9tica alternativa.<\/p>\n<p>Este producto tiene una importante cuota de mercado en Oriente Medio. Dada la arraigada afinidad de la regi\u00f3n por el oro, los consumidores tambi\u00e9n prefieren los productos dorados, lo que ha contribuido a su popularidad.<\/p>","protected":false},"excerpt":{"rendered":"<p>Grosor: 1,90 mm<\/p>\n<p>Anchura: 1,37 m<\/p>\n<p>SOPORTE: DOBLE CARA<\/p>\n<p>APLICACI\u00d3N: MANTEL INDIVIDUAL<\/p>\n<p>OZ-6028: Espuma de PVC de doble cara con marcas de carretera en relieve + amuleto nacarado de inspiraci\u00f3n egipcia en una cara y textura cl\u00e1sica de piel de vaca en el reverso. Su atractivo tono dorado genera una gran demanda en los mercados de Oriente Medio.<\/p>","protected":false},"featured_media":6126,"template":"","meta":{"site-sidebar-layout":"default","site-content-layout":"","ast-site-content-layout":"default","site-content-style":"default","site-sidebar-style":"default","ast-global-header-display":"","ast-banner-title-visibility":"","ast-main-header-display":"","ast-hfb-above-header-display":"","ast-hfb-below-header-display":"","ast-hfb-mobile-header-display":"","site-post-title":"","ast-breadcrumbs-content":"","ast-featured-img":"","footer-sml-layout":"","theme-transparent-header-meta":"default","adv-header-id-meta":"","stick-header-meta":"default","header-above-stick-meta":"","header-main-stick-meta":"","header-below-stick-meta":"","astra-migrate-meta-layouts":"set","ast-page-background-enabled":"default","ast-page-background-meta":{"desktop":{"background-color":"","background-image":"","background-repeat":"repeat","background-position":"center center","background-size":"auto","background-attachment":"scroll","background-type":"","background-media":"","overlay-type":"","overlay-color":"","overlay-opacity":"","overlay-gradient":""},"tablet":{"background-color":"","background-image":"","background-repeat":"repeat","background-position":"center center","background-size":"auto","background-attachment":"scroll","background-type":"","background-media":"","overlay-type":"","overlay-color":"","overlay-opacity":"","overlay-gradient":""},"mobile":{"background-color":"","background-image":"","background-repeat":"repeat","background-position":"center center","background-size":"auto","background-attachment":"scroll","background-type":"","background-media":"","overlay-type":"","overlay-color":"","overlay-opacity":"","overlay-gradient":""}},"ast-content-background-meta":{"desktop":{"background-color":"var(--ast-global-color-5)","background-image":"","background-repeat":"repeat","background-position":"center center","background-size":"auto","background-attachment":"scroll","background-type":"","background-media":"","overlay-type":"","overlay-color":"","overlay-opacity":"","overlay-gradient":""},"tablet":{"background-color":"var(--ast-global-color-5)","background-image":"","background-repeat":"repeat","background-position":"center center","background-size":"auto","background-attachment":"scroll","background-type":"","background-media":"","overlay-type":"","overlay-color":"","overlay-opacity":"","overlay-gradient":""},"mobile":{"background-color":"var(--ast-global-color-5)","background-image":"","background-repeat":"repeat","background-position":"center center","background-size":"auto","background-attachment":"scroll","background-type":"","background-media":"","overlay-type":"","overlay-color":"","overlay-opacity":"","overlay-gradient":""}}},"product_brand":[],"product_cat":[22,71],"product_tag":[],"class_list":{"0":"post-6125","1":"product","2":"type-product","3":"status-publish","4":"has-post-thumbnail","6":"product_cat-synthetic-leather","7":"product_cat-placemat","8":"desktop-align-center","9":"tablet-align-center","10":"mobile-align-center","11":"ast-product-gallery-layout-vertical-slider","12":"ast-magnify-disabled","13":"ast-product-tabs-layout-horizontal","15":"first","16":"instock","17":"shipping-taxable","18":"product-type-simple"},"_links":{"self":[{"href":"https:\/\/www.wzouzhuo.com\/es\/wp-json\/wp\/v2\/product\/6125","targetHints":{"allow":["GET"]}}],"collection":[{"href":"https:\/\/www.wzouzhuo.com\/es\/wp-json\/wp\/v2\/product"}],"about":[{"href":"https:\/\/www.wzouzhuo.com\/es\/wp-json\/wp\/v2\/types\/product"}],"version-history":[{"count":1,"href":"https:\/\/www.wzouzhuo.com\/es\/wp-json\/wp\/v2\/product\/6125\/revisions"}],"predecessor-version":[{"id":6129,"href":"https:\/\/www.wzouzhuo.com\/es\/wp-json\/wp\/v2\/product\/6125\/revisions\/6129"}],"wp:featuredmedia":[{"embeddable":true,"href":"https:\/\/www.wzouzhuo.com\/es\/wp-json\/wp\/v2\/media\/6126"}],"wp:attachment":[{"href":"https:\/\/www.wzouzhuo.com\/es\/wp-json\/wp\/v2\/media?parent=6125"}],"wp:term":[{"taxonomy":"product_brand","embeddable":true,"href":"https:\/\/www.wzouzhuo.com\/es\/wp-json\/wp\/v2\/product_brand?post=6125"},{"taxonomy":"product_cat","embeddable":true,"href":"https:\/\/www.wzouzhuo.com\/es\/wp-json\/wp\/v2\/product_cat?post=6125"},{"taxonomy":"product_tag","embeddable":true,"href":"https:\/\/www.wzouzhuo.com\/es\/wp-json\/wp\/v2\/product_tag?post=6125"}],"curies":[{"name":"wp","href":"https:\/\/api.w.org\/{rel}","templated":true}]}}