{"id":6115,"date":"2025-04-29T01:17:42","date_gmt":"2025-04-29T01:17:42","guid":{"rendered":"https:\/\/www.wzouzhuo.com\/?post_type=product&#038;p=6115"},"modified":"2025-04-29T01:17:42","modified_gmt":"2025-04-29T01:17:42","slug":"oz-6026-dual-texture-pvc-fabric","status":"publish","type":"product","link":"https:\/\/www.wzouzhuo.com\/es\/product\/oz-6026-tejido-pvc-doble-textura\/","title":{"rendered":"OZ-6026 Tejido de PVC de doble textura"},"content":{"rendered":"<p>El material OZ-6026 se produce mediante el espumado a doble cara de PVC sobre tela no tejida. Posteriormente, se emplean rodillos de gofrado para crear diversas texturas. Una de las caras presenta rugosos dibujos de grietas, que luego se imprimen con un efecto bicolor, realzando la tridimensionalidad y a\u00f1adiendo un toque moderno. En la otra cara, hay finas texturas similares a la piel de oveja, una nueva versi\u00f3n evolucionada del cl\u00e1sico patr\u00f3n Nappa.<\/p>\n<p>Este producto reci\u00e9n lanzado se ha convertido r\u00e1pidamente en uno de los favoritos de los fabricantes. Ya se exporta al extranjero en grandes cantidades, lo que demuestra su gran atractivo en el mercado.<\/p>","protected":false},"excerpt":{"rendered":"<p>Grosor: 2,00MM<\/p>\n<p>Anchura: 1,37 m<\/p>\n<p>SOPORTE: DOBLE CARA<\/p>\n<p>APLICACI\u00d3N: MANTEL INDIVIDUAL<\/p>\n<p>OZ-6026 es un material de espuma de PVC de doble cara con resistentes texturas craqueladas + moderna impresi\u00f3n 3D bicolor en una cara y fino relieve tipo piel de oveja en el reverso. Aprobado para la exportaci\u00f3n, duradero y de moda por su atractivo vers\u00e1til y contempor\u00e1neo.<\/p>","protected":false},"featured_media":6116,"template":"","meta":{"site-sidebar-layout":"default","site-content-layout":"","ast-site-content-layout":"default","site-content-style":"default","site-sidebar-style":"default","ast-global-header-display":"","ast-banner-title-visibility":"","ast-main-header-display":"","ast-hfb-above-header-display":"","ast-hfb-below-header-display":"","ast-hfb-mobile-header-display":"","site-post-title":"","ast-breadcrumbs-content":"","ast-featured-img":"","footer-sml-layout":"","theme-transparent-header-meta":"default","adv-header-id-meta":"","stick-header-meta":"default","header-above-stick-meta":"","header-main-stick-meta":"","header-below-stick-meta":"","astra-migrate-meta-layouts":"set","ast-page-background-enabled":"default","ast-page-background-meta":{"desktop":{"background-color":"","background-image":"","background-repeat":"repeat","background-position":"center center","background-size":"auto","background-attachment":"scroll","background-type":"","background-media":"","overlay-type":"","overlay-color":"","overlay-opacity":"","overlay-gradient":""},"tablet":{"background-color":"","background-image":"","background-repeat":"repeat","background-position":"center center","background-size":"auto","background-attachment":"scroll","background-type":"","background-media":"","overlay-type":"","overlay-color":"","overlay-opacity":"","overlay-gradient":""},"mobile":{"background-color":"","background-image":"","background-repeat":"repeat","background-position":"center center","background-size":"auto","background-attachment":"scroll","background-type":"","background-media":"","overlay-type":"","overlay-color":"","overlay-opacity":"","overlay-gradient":""}},"ast-content-background-meta":{"desktop":{"background-color":"var(--ast-global-color-5)","background-image":"","background-repeat":"repeat","background-position":"center center","background-size":"auto","background-attachment":"scroll","background-type":"","background-media":"","overlay-type":"","overlay-color":"","overlay-opacity":"","overlay-gradient":""},"tablet":{"background-color":"var(--ast-global-color-5)","background-image":"","background-repeat":"repeat","background-position":"center center","background-size":"auto","background-attachment":"scroll","background-type":"","background-media":"","overlay-type":"","overlay-color":"","overlay-opacity":"","overlay-gradient":""},"mobile":{"background-color":"var(--ast-global-color-5)","background-image":"","background-repeat":"repeat","background-position":"center center","background-size":"auto","background-attachment":"scroll","background-type":"","background-media":"","overlay-type":"","overlay-color":"","overlay-opacity":"","overlay-gradient":""}}},"product_brand":[],"product_cat":[22,71],"product_tag":[],"class_list":{"0":"post-6115","1":"product","2":"type-product","3":"status-publish","4":"has-post-thumbnail","6":"product_cat-synthetic-leather","7":"product_cat-placemat","8":"desktop-align-center","9":"tablet-align-center","10":"mobile-align-center","11":"ast-product-gallery-layout-vertical-slider","12":"ast-magnify-disabled","13":"ast-product-tabs-layout-horizontal","15":"first","16":"instock","17":"shipping-taxable","18":"product-type-simple"},"_links":{"self":[{"href":"https:\/\/www.wzouzhuo.com\/es\/wp-json\/wp\/v2\/product\/6115","targetHints":{"allow":["GET"]}}],"collection":[{"href":"https:\/\/www.wzouzhuo.com\/es\/wp-json\/wp\/v2\/product"}],"about":[{"href":"https:\/\/www.wzouzhuo.com\/es\/wp-json\/wp\/v2\/types\/product"}],"version-history":[{"count":1,"href":"https:\/\/www.wzouzhuo.com\/es\/wp-json\/wp\/v2\/product\/6115\/revisions"}],"predecessor-version":[{"id":6119,"href":"https:\/\/www.wzouzhuo.com\/es\/wp-json\/wp\/v2\/product\/6115\/revisions\/6119"}],"wp:featuredmedia":[{"embeddable":true,"href":"https:\/\/www.wzouzhuo.com\/es\/wp-json\/wp\/v2\/media\/6116"}],"wp:attachment":[{"href":"https:\/\/www.wzouzhuo.com\/es\/wp-json\/wp\/v2\/media?parent=6115"}],"wp:term":[{"taxonomy":"product_brand","embeddable":true,"href":"https:\/\/www.wzouzhuo.com\/es\/wp-json\/wp\/v2\/product_brand?post=6115"},{"taxonomy":"product_cat","embeddable":true,"href":"https:\/\/www.wzouzhuo.com\/es\/wp-json\/wp\/v2\/product_cat?post=6115"},{"taxonomy":"product_tag","embeddable":true,"href":"https:\/\/www.wzouzhuo.com\/es\/wp-json\/wp\/v2\/product_tag?post=6115"}],"curies":[{"name":"wp","href":"https:\/\/api.w.org\/{rel}","templated":true}]}}