{"id":5982,"date":"2025-04-28T01:34:53","date_gmt":"2025-04-28T01:34:53","guid":{"rendered":"https:\/\/www.wzouzhuo.com\/?post_type=product&#038;p=5982"},"modified":"2025-04-28T01:34:53","modified_gmt":"2025-04-28T01:34:53","slug":"oz-6024-lychee-two-tone-pvc","status":"publish","type":"product","link":"https:\/\/www.wzouzhuo.com\/es\/product\/oz-6024-lichi-dos-tonos-pvc\/","title":{"rendered":"OZ-6024 PVC bicolor lichi"},"content":{"rendered":"<p>El material OZ-6024 se produce mediante el espumado por ambas caras de PVC sobre tela no tejida. Posteriormente, se emplean rodillos de gofrado para crear patrones de lichi irregulares en ambas caras. A continuaci\u00f3n, se aplica un proceso de impresi\u00f3n que confiere un efecto bicolor a la superficie. Esto no s\u00f3lo a\u00f1ade un toque din\u00e1mico al producto, sino que tambi\u00e9n realza su est\u00e9tica retro, haci\u00e9ndolo visualmente atractivo y elegante.<\/p>\n<p>Gracias a sus motivos de lichi cl\u00e1sicos y vintage, este producto se ha ganado el coraz\u00f3n de los clientes de Oriente Pr\u00f3ximo y se ha convertido en un \u00e9xito de ventas de larga tradici\u00f3n en el mercado.<\/p>","protected":false},"excerpt":{"rendered":"<p>Grosor: 1,80 mm<\/p>\n<p>Anchura: 1,37 m<\/p>\n<p>SOPORTE: DOBLE CARA<\/p>\n<p>APLICACI\u00d3N: MANTEL INDIVIDUAL<\/p>\n<p>OZ-6024 combina espuma de PVC de doble cara sobre tela no tejida con motivos de lichi en relieve y un din\u00e1mico estampado bicolor, realzando su encanto retro. Favorito en Oriente Medio, este material duradero y f\u00e1cil de limpiar redefine la decoraci\u00f3n de inspiraci\u00f3n vintage.<\/p>","protected":false},"featured_media":5983,"template":"","meta":{"site-sidebar-layout":"default","site-content-layout":"","ast-site-content-layout":"default","site-content-style":"default","site-sidebar-style":"default","ast-global-header-display":"","ast-banner-title-visibility":"","ast-main-header-display":"","ast-hfb-above-header-display":"","ast-hfb-below-header-display":"","ast-hfb-mobile-header-display":"","site-post-title":"","ast-breadcrumbs-content":"","ast-featured-img":"","footer-sml-layout":"","theme-transparent-header-meta":"default","adv-header-id-meta":"","stick-header-meta":"default","header-above-stick-meta":"","header-main-stick-meta":"","header-below-stick-meta":"","astra-migrate-meta-layouts":"set","ast-page-background-enabled":"default","ast-page-background-meta":{"desktop":{"background-color":"","background-image":"","background-repeat":"repeat","background-position":"center center","background-size":"auto","background-attachment":"scroll","background-type":"","background-media":"","overlay-type":"","overlay-color":"","overlay-opacity":"","overlay-gradient":""},"tablet":{"background-color":"","background-image":"","background-repeat":"repeat","background-position":"center center","background-size":"auto","background-attachment":"scroll","background-type":"","background-media":"","overlay-type":"","overlay-color":"","overlay-opacity":"","overlay-gradient":""},"mobile":{"background-color":"","background-image":"","background-repeat":"repeat","background-position":"center center","background-size":"auto","background-attachment":"scroll","background-type":"","background-media":"","overlay-type":"","overlay-color":"","overlay-opacity":"","overlay-gradient":""}},"ast-content-background-meta":{"desktop":{"background-color":"var(--ast-global-color-5)","background-image":"","background-repeat":"repeat","background-position":"center center","background-size":"auto","background-attachment":"scroll","background-type":"","background-media":"","overlay-type":"","overlay-color":"","overlay-opacity":"","overlay-gradient":""},"tablet":{"background-color":"var(--ast-global-color-5)","background-image":"","background-repeat":"repeat","background-position":"center center","background-size":"auto","background-attachment":"scroll","background-type":"","background-media":"","overlay-type":"","overlay-color":"","overlay-opacity":"","overlay-gradient":""},"mobile":{"background-color":"var(--ast-global-color-5)","background-image":"","background-repeat":"repeat","background-position":"center center","background-size":"auto","background-attachment":"scroll","background-type":"","background-media":"","overlay-type":"","overlay-color":"","overlay-opacity":"","overlay-gradient":""}}},"product_brand":[],"product_cat":[22,71],"product_tag":[],"class_list":{"0":"post-5982","1":"product","2":"type-product","3":"status-publish","4":"has-post-thumbnail","6":"product_cat-synthetic-leather","7":"product_cat-placemat","8":"desktop-align-center","9":"tablet-align-center","10":"mobile-align-center","11":"ast-product-gallery-layout-vertical-slider","12":"ast-magnify-disabled","13":"ast-product-tabs-layout-horizontal","15":"first","16":"instock","17":"shipping-taxable","18":"product-type-simple"},"_links":{"self":[{"href":"https:\/\/www.wzouzhuo.com\/es\/wp-json\/wp\/v2\/product\/5982","targetHints":{"allow":["GET"]}}],"collection":[{"href":"https:\/\/www.wzouzhuo.com\/es\/wp-json\/wp\/v2\/product"}],"about":[{"href":"https:\/\/www.wzouzhuo.com\/es\/wp-json\/wp\/v2\/types\/product"}],"version-history":[{"count":1,"href":"https:\/\/www.wzouzhuo.com\/es\/wp-json\/wp\/v2\/product\/5982\/revisions"}],"predecessor-version":[{"id":5986,"href":"https:\/\/www.wzouzhuo.com\/es\/wp-json\/wp\/v2\/product\/5982\/revisions\/5986"}],"wp:featuredmedia":[{"embeddable":true,"href":"https:\/\/www.wzouzhuo.com\/es\/wp-json\/wp\/v2\/media\/5983"}],"wp:attachment":[{"href":"https:\/\/www.wzouzhuo.com\/es\/wp-json\/wp\/v2\/media?parent=5982"}],"wp:term":[{"taxonomy":"product_brand","embeddable":true,"href":"https:\/\/www.wzouzhuo.com\/es\/wp-json\/wp\/v2\/product_brand?post=5982"},{"taxonomy":"product_cat","embeddable":true,"href":"https:\/\/www.wzouzhuo.com\/es\/wp-json\/wp\/v2\/product_cat?post=5982"},{"taxonomy":"product_tag","embeddable":true,"href":"https:\/\/www.wzouzhuo.com\/es\/wp-json\/wp\/v2\/product_tag?post=5982"}],"curies":[{"name":"wp","href":"https:\/\/api.w.org\/{rel}","templated":true}]}}