{"id":5966,"date":"2025-04-28T01:21:14","date_gmt":"2025-04-28T01:21:14","guid":{"rendered":"https:\/\/www.wzouzhuo.com\/?post_type=product&#038;p=5966"},"modified":"2025-04-28T01:21:14","modified_gmt":"2025-04-28T01:21:14","slug":"oz-6021-denim-calf-pvc","status":"publish","type":"product","link":"https:\/\/www.wzouzhuo.com\/es\/product\/oz-6021-denim-becerro-pvc\/","title":{"rendered":"OZ-6021 Denim-Calf PVC"},"content":{"rendered":"<p>El material OZ-6021 se fabrica espumando PVC por las dos caras sobre tela no tejida. Posteriormente, se utiliza un rodillo de gofrado para crear patrones triangulares en una de las caras, imitando la textura de la tela vaquera. Este dise\u00f1o desprende un encanto retro y moderno a la vez. En el lado opuesto, se repuja el estampado atemporal de la pantorrilla. La OZ-6021 combina a la perfecci\u00f3n elementos cl\u00e1sicos y de moda, dando como resultado un producto que atrae a una amplia gama de gustos.<\/p>\n<p>Este producto ha ganado una inmensa popularidad entre los dise\u00f1adores, sirviendo como rica fuente de inspiraci\u00f3n para sus esfuerzos creativos. Les ha permitido crear una gran variedad de manteles individuales con formas \u00fanicas, cada uno de ellos testimonio de su ingenio. Los productos finales han recibido elogios generalizados de los usuarios, lo que consolida el estatus de este material como favorito tanto en la comunidad del dise\u00f1o como en la del consumo.<\/p>","protected":false},"excerpt":{"rendered":"<p>Grosor: 1,80 mm<\/p>\n<p>Anchura: 1,37 m<\/p>\n<p>SOPORTE: DOBLE CARA<\/p>\n<p>APLICACI\u00d3N: MANTEL INDIVIDUAL<\/p>\n<p>OZ-6021 presenta espuma de PVC de doble textura sobre tejido no tejido: motivos vaqueros retro por un lado y estampado de ternera atemporal por el otro. Un favorito de los dise\u00f1adores para crear manteles individuales \u00fanicos y aclamados que combinan estilos retro y cl\u00e1sicos.<\/p>","protected":false},"featured_media":5967,"template":"","meta":{"site-sidebar-layout":"default","site-content-layout":"","ast-site-content-layout":"default","site-content-style":"default","site-sidebar-style":"default","ast-global-header-display":"","ast-banner-title-visibility":"","ast-main-header-display":"","ast-hfb-above-header-display":"","ast-hfb-below-header-display":"","ast-hfb-mobile-header-display":"","site-post-title":"","ast-breadcrumbs-content":"","ast-featured-img":"","footer-sml-layout":"","theme-transparent-header-meta":"default","adv-header-id-meta":"","stick-header-meta":"default","header-above-stick-meta":"","header-main-stick-meta":"","header-below-stick-meta":"","astra-migrate-meta-layouts":"set","ast-page-background-enabled":"default","ast-page-background-meta":{"desktop":{"background-color":"","background-image":"","background-repeat":"repeat","background-position":"center center","background-size":"auto","background-attachment":"scroll","background-type":"","background-media":"","overlay-type":"","overlay-color":"","overlay-opacity":"","overlay-gradient":""},"tablet":{"background-color":"","background-image":"","background-repeat":"repeat","background-position":"center center","background-size":"auto","background-attachment":"scroll","background-type":"","background-media":"","overlay-type":"","overlay-color":"","overlay-opacity":"","overlay-gradient":""},"mobile":{"background-color":"","background-image":"","background-repeat":"repeat","background-position":"center center","background-size":"auto","background-attachment":"scroll","background-type":"","background-media":"","overlay-type":"","overlay-color":"","overlay-opacity":"","overlay-gradient":""}},"ast-content-background-meta":{"desktop":{"background-color":"var(--ast-global-color-5)","background-image":"","background-repeat":"repeat","background-position":"center center","background-size":"auto","background-attachment":"scroll","background-type":"","background-media":"","overlay-type":"","overlay-color":"","overlay-opacity":"","overlay-gradient":""},"tablet":{"background-color":"var(--ast-global-color-5)","background-image":"","background-repeat":"repeat","background-position":"center center","background-size":"auto","background-attachment":"scroll","background-type":"","background-media":"","overlay-type":"","overlay-color":"","overlay-opacity":"","overlay-gradient":""},"mobile":{"background-color":"var(--ast-global-color-5)","background-image":"","background-repeat":"repeat","background-position":"center center","background-size":"auto","background-attachment":"scroll","background-type":"","background-media":"","overlay-type":"","overlay-color":"","overlay-opacity":"","overlay-gradient":""}}},"product_brand":[],"product_cat":[22,71],"product_tag":[],"class_list":{"0":"post-5966","1":"product","2":"type-product","3":"status-publish","4":"has-post-thumbnail","6":"product_cat-synthetic-leather","7":"product_cat-placemat","8":"desktop-align-center","9":"tablet-align-center","10":"mobile-align-center","11":"ast-product-gallery-layout-vertical-slider","12":"ast-magnify-disabled","13":"ast-product-tabs-layout-horizontal","15":"first","16":"instock","17":"shipping-taxable","18":"product-type-simple"},"_links":{"self":[{"href":"https:\/\/www.wzouzhuo.com\/es\/wp-json\/wp\/v2\/product\/5966","targetHints":{"allow":["GET"]}}],"collection":[{"href":"https:\/\/www.wzouzhuo.com\/es\/wp-json\/wp\/v2\/product"}],"about":[{"href":"https:\/\/www.wzouzhuo.com\/es\/wp-json\/wp\/v2\/types\/product"}],"version-history":[{"count":1,"href":"https:\/\/www.wzouzhuo.com\/es\/wp-json\/wp\/v2\/product\/5966\/revisions"}],"predecessor-version":[{"id":5970,"href":"https:\/\/www.wzouzhuo.com\/es\/wp-json\/wp\/v2\/product\/5966\/revisions\/5970"}],"wp:featuredmedia":[{"embeddable":true,"href":"https:\/\/www.wzouzhuo.com\/es\/wp-json\/wp\/v2\/media\/5967"}],"wp:attachment":[{"href":"https:\/\/www.wzouzhuo.com\/es\/wp-json\/wp\/v2\/media?parent=5966"}],"wp:term":[{"taxonomy":"product_brand","embeddable":true,"href":"https:\/\/www.wzouzhuo.com\/es\/wp-json\/wp\/v2\/product_brand?post=5966"},{"taxonomy":"product_cat","embeddable":true,"href":"https:\/\/www.wzouzhuo.com\/es\/wp-json\/wp\/v2\/product_cat?post=5966"},{"taxonomy":"product_tag","embeddable":true,"href":"https:\/\/www.wzouzhuo.com\/es\/wp-json\/wp\/v2\/product_tag?post=5966"}],"curies":[{"name":"wp","href":"https:\/\/api.w.org\/{rel}","templated":true}]}}