{"id":5956,"date":"2025-04-28T01:13:04","date_gmt":"2025-04-28T01:13:04","guid":{"rendered":"https:\/\/www.wzouzhuo.com\/?post_type=product&#038;p=5956"},"modified":"2025-04-28T01:13:04","modified_gmt":"2025-04-28T01:13:04","slug":"oz-6019-floral-textured-pvc-fabric","status":"publish","type":"product","link":"https:\/\/www.wzouzhuo.com\/es\/product\/oz-6019-tejido-pvc-texturizado-floral\/","title":{"rendered":"OZ-6019 Tejido de PVC con textura floral"},"content":{"rendered":"<p>El material OZ-6019 se fabrica espumando PVC por las dos caras sobre un tejido no tejido. A continuaci\u00f3n, se utilizan rodillos de gofrado para crear motivos florales en la superficie, que luego se imprime. Una de las caras tiene una textura similar a la piel de oveja, mientras que la otra presenta motivos florales. Los clientes pueden utilizar el producto seg\u00fan sus preferencias.<\/p>\n<p>Los motivos florales de su superficie la convierten en una opci\u00f3n muy solicitada para decorar espacios con una est\u00e9tica fresca y minimalista. Desprende un encanto sencillo pero vintage, sin dejar de mantener una sensaci\u00f3n de alta calidad y sofisticaci\u00f3n.<\/p>","protected":false},"excerpt":{"rendered":"<p>Grosor: 1,90 mm<\/p>\n<p>Anchura: 1,37 m<\/p>\n<p>SOPORTE: DOBLE CARA<\/p>\n<p>APLICACI\u00d3N: MANTEL INDIVIDUAL<\/p>\n<p class=\"ds-markdown-paragraph\">Espuma de PVC de doble cara sobre tela no tejida, estampada con motivos florales. Caracter\u00edsticas:<\/p>\n<ul>\n<li>\n<p class=\"ds-markdown-paragraph\"><strong>Doble textura<\/strong>\u00a0(tacto de piel de oveja + dise\u00f1o floral)<\/p>\n<\/li>\n<li>\n<p class=\"ds-markdown-paragraph\"><strong>Est\u00e9tica vintage-moderna<\/strong>\u00a0(minimalista pero sofisticado)<\/p>\n<\/li>\n<li>\n<p class=\"ds-markdown-paragraph\"><strong>Uso decorativo vers\u00e1til<\/strong>\u00a0(dar la vuelta a las caras para que coincidan con las preferencias)<\/p>\n<\/li>\n<\/ul>\n<p class=\"ds-markdown-paragraph\">Ideal para espacios frescos y de alta gama que buscan un encanto atemporal.<\/p>","protected":false},"featured_media":5957,"template":"","meta":{"site-sidebar-layout":"default","site-content-layout":"","ast-site-content-layout":"default","site-content-style":"default","site-sidebar-style":"default","ast-global-header-display":"","ast-banner-title-visibility":"","ast-main-header-display":"","ast-hfb-above-header-display":"","ast-hfb-below-header-display":"","ast-hfb-mobile-header-display":"","site-post-title":"","ast-breadcrumbs-content":"","ast-featured-img":"","footer-sml-layout":"","theme-transparent-header-meta":"default","adv-header-id-meta":"","stick-header-meta":"default","header-above-stick-meta":"","header-main-stick-meta":"","header-below-stick-meta":"","astra-migrate-meta-layouts":"set","ast-page-background-enabled":"default","ast-page-background-meta":{"desktop":{"background-color":"","background-image":"","background-repeat":"repeat","background-position":"center center","background-size":"auto","background-attachment":"scroll","background-type":"","background-media":"","overlay-type":"","overlay-color":"","overlay-opacity":"","overlay-gradient":""},"tablet":{"background-color":"","background-image":"","background-repeat":"repeat","background-position":"center center","background-size":"auto","background-attachment":"scroll","background-type":"","background-media":"","overlay-type":"","overlay-color":"","overlay-opacity":"","overlay-gradient":""},"mobile":{"background-color":"","background-image":"","background-repeat":"repeat","background-position":"center center","background-size":"auto","background-attachment":"scroll","background-type":"","background-media":"","overlay-type":"","overlay-color":"","overlay-opacity":"","overlay-gradient":""}},"ast-content-background-meta":{"desktop":{"background-color":"var(--ast-global-color-5)","background-image":"","background-repeat":"repeat","background-position":"center center","background-size":"auto","background-attachment":"scroll","background-type":"","background-media":"","overlay-type":"","overlay-color":"","overlay-opacity":"","overlay-gradient":""},"tablet":{"background-color":"var(--ast-global-color-5)","background-image":"","background-repeat":"repeat","background-position":"center center","background-size":"auto","background-attachment":"scroll","background-type":"","background-media":"","overlay-type":"","overlay-color":"","overlay-opacity":"","overlay-gradient":""},"mobile":{"background-color":"var(--ast-global-color-5)","background-image":"","background-repeat":"repeat","background-position":"center center","background-size":"auto","background-attachment":"scroll","background-type":"","background-media":"","overlay-type":"","overlay-color":"","overlay-opacity":"","overlay-gradient":""}}},"product_brand":[],"product_cat":[22,71],"product_tag":[],"class_list":{"0":"post-5956","1":"product","2":"type-product","3":"status-publish","4":"has-post-thumbnail","6":"product_cat-synthetic-leather","7":"product_cat-placemat","8":"desktop-align-center","9":"tablet-align-center","10":"mobile-align-center","11":"ast-product-gallery-layout-vertical-slider","12":"ast-magnify-disabled","13":"ast-product-tabs-layout-horizontal","15":"first","16":"instock","17":"shipping-taxable","18":"product-type-simple"},"_links":{"self":[{"href":"https:\/\/www.wzouzhuo.com\/es\/wp-json\/wp\/v2\/product\/5956","targetHints":{"allow":["GET"]}}],"collection":[{"href":"https:\/\/www.wzouzhuo.com\/es\/wp-json\/wp\/v2\/product"}],"about":[{"href":"https:\/\/www.wzouzhuo.com\/es\/wp-json\/wp\/v2\/types\/product"}],"version-history":[{"count":1,"href":"https:\/\/www.wzouzhuo.com\/es\/wp-json\/wp\/v2\/product\/5956\/revisions"}],"predecessor-version":[{"id":5960,"href":"https:\/\/www.wzouzhuo.com\/es\/wp-json\/wp\/v2\/product\/5956\/revisions\/5960"}],"wp:featuredmedia":[{"embeddable":true,"href":"https:\/\/www.wzouzhuo.com\/es\/wp-json\/wp\/v2\/media\/5957"}],"wp:attachment":[{"href":"https:\/\/www.wzouzhuo.com\/es\/wp-json\/wp\/v2\/media?parent=5956"}],"wp:term":[{"taxonomy":"product_brand","embeddable":true,"href":"https:\/\/www.wzouzhuo.com\/es\/wp-json\/wp\/v2\/product_brand?post=5956"},{"taxonomy":"product_cat","embeddable":true,"href":"https:\/\/www.wzouzhuo.com\/es\/wp-json\/wp\/v2\/product_cat?post=5956"},{"taxonomy":"product_tag","embeddable":true,"href":"https:\/\/www.wzouzhuo.com\/es\/wp-json\/wp\/v2\/product_tag?post=5956"}],"curies":[{"name":"wp","href":"https:\/\/api.w.org\/{rel}","templated":true}]}}