{"id":5951,"date":"2025-04-28T01:10:01","date_gmt":"2025-04-28T01:10:01","guid":{"rendered":"https:\/\/www.wzouzhuo.com\/?post_type=product&#038;p=5951"},"modified":"2025-04-28T01:10:01","modified_gmt":"2025-04-28T01:10:01","slug":"oz-6018-weatherproof-textured","status":"publish","type":"product","link":"https:\/\/www.wzouzhuo.com\/es\/product\/oz-6018-resistente-a-la-intemperie-texturizado\/","title":{"rendered":"OZ-6018 Tejido de PVC texturizado resistente a la intemperie"},"content":{"rendered":"<p>El material OZ-6018 se fabrica mediante el espumado a doble cara de PVC sobre una tela base no tejida. Posteriormente, se utilizan rodillos de gofrado para crear patrones tridimensionales en forma de l\u00e1grima en la superficie, que luego se imprimen. Gracias a la t\u00e9cnica de procesamiento por las dos caras, tanto el anverso como el reverso del producto son funcionales y utilizables, lo que proporciona una mayor versatilidad.<\/p>\n<p>Los clientes aprecian mucho la sensaci\u00f3n t\u00e1ctil de la superficie texturizada, con su tacto granulado.  Gracias a las propiedades inherentes del PVC, que garantizan una excelente resistencia a condiciones clim\u00e1ticas adversas como la exposici\u00f3n al sol y los fuertes vientos, este material se utiliza ampliamente en productos de exterior.<\/p>","protected":false},"excerpt":{"rendered":"<p>Grosor: 1,90 mm<\/p>\n<p>Anchura: 1,37 m<\/p>\n<p>SOPORTE: DOBLE CARA<\/p>\n<p>APLICACI\u00d3N: MANTEL INDIVIDUAL<\/p>\n<p class=\"ds-markdown-paragraph\">Espuma de PVC de doble cara sobre tela no tejida, estampada con motivos de l\u00e1grimas en 3D para un acabado t\u00e1ctil y granulado. Caracter\u00edsticas:<\/p>\n<ul>\n<li>\n<p class=\"ds-markdown-paragraph\"><strong>Uso por ambos lados<\/strong>\u00a0(funcional delante\/detr\u00e1s)<\/p>\n<\/li>\n<li>\n<p class=\"ds-markdown-paragraph\"><strong>Resistente al sol y al viento<\/strong>\u00a0(ideal para exteriores)<\/p>\n<\/li>\n<li>\n<p class=\"ds-markdown-paragraph\"><strong>Textura Premium<\/strong>\u00a0(sensaci\u00f3n t\u00e1ctil apreciada por los clientes)<\/p>\n<\/li>\n<\/ul>\n<p class=\"ds-markdown-paragraph\">Compacta, duradera y vers\u00e1til para productos de exterior.<\/p>","protected":false},"featured_media":5952,"template":"","meta":{"site-sidebar-layout":"default","site-content-layout":"","ast-site-content-layout":"default","site-content-style":"default","site-sidebar-style":"default","ast-global-header-display":"","ast-banner-title-visibility":"","ast-main-header-display":"","ast-hfb-above-header-display":"","ast-hfb-below-header-display":"","ast-hfb-mobile-header-display":"","site-post-title":"","ast-breadcrumbs-content":"","ast-featured-img":"","footer-sml-layout":"","theme-transparent-header-meta":"default","adv-header-id-meta":"","stick-header-meta":"default","header-above-stick-meta":"","header-main-stick-meta":"","header-below-stick-meta":"","astra-migrate-meta-layouts":"set","ast-page-background-enabled":"default","ast-page-background-meta":{"desktop":{"background-color":"","background-image":"","background-repeat":"repeat","background-position":"center center","background-size":"auto","background-attachment":"scroll","background-type":"","background-media":"","overlay-type":"","overlay-color":"","overlay-opacity":"","overlay-gradient":""},"tablet":{"background-color":"","background-image":"","background-repeat":"repeat","background-position":"center center","background-size":"auto","background-attachment":"scroll","background-type":"","background-media":"","overlay-type":"","overlay-color":"","overlay-opacity":"","overlay-gradient":""},"mobile":{"background-color":"","background-image":"","background-repeat":"repeat","background-position":"center center","background-size":"auto","background-attachment":"scroll","background-type":"","background-media":"","overlay-type":"","overlay-color":"","overlay-opacity":"","overlay-gradient":""}},"ast-content-background-meta":{"desktop":{"background-color":"var(--ast-global-color-5)","background-image":"","background-repeat":"repeat","background-position":"center center","background-size":"auto","background-attachment":"scroll","background-type":"","background-media":"","overlay-type":"","overlay-color":"","overlay-opacity":"","overlay-gradient":""},"tablet":{"background-color":"var(--ast-global-color-5)","background-image":"","background-repeat":"repeat","background-position":"center center","background-size":"auto","background-attachment":"scroll","background-type":"","background-media":"","overlay-type":"","overlay-color":"","overlay-opacity":"","overlay-gradient":""},"mobile":{"background-color":"var(--ast-global-color-5)","background-image":"","background-repeat":"repeat","background-position":"center center","background-size":"auto","background-attachment":"scroll","background-type":"","background-media":"","overlay-type":"","overlay-color":"","overlay-opacity":"","overlay-gradient":""}}},"product_brand":[],"product_cat":[22,71],"product_tag":[],"class_list":{"0":"post-5951","1":"product","2":"type-product","3":"status-publish","4":"has-post-thumbnail","6":"product_cat-synthetic-leather","7":"product_cat-placemat","8":"desktop-align-center","9":"tablet-align-center","10":"mobile-align-center","11":"ast-product-gallery-layout-vertical-slider","12":"ast-magnify-disabled","13":"ast-product-tabs-layout-horizontal","15":"first","16":"instock","17":"shipping-taxable","18":"product-type-simple"},"_links":{"self":[{"href":"https:\/\/www.wzouzhuo.com\/es\/wp-json\/wp\/v2\/product\/5951","targetHints":{"allow":["GET"]}}],"collection":[{"href":"https:\/\/www.wzouzhuo.com\/es\/wp-json\/wp\/v2\/product"}],"about":[{"href":"https:\/\/www.wzouzhuo.com\/es\/wp-json\/wp\/v2\/types\/product"}],"version-history":[{"count":1,"href":"https:\/\/www.wzouzhuo.com\/es\/wp-json\/wp\/v2\/product\/5951\/revisions"}],"predecessor-version":[{"id":5955,"href":"https:\/\/www.wzouzhuo.com\/es\/wp-json\/wp\/v2\/product\/5951\/revisions\/5955"}],"wp:featuredmedia":[{"embeddable":true,"href":"https:\/\/www.wzouzhuo.com\/es\/wp-json\/wp\/v2\/media\/5952"}],"wp:attachment":[{"href":"https:\/\/www.wzouzhuo.com\/es\/wp-json\/wp\/v2\/media?parent=5951"}],"wp:term":[{"taxonomy":"product_brand","embeddable":true,"href":"https:\/\/www.wzouzhuo.com\/es\/wp-json\/wp\/v2\/product_brand?post=5951"},{"taxonomy":"product_cat","embeddable":true,"href":"https:\/\/www.wzouzhuo.com\/es\/wp-json\/wp\/v2\/product_cat?post=5951"},{"taxonomy":"product_tag","embeddable":true,"href":"https:\/\/www.wzouzhuo.com\/es\/wp-json\/wp\/v2\/product_tag?post=5951"}],"curies":[{"name":"wp","href":"https:\/\/api.w.org\/{rel}","templated":true}]}}